{"id":20032,"date":"2025-10-24T10:50:14","date_gmt":"2025-10-24T08:50:14","guid":{"rendered":"https:\/\/ritosa.click.si\/?post_type=product&#038;p=20032"},"modified":"2025-10-24T10:53:43","modified_gmt":"2025-10-24T08:53:43","slug":"kolesarska-majica-elan-2","status":"publish","type":"product","link":"https:\/\/ritosa.click.si\/hr\/ducan\/biciklizam\/oprema-za-biciklizam\/kolesarska-oblacila\/enska-oblacila\/zenske-majice\/kolesarska-majica-elan-2\/","title":{"rendered":"Biciklisti\u010dki dres Elan"},"content":{"rendered":"<p>\u017denski biciklisti\u010dki dres Elan nudi sve \u0161to je biciklistima na gravel stazama potrebno za skupljanje kilometara. Nudi savr\u0161enu ravnote\u017eu udobnosti, prozra\u010dnosti i fleksibilnosti za udobnu vo\u017enju. Pripijeni kroj osigurava udobnost i performanse, dok patentni zatvara\u010d cijele duljine osigurava prozra\u010dnost i regulaciju temperature. Dres je opremljen s tri stra\u017enja d\u017eepa za osnovne stvari i d\u017eepom s patentnim zatvara\u010dem za sigurno spremanje dragocjenosti poput klju\u010deva ili mobitela. Elasti\u010dni pojas s protukliznim silikonom dr\u017ei dres na mjestu bez obzira na to koliko sna\u017eno vozite. Zalijepljeni \u0161avovi na rukavima pove\u0107avaju udobnost i smanjuju trenje, \u0161to je posebno va\u017eno pri vi\u0161esatnoj vo\u017enji biciklom. Reflektiraju\u0107i elementi pove\u0107avaju vidljivost i sigurnost u uvjetima slabog osvjetljenja.<\/p>\n<div class=\"pdp-attributes__collapsible allow active\" role=\"tab\" data-role=\"collapsible\" data-collapsible=\"true\" aria-expanded=\"true\">\n<div class=\"pdp-attributes__trigger\" data-role=\"trigger\">\n<p class=\"pdp-attributes__title\"><strong>Klju\u010dne zna\u010dajke<\/strong><\/p>\n<\/div>\n<div class=\"pdp-attributes__content\" role=\"tabpanel\" data-role=\"content\" aria-hidden=\"false\">\n<div class=\"pdp-attributes__sustainability\">\n<ul class=\"checkmark\">\n<li>Zatvara\u010d po cijeloj du\u017eini sprijeda<\/li>\n<li>Tri stra\u017enja d\u017eepa<\/li>\n<li>Stra\u017enji d\u017eep s patentnim zatvara\u010dem<\/li>\n<li>Elasti\u010dni pojas s protukliznim silikonom<\/li>\n<li>Zalijepljeni \u0161avovi rukava<\/li>\n<li>Lagana, brzosu\u0161e\u0107a, rastezljiva tkanina<\/li>\n<li>Reflektiraju\u0107i elementi dizajna<\/li>\n<li>Optimizirano za aerodinamiku<\/li>\n<li>Udobno i savr\u0161eno pristajanje<\/li>\n<li>MATERIJAL: 100% Poliester<\/li>\n<\/ul>\n<\/div>\n<\/div>\n<\/div>","protected":false},"excerpt":{"rendered":"<p>\u017denski biciklisti\u010dki dres Elan je uski dres za biciklisti\u010dke avanture po \u0161ljunku, izra\u0111en od udobne, prozra\u010dne i brzosu\u0161e\u0107e tkanine. Reflektiraju\u0107i detalji osiguravaju vidljivost, dok prakti\u010dni d\u017eepovi i patentni zatvara\u010d cijelom duljinom omogu\u0107uju jednostavan pristup i dodatnu prozra\u010dnost. Izvrstan je izbor za svaku biciklisti\u010dku avanturu.<\/p>","protected":false},"featured_media":20035,"template":"","meta":{"_acf_changed":false,"inline_featured_image":false},"product_brand":[677],"product_cat":[625],"product_tag":[1946,1991,1990,1994,1992,1200],"class_list":{"0":"post-20032","1":"product","2":"type-product","3":"status-publish","4":"has-post-thumbnail","6":"product_brand-elan","7":"product_cat-zenske-majice","8":"product_tag-elan","9":"product_tag-kolesarska-majica","10":"product_tag-kolesarska-majica-elan","11":"product_tag-kolesarska-majica-elan-siva","12":"product_tag-majica-elan","13":"product_tag-moski","14":"pa_velikost-l","15":"pa_velikost-m","17":"first","18":"instock","19":"sale","20":"taxable","21":"shipping-taxable","22":"purchasable","23":"product-type-variable"},"acf":[],"_links":{"self":[{"href":"https:\/\/ritosa.click.si\/hr\/wp-json\/wp\/v2\/product\/20032","targetHints":{"allow":["GET"]}}],"collection":[{"href":"https:\/\/ritosa.click.si\/hr\/wp-json\/wp\/v2\/product"}],"about":[{"href":"https:\/\/ritosa.click.si\/hr\/wp-json\/wp\/v2\/types\/product"}],"wp:featuredmedia":[{"embeddable":true,"href":"https:\/\/ritosa.click.si\/hr\/wp-json\/wp\/v2\/media\/20035"}],"wp:attachment":[{"href":"https:\/\/ritosa.click.si\/hr\/wp-json\/wp\/v2\/media?parent=20032"}],"wp:term":[{"taxonomy":"product_brand","embeddable":true,"href":"https:\/\/ritosa.click.si\/hr\/wp-json\/wp\/v2\/product_brand?post=20032"},{"taxonomy":"product_cat","embeddable":true,"href":"https:\/\/ritosa.click.si\/hr\/wp-json\/wp\/v2\/product_cat?post=20032"},{"taxonomy":"product_tag","embeddable":true,"href":"https:\/\/ritosa.click.si\/hr\/wp-json\/wp\/v2\/product_tag?post=20032"}],"curies":[{"name":"radni list","href":"https:\/\/api.w.org\/{rel}","templated":true}]}}