{"id":19937,"date":"2025-10-21T18:19:53","date_gmt":"2025-10-21T16:19:53","guid":{"rendered":"https:\/\/ritosa.click.si\/?post_type=product&#038;p=19937"},"modified":"2025-10-21T18:24:26","modified_gmt":"2025-10-21T16:24:26","slug":"kolesarske-rokavice-force-kid-square","status":"publish","type":"product","link":"https:\/\/ritosa.click.si\/hr\/ducan\/biciklizam\/oprema-za-biciklizam\/kolesarske-rokavice\/otroske-kolesarske-rokavice\/kolesarske-rokavice-force-kid-square\/","title":{"rendered":"Biciklisti\u010dke rukavice Force KID SQUARE"},"content":{"rendered":"<p>Unutarnji sloj dlana izra\u0111en je od neklizaju\u0107eg noban materijala, vanjska strana palca izra\u0111ena je od mekog frotira, pogodnog za brisanje nosa. Mekani umeci po cijelom dlanu, reflektiraju\u0107i logo.<\/p>\n<p>Materijal: 85% poliester, 10% elastan, 5% najlon<\/p>","protected":false},"excerpt":{"rendered":"<p>Dje\u010dje biciklisti\u010dke rukavice Force KID SQUARE.<\/p>\n<p>Slika je simboli\u010dna, u stvarnom \u017eivotu ljubi\u010dasta je dio jarko ru\u017ei\u010daste boje.<\/p>","protected":false},"featured_media":19927,"template":"","meta":{"_acf_changed":false,"inline_featured_image":false},"product_brand":[1559],"product_cat":[581],"product_tag":[1881,1883,1884,1826,1878,1880,1882,1879],"class_list":{"0":"post-19937","1":"product","2":"type-product","3":"status-publish","4":"has-post-thumbnail","6":"product_brand-force","7":"product_cat-otroske-kolesarske-rokavice","8":"product_tag-force-kid","9":"product_tag-force-kid-square","10":"product_tag-kid-square","11":"product_tag-kolesarske-rokavice","12":"product_tag-kolesarske-rokavice-force","13":"product_tag-kolesarske-rokavice-force-kid","14":"product_tag-kolesarske-rokavice-force-kid-square","15":"product_tag-otroske-kolesarske-rokavice","16":"pa_velikost-m","17":"pa_velikost-s","19":"first","20":"instock","21":"sale","22":"taxable","23":"shipping-taxable","24":"purchasable","25":"product-type-variable"},"acf":[],"_links":{"self":[{"href":"https:\/\/ritosa.click.si\/hr\/wp-json\/wp\/v2\/product\/19937","targetHints":{"allow":["GET"]}}],"collection":[{"href":"https:\/\/ritosa.click.si\/hr\/wp-json\/wp\/v2\/product"}],"about":[{"href":"https:\/\/ritosa.click.si\/hr\/wp-json\/wp\/v2\/types\/product"}],"wp:featuredmedia":[{"embeddable":true,"href":"https:\/\/ritosa.click.si\/hr\/wp-json\/wp\/v2\/media\/19927"}],"wp:attachment":[{"href":"https:\/\/ritosa.click.si\/hr\/wp-json\/wp\/v2\/media?parent=19937"}],"wp:term":[{"taxonomy":"product_brand","embeddable":true,"href":"https:\/\/ritosa.click.si\/hr\/wp-json\/wp\/v2\/product_brand?post=19937"},{"taxonomy":"product_cat","embeddable":true,"href":"https:\/\/ritosa.click.si\/hr\/wp-json\/wp\/v2\/product_cat?post=19937"},{"taxonomy":"product_tag","embeddable":true,"href":"https:\/\/ritosa.click.si\/hr\/wp-json\/wp\/v2\/product_tag?post=19937"}],"curies":[{"name":"radni list","href":"https:\/\/api.w.org\/{rel}","templated":true}]}}