{"id":19934,"date":"2025-10-21T18:14:42","date_gmt":"2025-10-21T16:14:42","guid":{"rendered":"https:\/\/ritosa.click.si\/?post_type=product&#038;p=19934"},"modified":"2025-10-21T18:17:55","modified_gmt":"2025-10-21T16:17:55","slug":"kolesarske-rokavice-force-kid","status":"publish","type":"product","link":"https:\/\/ritosa.click.si\/hr\/ducan\/biciklizam\/oprema-za-biciklizam\/kolesarske-rokavice\/otroske-kolesarske-rokavice\/kolesarske-rokavice-force-kid\/","title":{"rendered":"Biciklisti\u010dke rukavice Force KID"},"content":{"rendered":"<p>Unutarnji sloj dlana izra\u0111en je od neklizaju\u0107eg noban materijala, vanjska strana palca izra\u0111ena je od mekog frotira, pogodnog za brisanje nosa. Mekani umeci po cijelom dlanu, reflektiraju\u0107i logo.<\/p>\n<p>Materijal: 85% poliester, 10% elastan, 5% najlon<\/p>","protected":false},"excerpt":{"rendered":"<p>Dje\u010dje biciklisti\u010dke rukavice Force KID fluorescentno \u017eute.<\/p>","protected":false},"featured_media":19926,"template":"","meta":{"_acf_changed":false,"inline_featured_image":false,"_monsterinsights_skip_tracking":false,"_monsterinsights_sitenote_active":false,"_monsterinsights_sitenote_note":"","_monsterinsights_sitenote_category":0},"product_brand":[1559],"product_cat":[581],"product_tag":[1881,1826,1878,1880,1879],"class_list":{"0":"post-19934","1":"product","2":"type-product","3":"status-publish","4":"has-post-thumbnail","6":"product_brand-force","7":"product_cat-otroske-kolesarske-rokavice","8":"product_tag-force-kid","9":"product_tag-kolesarske-rokavice","10":"product_tag-kolesarske-rokavice-force","11":"product_tag-kolesarske-rokavice-force-kid","12":"product_tag-otroske-kolesarske-rokavice","13":"pa_velikost-s","15":"first","16":"instock","17":"sale","18":"taxable","19":"shipping-taxable","20":"purchasable","21":"product-type-variable"},"acf":[],"aioseo_notices":[],"_links":{"self":[{"href":"https:\/\/ritosa.click.si\/hr\/wp-json\/wp\/v2\/product\/19934","targetHints":{"allow":["GET"]}}],"collection":[{"href":"https:\/\/ritosa.click.si\/hr\/wp-json\/wp\/v2\/product"}],"about":[{"href":"https:\/\/ritosa.click.si\/hr\/wp-json\/wp\/v2\/types\/product"}],"wp:featuredmedia":[{"embeddable":true,"href":"https:\/\/ritosa.click.si\/hr\/wp-json\/wp\/v2\/media\/19926"}],"wp:attachment":[{"href":"https:\/\/ritosa.click.si\/hr\/wp-json\/wp\/v2\/media?parent=19934"}],"wp:term":[{"taxonomy":"product_brand","embeddable":true,"href":"https:\/\/ritosa.click.si\/hr\/wp-json\/wp\/v2\/product_brand?post=19934"},{"taxonomy":"product_cat","embeddable":true,"href":"https:\/\/ritosa.click.si\/hr\/wp-json\/wp\/v2\/product_cat?post=19934"},{"taxonomy":"product_tag","embeddable":true,"href":"https:\/\/ritosa.click.si\/hr\/wp-json\/wp\/v2\/product_tag?post=19934"}],"curies":[{"name":"radni list","href":"https:\/\/api.w.org\/{rel}","templated":true}]}}