{"id":19906,"date":"2025-10-21T12:16:02","date_gmt":"2025-10-21T10:16:02","guid":{"rendered":"https:\/\/ritosa.click.si\/?post_type=product&#038;p=19906"},"modified":"2025-10-21T12:20:59","modified_gmt":"2025-10-21T10:20:59","slug":"kolesarske-rokavice-ziener-celal","status":"publish","type":"product","link":"https:\/\/ritosa.click.si\/hr\/ducan\/biciklizam\/oprema-za-biciklizam\/kolesarske-rokavice\/moske-kolesarske-rokavice\/kolesarske-rokavice-ziener-celal\/","title":{"rendered":"Biciklisti\u010dke rukavice Ziener CELAL"},"content":{"rendered":"<p>ZIENER CELAL biciklisti\u010dke rukavice s kratkim prstima za mu\u0161karce izra\u0111ene od neklizaju\u0107eg sinteti\u010dkog ACTIVE SUEDE materijala s ventilacijskim otvorima savr\u0161en su izbor za svaku biciklisti\u010dku turu. Posebno GEL punjenje na dlanovima pru\u017ea maksimalnu udobnost na upravlja\u010du. Posebno prilago\u0111eni dijelovi na palcu smanjuju to\u010dke pritiska na ko\u017eu. Neklizaju\u0107i dlanovi osiguravaju savr\u0161enu kontrolu upravlja\u010da u svakoj situaciji. \u010ci\u010dak s rubovima i integriranim om\u010dama za prste osiguravaju jednostavno i brzo skidanje. Kori\u0161tenje posebno upijaju\u0107eg materijala na pal\u010devima olak\u0161ava brisanje znoja.<\/p>","protected":false},"excerpt":{"rendered":"<p>Mu\u0161ke biciklisti\u010dke rukavice Ziener CELAL<\/p>","protected":false},"featured_media":19908,"template":"","meta":{"_acf_changed":false,"inline_featured_image":false},"product_brand":[682],"product_cat":[580],"product_tag":[1826,1834,1868,1200,1869],"class_list":{"0":"post-19906","1":"product","2":"type-product","3":"status-publish","4":"has-post-thumbnail","6":"product_brand-ziener","7":"product_cat-moske-kolesarske-rokavice","8":"product_tag-kolesarske-rokavice","9":"product_tag-kolesarske-rokavice-ziener","10":"product_tag-kolesarske-rokavice-ziener-celal","11":"product_tag-moski","12":"product_tag-ziener-celal","13":"pa_velikost-8-5","14":"pa_velikost-794","16":"first","17":"instock","18":"sale","19":"taxable","20":"shipping-taxable","21":"purchasable","22":"product-type-variable"},"acf":[],"_links":{"self":[{"href":"https:\/\/ritosa.click.si\/hr\/wp-json\/wp\/v2\/product\/19906","targetHints":{"allow":["GET"]}}],"collection":[{"href":"https:\/\/ritosa.click.si\/hr\/wp-json\/wp\/v2\/product"}],"about":[{"href":"https:\/\/ritosa.click.si\/hr\/wp-json\/wp\/v2\/types\/product"}],"wp:featuredmedia":[{"embeddable":true,"href":"https:\/\/ritosa.click.si\/hr\/wp-json\/wp\/v2\/media\/19908"}],"wp:attachment":[{"href":"https:\/\/ritosa.click.si\/hr\/wp-json\/wp\/v2\/media?parent=19906"}],"wp:term":[{"taxonomy":"product_brand","embeddable":true,"href":"https:\/\/ritosa.click.si\/hr\/wp-json\/wp\/v2\/product_brand?post=19906"},{"taxonomy":"product_cat","embeddable":true,"href":"https:\/\/ritosa.click.si\/hr\/wp-json\/wp\/v2\/product_cat?post=19906"},{"taxonomy":"product_tag","embeddable":true,"href":"https:\/\/ritosa.click.si\/hr\/wp-json\/wp\/v2\/product_tag?post=19906"}],"curies":[{"name":"radni list","href":"https:\/\/api.w.org\/{rel}","templated":true}]}}