{"id":19871,"date":"2025-10-18T12:20:57","date_gmt":"2025-10-18T10:20:57","guid":{"rendered":"https:\/\/ritosa.click.si\/?post_type=product&#038;p=19871"},"modified":"2025-10-18T12:58:23","modified_gmt":"2025-10-18T10:58:23","slug":"kolesarske-rokavice-ziener-clem","status":"publish","type":"product","link":"https:\/\/ritosa.click.si\/hr\/ducan\/biciklizam\/oprema-za-biciklizam\/kolesarske-rokavice\/moske-kolesarske-rokavice\/kolesarske-rokavice-ziener-clem\/","title":{"rendered":"Biciklisti\u010dke rukavice Ziener CLEM"},"content":{"rendered":"<p data-start=\"87\" data-end=\"378\">Sportske, lagane biciklisti\u010dke rukavice ZIENER CLEM bez \u010di\u010dka impresioniraju udobnim dlanom, visokom osjetljivo\u0161\u0107u prstiju i izvrsnim prianjanjem - savr\u0161en izbor za duge, sportske vo\u017enje. Posebni GEL FOAM jastu\u010di\u0107 na dlanu omogu\u0107uje udoban i precizan hvat na upravlja\u010du.<\/p>\n<p data-start=\"380\" data-end=\"708\">Kombinacija izdr\u017eljivog, brzosu\u0161e\u0107eg i prozra\u010dnog AX\u2122 SUEDE materijala i neklizaju\u0107e povr\u0161ine osigurava najbolji hvat i osje\u0107aj na upravlja\u010du. Ciljano XRD\u00ae podstavljanje smanjuje pritisak na \u017eivce i prilago\u0111ava se obliku ruke. Posebno oblikovani umetak za palac sprje\u010dava pritisne to\u010dke na ko\u017ei.<\/p>\n<ul>\n<li data-start=\"60\" data-end=\"110\">Sportske, lagane rukavice bez \u010di\u010dka<\/li>\n<li data-start=\"113\" data-end=\"177\">Ciljano postavljanje jastu\u010di\u0107a <strong data-start=\"140\" data-end=\"148\">XRD\u00ae<\/strong> smanjuje pritisak na \u017eivce<\/li>\n<li data-start=\"180\" data-end=\"259\">Odvojeni segmenti podstave omogu\u0107uju fleksibilno prilago\u0111avanje rukavice ruci<\/li>\n<li data-start=\"262\" data-end=\"339\">Posebno dizajniran jastu\u010di\u0107 za palac sprje\u010dava stvaranje pritisnih to\u010daka na ko\u017ei<\/li>\n<li data-start=\"342\" data-end=\"423\">Prozra\u010dan, brzosu\u0161e\u0107i i izdr\u017eljiv materijal <strong data-start=\"382\" data-end=\"394\">AX SUEDE<\/strong> za udobnost i dobar hvat<\/li>\n<li data-start=\"426\" data-end=\"476\">Neklizaju\u0107i premaz za savr\u0161eno prianjanje u svim uvjetima<\/li>\n<li data-start=\"479\" data-end=\"511\"><strong data-start=\"479\" data-end=\"501\">Pomo\u0107 pri snimanju<\/strong> rukavice<\/li>\n<li data-start=\"514\" data-end=\"562\">Funkcionalna presvlaka od <strong data-start=\"543\" data-end=\"555\">Gel pjena<\/strong> pjena<\/li>\n<\/ul>","protected":false},"excerpt":{"rendered":"<p>Ziener CLEM sportske biciklisti\u010dke rukavice<\/p>","protected":false},"featured_media":19873,"template":"","meta":{"_acf_changed":false,"inline_featured_image":false},"product_brand":[682],"product_cat":[580,582],"product_tag":[1826,1834,1848,1832,1200,1835,1837,1849],"class_list":{"0":"post-19871","1":"product","2":"type-product","3":"status-publish","4":"has-post-thumbnail","6":"product_brand-ziener","7":"product_cat-moske-kolesarske-rokavice","8":"product_cat-enske-kolesarske-rokavice","9":"product_tag-kolesarske-rokavice","10":"product_tag-kolesarske-rokavice-ziener","11":"product_tag-kolesarske-rokavice-ziener-clem","12":"product_tag-moske-kolesarske-rokavice","13":"product_tag-moski","14":"product_tag-rokavice-ziener","15":"product_tag-ziener","16":"product_tag-ziener-clem","17":"pa_velikost-8-5","18":"pa_velikost-794","19":"pa_velikost-9-5","21":"first","22":"instock","23":"sale","24":"taxable","25":"shipping-taxable","26":"purchasable","27":"product-type-variable"},"acf":[],"_links":{"self":[{"href":"https:\/\/ritosa.click.si\/hr\/wp-json\/wp\/v2\/product\/19871","targetHints":{"allow":["GET"]}}],"collection":[{"href":"https:\/\/ritosa.click.si\/hr\/wp-json\/wp\/v2\/product"}],"about":[{"href":"https:\/\/ritosa.click.si\/hr\/wp-json\/wp\/v2\/types\/product"}],"wp:featuredmedia":[{"embeddable":true,"href":"https:\/\/ritosa.click.si\/hr\/wp-json\/wp\/v2\/media\/19873"}],"wp:attachment":[{"href":"https:\/\/ritosa.click.si\/hr\/wp-json\/wp\/v2\/media?parent=19871"}],"wp:term":[{"taxonomy":"product_brand","embeddable":true,"href":"https:\/\/ritosa.click.si\/hr\/wp-json\/wp\/v2\/product_brand?post=19871"},{"taxonomy":"product_cat","embeddable":true,"href":"https:\/\/ritosa.click.si\/hr\/wp-json\/wp\/v2\/product_cat?post=19871"},{"taxonomy":"product_tag","embeddable":true,"href":"https:\/\/ritosa.click.si\/hr\/wp-json\/wp\/v2\/product_tag?post=19871"}],"curies":[{"name":"radni list","href":"https:\/\/api.w.org\/{rel}","templated":true}]}}