{"id":19865,"date":"2025-10-18T12:09:03","date_gmt":"2025-10-18T10:09:03","guid":{"rendered":"https:\/\/ritosa.click.si\/?post_type=product&#038;p=19865"},"modified":"2025-10-18T12:20:45","modified_gmt":"2025-10-18T10:20:45","slug":"kolesarske-rokavice-ziener","status":"publish","type":"product","link":"https:\/\/ritosa.click.si\/hr\/ducan\/biciklizam\/oprema-za-biciklizam\/kolesarske-rokavice\/moske-kolesarske-rokavice\/kolesarske-rokavice-ziener\/","title":{"rendered":"Biciklisti\u010dke rukavice Ziener CANSO"},"content":{"rendered":"<p data-start=\"68\" data-end=\"456\">Ciljano ugra\u0111ena presvlaka <strong data-start=\"178\" data-end=\"186\">XRD\u00ae<\/strong> pru\u017ea izvrstan hvat na upravlja\u010du i prilago\u0111ava se obliku ruke. Kombinacija izdr\u017eljivog, brzosu\u0161e\u0107eg i prozra\u010dnog materijala <strong data-start=\"310\" data-end=\"323\">AX\u2122 BRU\u0160ENA KO\u017dA<\/strong> i neklizaju\u0107a povr\u0161ina pru\u017ea najbolji hvat na upravlja\u010du. Tkanina za hla\u0111enje <strong data-start=\"397\" data-end=\"411\">hladnocrna\u00ae<\/strong> osigurava ugodniju temperaturu na suncu.<\/p>\n<ul>\n<li data-start=\"85\" data-end=\"137\">Funkcionalno XRD\u00ae punjenje po cijeloj povr\u0161ini<\/li>\n<li data-start=\"140\" data-end=\"174\">Rashladni materijal <strong data-start=\"158\" data-end=\"172\">hladnocrna\u00ae<\/strong><\/li>\n<li data-start=\"177\" data-end=\"230\">Kori\u0161tenje posebnog upijaju\u0107eg materijala za brisanje znoja<\/li>\n<li data-start=\"233\" data-end=\"279\">Pomo\u0107 pri skidanju rukavica (sustav skidanja)<\/li>\n<li data-start=\"282\" data-end=\"376\">Rubovi na o\u0161trim rubovima je\u017ea za ve\u0107u udobnost korisnika i manje tro\u0161enje materijala rukavice<\/li>\n<li data-start=\"379\" data-end=\"473\">Prozra\u010dan, brzosu\u0161e\u0107i i izdr\u017eljiv materijal <strong data-start=\"419\" data-end=\"431\">AX SUEDE<\/strong> za udobnost i dobar osje\u0107aj prianjanja<\/li>\n<li data-start=\"476\" data-end=\"524\">Neklizaju\u0107i premaz za savr\u0161eno prianjanje u svim uvjetima<\/li>\n<\/ul>","protected":false},"excerpt":{"rendered":"<p>Udobne mu\u0161ke biciklisti\u010dke rukavice ZIENER CANSO dizajnirane su za duge vo\u017enje.<\/p>","protected":false},"featured_media":19869,"template":"","meta":{"_acf_changed":false,"inline_featured_image":false,"_monsterinsights_skip_tracking":false,"_monsterinsights_sitenote_active":false,"_monsterinsights_sitenote_note":"","_monsterinsights_sitenote_category":0},"product_brand":[682],"product_cat":[580],"product_tag":[1826,1834,1846,1832,1200,1835,1837,1847],"class_list":{"0":"post-19865","1":"product","2":"type-product","3":"status-publish","4":"has-post-thumbnail","6":"product_brand-ziener","7":"product_cat-moske-kolesarske-rokavice","8":"product_tag-kolesarske-rokavice","9":"product_tag-kolesarske-rokavice-ziener","10":"product_tag-kolesarske-rokavice-ziener-canso","11":"product_tag-moske-kolesarske-rokavice","12":"product_tag-moski","13":"product_tag-rokavice-ziener","14":"product_tag-ziener","15":"product_tag-ziener-canso","16":"pa_velikost-1845","18":"first","19":"instock","20":"sale","21":"taxable","22":"shipping-taxable","23":"purchasable","24":"product-type-variable"},"acf":[],"aioseo_notices":[],"_links":{"self":[{"href":"https:\/\/ritosa.click.si\/hr\/wp-json\/wp\/v2\/product\/19865","targetHints":{"allow":["GET"]}}],"collection":[{"href":"https:\/\/ritosa.click.si\/hr\/wp-json\/wp\/v2\/product"}],"about":[{"href":"https:\/\/ritosa.click.si\/hr\/wp-json\/wp\/v2\/types\/product"}],"wp:featuredmedia":[{"embeddable":true,"href":"https:\/\/ritosa.click.si\/hr\/wp-json\/wp\/v2\/media\/19869"}],"wp:attachment":[{"href":"https:\/\/ritosa.click.si\/hr\/wp-json\/wp\/v2\/media?parent=19865"}],"wp:term":[{"taxonomy":"product_brand","embeddable":true,"href":"https:\/\/ritosa.click.si\/hr\/wp-json\/wp\/v2\/product_brand?post=19865"},{"taxonomy":"product_cat","embeddable":true,"href":"https:\/\/ritosa.click.si\/hr\/wp-json\/wp\/v2\/product_cat?post=19865"},{"taxonomy":"product_tag","embeddable":true,"href":"https:\/\/ritosa.click.si\/hr\/wp-json\/wp\/v2\/product_tag?post=19865"}],"curies":[{"name":"radni list","href":"https:\/\/api.w.org\/{rel}","templated":true}]}}