{"id":19809,"date":"2025-09-26T12:08:40","date_gmt":"2025-09-26T10:08:40","guid":{"rendered":"https:\/\/ritosa.click.si\/?post_type=product&#038;p=19809"},"modified":"2025-09-26T12:14:44","modified_gmt":"2025-09-26T10:14:44","slug":"torba-force-slim","status":"publish","type":"product","link":"https:\/\/ritosa.click.si\/hr\/ducan\/biciklizam\/oprema-za-biciklizam\/dodatna-oprema-in-rezervni-deli\/torbice\/torba-force-slim\/","title":{"rendered":"Force SLIM torba"},"content":{"rendered":"<div id=\"description\" class=\"tab-pane fade in active\">\n<div class=\"product-description\">\n<p data-start=\"131\" data-end=\"211\"><strong>Zna\u010dajke:\u00a0<\/strong><\/p>\n<ul>\n<li data-start=\"215\" data-end=\"290\">Oja\u010dana FORCE torba za stra\u017enji nosa\u010d ili nosa\u010d cijevi sjedala<\/li>\n<li data-start=\"293\" data-end=\"340\">Pri\u010dvr\u0161\u0107ivanje remenom na stra\u017enji prtlja\u017enik<\/li>\n<li data-start=\"343\" data-end=\"394\">2 unutarnja mre\u017easta d\u017eepa, 3 d\u017eepa s patentnim zatvara\u010dem<\/li>\n<li data-start=\"397\" data-end=\"436\">Reflektiraju\u0107i elementi za pove\u0107anu sigurnost<\/li>\n<li data-start=\"439\" data-end=\"467\">Remen za rame uklju\u010den<\/li>\n<li data-start=\"470\" data-end=\"503\">Unutarnja kuka za klju\u010deve<\/li>\n<li data-start=\"506\" data-end=\"563\">Elasti\u010dna traka na vrhu torbe (npr. za pri\u010dvr\u0161\u0107ivanje jakne)<\/li>\n<\/ul>\n<p><strong data-start=\"574\" data-end=\"601\">Tehni\u010dke specifikacije:<\/strong><\/p>\n<ul>\n<li data-start=\"605\" data-end=\"624\">Visina: 22 cm<\/li>\n<li data-start=\"627\" data-end=\"647\">Duljina: 32 cm<\/li>\n<li data-start=\"650\" data-end=\"669\">\u0160irina: 20 cm<\/li>\n<li data-start=\"672\" data-end=\"709\">Kapacitet: otprilike 9 litara<\/li>\n<li data-start=\"712\" data-end=\"729\">Te\u017eina: 530 g<\/li>\n<li data-start=\"732\" data-end=\"762\">Maksimalna nosivost: 7 kg<\/li>\n<li data-start=\"765\" data-end=\"790\">Materijal: poliester<\/li>\n<\/ul>\n<p>DIMENZIJE SU PRIBLI\u017dNE.<\/p>\n<\/div>\n<\/div>","protected":false},"excerpt":{"rendered":"<div class=\"std\"><span class=\"tlid-translation translation\" lang=\"sl\" xml:lang=\"sl\"><span title=\"\">Force slim stra\u017enji nosa\u010d ili torba za sjedalo\u00a0<\/span><\/span><\/div>","protected":false},"featured_media":19813,"template":"","meta":{"_acf_changed":false,"inline_featured_image":false,"_monsterinsights_skip_tracking":false,"_monsterinsights_sitenote_active":false,"_monsterinsights_sitenote_note":"","_monsterinsights_sitenote_category":0},"product_brand":[1559],"product_cat":[517],"product_tag":[1460,1767,1734,914,1735],"class_list":{"0":"post-19809","1":"product","2":"type-product","3":"status-publish","4":"has-post-thumbnail","6":"product_brand-force","7":"product_cat-torbice","8":"product_tag-force","9":"product_tag-force-slim","10":"product_tag-prtljazna-torba","11":"product_tag-torba","12":"product_tag-torba-force","14":"first","15":"instock","16":"sale","17":"taxable","18":"shipping-taxable","19":"purchasable","20":"product-type-simple"},"acf":[],"aioseo_notices":[],"_links":{"self":[{"href":"https:\/\/ritosa.click.si\/hr\/wp-json\/wp\/v2\/product\/19809","targetHints":{"allow":["GET"]}}],"collection":[{"href":"https:\/\/ritosa.click.si\/hr\/wp-json\/wp\/v2\/product"}],"about":[{"href":"https:\/\/ritosa.click.si\/hr\/wp-json\/wp\/v2\/types\/product"}],"wp:featuredmedia":[{"embeddable":true,"href":"https:\/\/ritosa.click.si\/hr\/wp-json\/wp\/v2\/media\/19813"}],"wp:attachment":[{"href":"https:\/\/ritosa.click.si\/hr\/wp-json\/wp\/v2\/media?parent=19809"}],"wp:term":[{"taxonomy":"product_brand","embeddable":true,"href":"https:\/\/ritosa.click.si\/hr\/wp-json\/wp\/v2\/product_brand?post=19809"},{"taxonomy":"product_cat","embeddable":true,"href":"https:\/\/ritosa.click.si\/hr\/wp-json\/wp\/v2\/product_cat?post=19809"},{"taxonomy":"product_tag","embeddable":true,"href":"https:\/\/ritosa.click.si\/hr\/wp-json\/wp\/v2\/product_tag?post=19809"}],"curies":[{"name":"radni list","href":"https:\/\/api.w.org\/{rel}","templated":true}]}}