{"id":19787,"date":"2025-09-26T10:16:05","date_gmt":"2025-09-26T08:16:05","guid":{"rendered":"https:\/\/ritosa.click.si\/?post_type=product&#038;p=19787"},"modified":"2025-09-26T10:26:12","modified_gmt":"2025-09-26T08:26:12","slug":"torba-acid","status":"publish","type":"product","link":"https:\/\/ritosa.click.si\/hr\/ducan\/biciklizam\/oprema-za-biciklizam\/dodatna-oprema-in-rezervni-deli\/torbice\/torba-acid\/","title":{"rendered":"Torba ACID PACK PRO 3"},"content":{"rendered":"<p data-start=\"108\" data-end=\"604\">Cijela serija torbi za biciklizam PACK PRO razvijena je u suradnji s iskusnim biciklistima. PRO 3 je torba za okvir srednje veli\u010dine u ovoj seriji. Njena zavarena konstrukcija bez PVC-a je vodootporna, dok je vanjski dio izra\u0111en od izdr\u017eljivog materijala koji se lako odr\u017eava. MOLLE sustav nudi iznimnu fleksibilnost i omogu\u0107uje jednostavno pri\u010dvr\u0161\u0107ivanje torbe na razli\u010dite vrste okvira. Bo\u010dni d\u017eepovi s glatkim patentnim zatvara\u010dima idealni su za pohranu manjih predmeta.<\/p>\n<p data-start=\"606\" data-end=\"904\">Unutarnjem dizajnu posve\u0107ena je ista pa\u017enja: vi\u0161estruki unutarnji d\u017eepovi pru\u017eaju izvrsnu organizaciju alata, rezervnih dijelova i ostalih predmeta, dok kontrasti boja poma\u017eu u brzom pronala\u017eenju stvari. Reflektiraju\u0107i elementi pobolj\u0161avaju vidljivost na cesti u uvjetima slabog osvjetljenja.<\/p>\n<p data-start=\"469\" data-end=\"483\"><strong data-start=\"469\" data-end=\"483\">Zna\u010dajke:<\/strong><\/p>\n<ul>\n<li data-start=\"1205\" data-end=\"1227\">zavarena konstrukcija<\/li>\n<li data-start=\"1230\" data-end=\"1241\">vodootporan<\/li>\n<li data-start=\"1244\" data-end=\"1273\">vanjski dio otporan na habanje<\/li>\n<li data-start=\"1276\" data-end=\"1289\">bez PVC-a<\/li>\n<li data-start=\"1292\" data-end=\"1346\">fleksibilno pri\u010dvr\u0161\u0107ivanje s 360\u00b0 MOLLE sustavom<\/li>\n<li data-start=\"1349\" data-end=\"1387\">reflektiraju\u0107i elementi s obje strane<\/li>\n<li data-start=\"1390\" data-end=\"1417\">bo\u010dni d\u017eep s patentnim zatvara\u010dem<\/li>\n<li data-start=\"1420\" data-end=\"1469\">vi\u0161e mogu\u0107nosti za pri\u010dvr\u0161\u0107ivanje predmeta unutra<\/li>\n<li data-start=\"1472\" data-end=\"1525\">Unutarnji d\u017eepovi s kontrastnom bojom za lak\u0161e pretra\u017eivanje<\/li>\n<li data-start=\"1528\" data-end=\"1548\">intuitivna upotreba<\/li>\n<li data-start=\"1551\" data-end=\"1571\">prilago\u0111eni dizajn<\/li>\n<li data-start=\"1574\" data-end=\"1610\">pogodno za razli\u010dite vrste okvira<\/li>\n<li data-start=\"1289\" data-end=\"1305\">Dimenzije: (D x \u0160 x V) 47 x 6 x 13 cm<\/li>\n<li data-start=\"1289\" data-end=\"1305\">Materijal: TPU (termoplasti\u010dni poliuretan)<\/li>\n<li data-start=\"1289\" data-end=\"1305\">Volumen: 3 litre<\/li>\n<\/ul>","protected":false},"excerpt":{"rendered":"<p>Torba za okvir bicikla ACID PACK PRO 3<\/p>","protected":false},"featured_media":19795,"template":"","meta":{"_acf_changed":false,"inline_featured_image":false},"product_brand":[1192],"product_cat":[517],"product_tag":[1586,1752,1742,993,1753,914,1714],"class_list":{"0":"post-19787","1":"product","2":"type-product","3":"status-publish","4":"has-post-thumbnail","6":"product_brand-cube","7":"product_cat-torbice","8":"product_tag-acid","9":"product_tag-acid-pack-pro-3","10":"product_tag-acid-trunk","11":"product_tag-cube","12":"product_tag-pack-pro-3","13":"product_tag-torba","14":"product_tag-torba-za-na-kolo","16":"first","17":"instock","18":"taxable","19":"shipping-taxable","20":"purchasable","21":"product-type-simple"},"acf":[],"_links":{"self":[{"href":"https:\/\/ritosa.click.si\/hr\/wp-json\/wp\/v2\/product\/19787","targetHints":{"allow":["GET"]}}],"collection":[{"href":"https:\/\/ritosa.click.si\/hr\/wp-json\/wp\/v2\/product"}],"about":[{"href":"https:\/\/ritosa.click.si\/hr\/wp-json\/wp\/v2\/types\/product"}],"wp:featuredmedia":[{"embeddable":true,"href":"https:\/\/ritosa.click.si\/hr\/wp-json\/wp\/v2\/media\/19795"}],"wp:attachment":[{"href":"https:\/\/ritosa.click.si\/hr\/wp-json\/wp\/v2\/media?parent=19787"}],"wp:term":[{"taxonomy":"product_brand","embeddable":true,"href":"https:\/\/ritosa.click.si\/hr\/wp-json\/wp\/v2\/product_brand?post=19787"},{"taxonomy":"product_cat","embeddable":true,"href":"https:\/\/ritosa.click.si\/hr\/wp-json\/wp\/v2\/product_cat?post=19787"},{"taxonomy":"product_tag","embeddable":true,"href":"https:\/\/ritosa.click.si\/hr\/wp-json\/wp\/v2\/product_tag?post=19787"}],"curies":[{"name":"radni list","href":"https:\/\/api.w.org\/{rel}","templated":true}]}}