{"id":19785,"date":"2025-09-26T10:03:46","date_gmt":"2025-09-26T08:03:46","guid":{"rendered":"https:\/\/ritosa.click.si\/?post_type=product&#038;p=19785"},"modified":"2025-09-26T10:14:00","modified_gmt":"2025-09-26T08:14:00","slug":"torba-acid-trunk-city-816-rilink","status":"publish","type":"product","link":"https:\/\/ritosa.click.si\/hr\/ducan\/biciklizam\/oprema-za-biciklizam\/dodatna-oprema-in-rezervni-deli\/torbice\/torba-acid-trunk-city-816-rilink\/","title":{"rendered":"Torba ACID TRUNK CITY 8+16 RILink"},"content":{"rendered":"<p data-start=\"81\" data-end=\"467\">ACID torba za prtlja\u017enik CITY 8+16 RILink kompatibilna je sa svim RILink koferima tvrtki ACID i CUBE. Rastezljivi bo\u010dni d\u017eepovi i pro\u0161irivi glavni pretinac pru\u017eaju puno prostora za va\u0161u prtljagu, dok torba ne zauzima previ\u0161e prostora kada vam nije potrebna. Prakti\u010dna naramenica, brojni reflektiraju\u0107i detalji i sklopivi mre\u017easti dr\u017ea\u010d za bocu pru\u017eaju dodatnu prakti\u010dnost. Dodali smo i korisnu navlaku za ki\u0161u kako bi va\u0161a oprema ostala suha - \u010dak i kada vrijeme nije na va\u0161oj strani.<\/p>\n<p data-start=\"469\" data-end=\"483\"><strong data-start=\"469\" data-end=\"483\">Zna\u010dajke:<\/strong><\/p>\n<ul>\n<li data-start=\"1022\" data-end=\"1080\">kompatibilan sa svim RILink stalcima marki ACID i CUBE<\/li>\n<li data-start=\"1083\" data-end=\"1118\">ACID RILink sustav za monta\u017eu<\/li>\n<li data-start=\"1121\" data-end=\"1159\">rastezljivi bo\u010dni d\u017eepovi (s roll-topom)<\/li>\n<li data-start=\"1162\" data-end=\"1188\">pro\u0161irivi glavni odjeljak<\/li>\n<li data-start=\"1191\" data-end=\"1223\">gumica za pri\u010dvr\u0161\u0107ivanje<\/li>\n<li data-start=\"1226\" data-end=\"1241\">naramenica<\/li>\n<li data-start=\"1244\" data-end=\"1262\">reflektiraju\u0107i elementi<\/li>\n<li data-start=\"1265\" data-end=\"1286\">dr\u017ea\u010d za boce<\/li>\n<li data-start=\"1289\" data-end=\"1305\">navlaka za ki\u0161u<\/li>\n<li data-start=\"1289\" data-end=\"1305\">Dimenzije: (D x \u0160 x V) 38 x 26 x 20 cm<\/li>\n<li data-start=\"1289\" data-end=\"1305\">Materijal: najlon<\/li>\n<li data-start=\"1289\" data-end=\"1305\">Volumen: 8 + 16 litara<\/li>\n<\/ul>","protected":false},"excerpt":{"rendered":"<p>ACID TRUNK CITY 8+16 RILink putna torba za prtlja\u017enik<\/p>","protected":false},"featured_media":19775,"template":"","meta":{"_acf_changed":false,"inline_featured_image":false,"_monsterinsights_skip_tracking":false,"_monsterinsights_sitenote_active":false,"_monsterinsights_sitenote_note":"","_monsterinsights_sitenote_category":0},"product_brand":[1192],"product_cat":[517],"product_tag":[1586,1742,1749,1751,993,1745,1744,914,1714,1743,1750],"class_list":{"0":"post-19785","1":"product","2":"type-product","3":"status-publish","4":"has-post-thumbnail","6":"product_brand-cube","7":"product_cat-torbice","8":"product_tag-acid","9":"product_tag-acid-trunk","10":"product_tag-acid-trunk-city-816-rilink","11":"product_tag-city-816","12":"product_tag-cube","13":"product_tag-potovalna-torba","14":"product_tag-potovalna-torba-cube","15":"product_tag-torba","16":"product_tag-torba-za-na-kolo","17":"product_tag-torba-za-na-prtljaznik","18":"product_tag-trunk-city-816-rilink","20":"first","21":"instock","22":"taxable","23":"shipping-taxable","24":"purchasable","25":"product-type-simple"},"acf":[],"aioseo_notices":[],"_links":{"self":[{"href":"https:\/\/ritosa.click.si\/hr\/wp-json\/wp\/v2\/product\/19785","targetHints":{"allow":["GET"]}}],"collection":[{"href":"https:\/\/ritosa.click.si\/hr\/wp-json\/wp\/v2\/product"}],"about":[{"href":"https:\/\/ritosa.click.si\/hr\/wp-json\/wp\/v2\/types\/product"}],"wp:featuredmedia":[{"embeddable":true,"href":"https:\/\/ritosa.click.si\/hr\/wp-json\/wp\/v2\/media\/19775"}],"wp:attachment":[{"href":"https:\/\/ritosa.click.si\/hr\/wp-json\/wp\/v2\/media?parent=19785"}],"wp:term":[{"taxonomy":"product_brand","embeddable":true,"href":"https:\/\/ritosa.click.si\/hr\/wp-json\/wp\/v2\/product_brand?post=19785"},{"taxonomy":"product_cat","embeddable":true,"href":"https:\/\/ritosa.click.si\/hr\/wp-json\/wp\/v2\/product_cat?post=19785"},{"taxonomy":"product_tag","embeddable":true,"href":"https:\/\/ritosa.click.si\/hr\/wp-json\/wp\/v2\/product_tag?post=19785"}],"curies":[{"name":"radni list","href":"https:\/\/api.w.org\/{rel}","templated":true}]}}