{"id":19726,"date":"2025-09-24T13:16:59","date_gmt":"2025-09-24T11:16:59","guid":{"rendered":"https:\/\/ritosa.click.si\/?post_type=product&#038;p=19726"},"modified":"2025-09-25T11:15:57","modified_gmt":"2025-09-25T09:15:57","slug":"pedala-shimano","status":"publish","type":"product","link":"https:\/\/ritosa.click.si\/hr\/ducan\/biciklizam\/oprema-za-biciklizam\/dodatna-oprema-in-rezervni-deli\/pedala\/pedala-shimano\/","title":{"rendered":"Shimano ravne pedale"},"content":{"rendered":"<p data-start=\"155\" data-end=\"296\">SHIMANO PD-EF205 ravne pedale pru\u017eaju stabilnost i udobnost za putovanje na posao i gradsku vo\u017enju.<\/p>\n<p data-start=\"298\" data-end=\"539\">Dizajnirane za obi\u010dne (uli\u010dne) cipele, ove pedale nude pouzdan kontakt izme\u0111u stopala i pedale. Zahvaljuju\u0107i strukturiranoj povr\u0161ini i \u0161irokoj aluminijskoj kontaktnoj povr\u0161ini, nude sigurnost i kontrolu u svim uvjetima kori\u0161tenja.<\/p>\n<p data-start=\"103\" data-end=\"121\"><strong data-start=\"107\" data-end=\"121\">ZNA\u010cAJKE:<\/strong><\/p>\n<p data-start=\"123\" data-end=\"253\"><strong data-start=\"126\" data-end=\"172\">Izdr\u017eljivost osovina kao kod vrhunskih modela<\/strong><br data-start=\"172\" data-end=\"175\" \/>\u2192 Osovine pedala imaju istu kvalitetu i izdr\u017eljivost kao i vrhunski Shimano.<\/p>\n<p data-start=\"123\" data-end=\"253\"><strong data-start=\"258\" data-end=\"328\">\u0160iroko aluminijsko ku\u0107i\u0161te za stabilan kontakt izme\u0111u pedale i cipele<\/strong><br data-start=\"328\" data-end=\"331\" \/>\u2192 Pove\u0107ava prianjanje i kontrolu, posebno pri vo\u017enji s obi\u010dnim cipelama.<\/p>\n<ul>\n<li data-start=\"95\" data-end=\"111\"><strong>Model:<\/strong> PD-EF205<\/li>\n<li data-start=\"126\" data-end=\"143\"><strong>Niz:<\/strong> SHIMANO<\/li>\n<li data-start=\"157\" data-end=\"171\"><strong>Tip:<\/strong> Ravna pedala \u2013 namijenjena za kori\u0161tenje s obi\u010dnim cipelama, bez sustava stezanja<\/li>\n<li data-start=\"270\" data-end=\"326\"><strong>Zatvoreni mehanizam:<\/strong> Da \u2013 \u0161titi unutra\u0161njost pedale od pra\u0161ine, vode i prljav\u0161tine \u2192 dulji vijek trajanja<\/li>\n<li data-start=\"416\" data-end=\"448\"><strong>Reflektori:<\/strong> SM-PD69 \u2013 kompatibilni Shimano reflektori za bolju vidljivost u prometu<\/li>\n<li data-start=\"523\" data-end=\"562\"><strong>Visina ugradnje:<\/strong> 10,8 mm \u2013 mala visina za bolji prijenos snage i stabilnost<\/li>\n<\/ul>","protected":false},"excerpt":{"rendered":"<p>Shimano PD-EF205 ravne pedale za slobodni hod<\/p>","protected":false},"featured_media":19728,"template":"","meta":{"_acf_changed":false,"inline_featured_image":false,"_monsterinsights_skip_tracking":false,"_monsterinsights_sitenote_active":false,"_monsterinsights_sitenote_note":"","_monsterinsights_sitenote_category":0},"product_brand":[1189],"product_cat":[531],"product_tag":[1678,1657,1672,1677,1676,1679],"class_list":{"0":"post-19726","1":"product","2":"type-product","3":"status-publish","4":"has-post-thumbnail","6":"product_brand-shimano","7":"product_cat-pedala","8":"product_tag-pd-ef205","9":"product_tag-pedala","10":"product_tag-pedala-shimano","11":"product_tag-ploscata-pedala","12":"product_tag-ploscata-pedala-shimano","13":"product_tag-shimano-pd-ef205","15":"first","16":"instock","17":"sale","18":"taxable","19":"shipping-taxable","20":"purchasable","21":"product-type-simple"},"acf":[],"aioseo_notices":[],"_links":{"self":[{"href":"https:\/\/ritosa.click.si\/hr\/wp-json\/wp\/v2\/product\/19726","targetHints":{"allow":["GET"]}}],"collection":[{"href":"https:\/\/ritosa.click.si\/hr\/wp-json\/wp\/v2\/product"}],"about":[{"href":"https:\/\/ritosa.click.si\/hr\/wp-json\/wp\/v2\/types\/product"}],"wp:featuredmedia":[{"embeddable":true,"href":"https:\/\/ritosa.click.si\/hr\/wp-json\/wp\/v2\/media\/19728"}],"wp:attachment":[{"href":"https:\/\/ritosa.click.si\/hr\/wp-json\/wp\/v2\/media?parent=19726"}],"wp:term":[{"taxonomy":"product_brand","embeddable":true,"href":"https:\/\/ritosa.click.si\/hr\/wp-json\/wp\/v2\/product_brand?post=19726"},{"taxonomy":"product_cat","embeddable":true,"href":"https:\/\/ritosa.click.si\/hr\/wp-json\/wp\/v2\/product_cat?post=19726"},{"taxonomy":"product_tag","embeddable":true,"href":"https:\/\/ritosa.click.si\/hr\/wp-json\/wp\/v2\/product_tag?post=19726"}],"curies":[{"name":"radni list","href":"https:\/\/api.w.org\/{rel}","templated":true}]}}