{"id":19721,"date":"2025-09-24T12:41:53","date_gmt":"2025-09-24T10:41:53","guid":{"rendered":"https:\/\/ritosa.click.si\/?post_type=product&#038;p=19721"},"modified":"2025-09-25T10:00:59","modified_gmt":"2025-09-25T08:00:59","slug":"keo-grip-kopija","status":"publish","type":"product","link":"https:\/\/ritosa.click.si\/hr\/ducan\/biciklizam\/oprema-za-biciklizam\/dodatna-oprema-in-rezervni-deli\/pedala\/keo-grip-kopija\/","title":{"rendered":"Keo GRIP obloge za pedale"},"content":{"rendered":"<div class=\"tabs__content\">\n<div class=\"is-active\" data-tab=\"description\">\n<div class=\"text-block\">\n<p>Look Keo Grip su plo\u010dice za pedale (blokovi) za Look Keo SPD sustav pedala. Pri\u010dvr\u0161\u0107uju se s tri vijka, \u0161to osigurava maksimalnu stabilnost stopala na pedalu. Osim toga, donji dio kopa\u010dke je oblo\u017een finom gumom, \u0161to sprje\u010dava klizanje cipele na skliskim povr\u0161inama.<\/p>\n<p>Crna boja \u010dvrsto fiksira cipelu za pedalu i ne dopu\u0161ta pomicanje stopala dok je stopalo pri\u010dvr\u0161\u0107eno. Siva plo\u010da omogu\u0107uje pomicanje stopala od 4,5 stupnjeva ulijevo i udesno.<\/p>\n<p><strong>Svojstva:<\/strong><\/p>\n<ul>\n<li>Izra\u0111ene su od mje\u0161avine poliamida i najlona s teflonskim umecima.<\/li>\n<li>Fina guma na dnu plo\u010de za bolje prianjanje (prilikom hodanja)<\/li>\n<li>Mogu\u0107nosti pode\u0161avanja: 4 mm \u0161irine i 9 mm duljine stopala<\/li>\n<li>Vijci i podlo\u0161ke su uklju\u010deni<\/li>\n<li>Prikladno samo za Look Keo sustav<\/li>\n<li>Te\u017eina: 68 g<\/li>\n<\/ul>\n<\/div>\n<\/div>\n<\/div>\n<p><img decoding=\"async\" class=\"alignnone size-medium wp-image-19706\" src=\"https:\/\/ritosa.click.si\/wp-content\/uploads\/2021\/08\/1569770525-pedals-product-page-why-you-love-it-2732x1536-795-cleat-keo-150x200.jpg\" alt=\"\" width=\"150\" height=\"200\" srcset=\"https:\/\/ritosa.click.si\/wp-content\/uploads\/2021\/08\/1569770525-pedals-product-page-why-you-love-it-2732x1536-795-cleat-keo-150x200.jpg 150w, https:\/\/ritosa.click.si\/wp-content\/uploads\/2021\/08\/1569770525-pedals-product-page-why-you-love-it-2732x1536-795-cleat-keo-770x1024.jpg 770w, https:\/\/ritosa.click.si\/wp-content\/uploads\/2021\/08\/1569770525-pedals-product-page-why-you-love-it-2732x1536-795-cleat-keo-113x150.jpg 113w, https:\/\/ritosa.click.si\/wp-content\/uploads\/2021\/08\/1569770525-pedals-product-page-why-you-love-it-2732x1536-795-cleat-keo-768x1021.jpg 768w, https:\/\/ritosa.click.si\/wp-content\/uploads\/2021\/08\/1569770525-pedals-product-page-why-you-love-it-2732x1536-795-cleat-keo-9x12.jpg 9w, https:\/\/ritosa.click.si\/wp-content\/uploads\/2021\/08\/1569770525-pedals-product-page-why-you-love-it-2732x1536-795-cleat-keo-300x399.jpg 300w, https:\/\/ritosa.click.si\/wp-content\/uploads\/2021\/08\/1569770525-pedals-product-page-why-you-love-it-2732x1536-795-cleat-keo-600x798.jpg 600w, https:\/\/ritosa.click.si\/wp-content\/uploads\/2021\/08\/1569770525-pedals-product-page-why-you-love-it-2732x1536-795-cleat-keo.jpg 1155w\" sizes=\"(max-width: 150px) 100vw, 150px\" \/><\/p>","protected":false},"excerpt":{"rendered":"<p>Look Keo Grip su kopa\u010dke (blokovi) za Look Keo SPD sustav pedala. U crnoj boji.<\/p>","protected":false},"featured_media":19708,"template":"","meta":{"_acf_changed":false,"inline_featured_image":false},"product_brand":[1660],"product_cat":[531],"product_tag":[1682,1669,1683,1657,1681,1680],"class_list":{"0":"post-19721","1":"product","2":"type-product","3":"status-publish","4":"has-post-thumbnail","6":"product_brand-look","7":"product_cat-pedala","8":"product_tag-keo-grip","9":"product_tag-look","10":"product_tag-look-keo-grip","11":"product_tag-pedala","12":"product_tag-ploscice-za-pedala","13":"product_tag-ploscice-za-pedala-keo-grip","15":"first","16":"instock","17":"taxable","18":"shipping-taxable","19":"purchasable","20":"product-type-simple"},"acf":[],"_links":{"self":[{"href":"https:\/\/ritosa.click.si\/hr\/wp-json\/wp\/v2\/product\/19721","targetHints":{"allow":["GET"]}}],"collection":[{"href":"https:\/\/ritosa.click.si\/hr\/wp-json\/wp\/v2\/product"}],"about":[{"href":"https:\/\/ritosa.click.si\/hr\/wp-json\/wp\/v2\/types\/product"}],"wp:featuredmedia":[{"embeddable":true,"href":"https:\/\/ritosa.click.si\/hr\/wp-json\/wp\/v2\/media\/19708"}],"wp:attachment":[{"href":"https:\/\/ritosa.click.si\/hr\/wp-json\/wp\/v2\/media?parent=19721"}],"wp:term":[{"taxonomy":"product_brand","embeddable":true,"href":"https:\/\/ritosa.click.si\/hr\/wp-json\/wp\/v2\/product_brand?post=19721"},{"taxonomy":"product_cat","embeddable":true,"href":"https:\/\/ritosa.click.si\/hr\/wp-json\/wp\/v2\/product_cat?post=19721"},{"taxonomy":"product_tag","embeddable":true,"href":"https:\/\/ritosa.click.si\/hr\/wp-json\/wp\/v2\/product_tag?post=19721"}],"curies":[{"name":"radni list","href":"https:\/\/api.w.org\/{rel}","templated":true}]}}