{"id":19707,"date":"2025-09-24T12:38:04","date_gmt":"2025-09-24T10:38:04","guid":{"rendered":"https:\/\/ritosa.click.si\/?post_type=product&#038;p=19707"},"modified":"2025-09-25T09:53:53","modified_gmt":"2025-09-25T07:53:53","slug":"keo-grip","status":"publish","type":"product","link":"https:\/\/ritosa.click.si\/hr\/ducan\/biciklizam\/oprema-za-biciklizam\/dodatna-oprema-in-rezervni-deli\/pedala\/keo-grip\/","title":{"rendered":"Za\u0161titna guma za plo\u010dice Keo"},"content":{"rendered":"<p>Keo za\u0161titna guma dizajnirana je za za\u0161titu va\u0161ih KEO kopa\u010dki tijekom hodanja. Kompatibilna je s KEO GRIP i KEO CLEAT kopa\u010dkama i produ\u017euje im vijek trajanja. Tako\u0111er pobolj\u0161ava sigurnost tijekom hodanja zahvaljuju\u0107i protukliznoj povr\u0161ini.<\/p>\n<p><strong>Svojstva:<\/strong><\/p>\n<ul>\n<li>\u0160titi od habanja<\/li>\n<li>Sprje\u010dava klizanje na glatkim povr\u0161inama<\/li>\n<li>Pogodno za sve Keo plo\u010dice<\/li>\n<li>Namijenjeno za hodanje, a ne za vo\u017enju biciklom!<\/li>\n<\/ul>\n<p><img fetchpriority=\"high\" decoding=\"async\" class=\"alignnone size-medium wp-image-19736\" src=\"https:\/\/ritosa.click.si\/wp-content\/uploads\/2025\/09\/222-300x171.jpg\" alt=\"\" width=\"300\" height=\"171\" srcset=\"https:\/\/ritosa.click.si\/wp-content\/uploads\/2025\/09\/222-300x171.jpg 300w, https:\/\/ritosa.click.si\/wp-content\/uploads\/2025\/09\/222-1024x583.jpg 1024w, https:\/\/ritosa.click.si\/wp-content\/uploads\/2025\/09\/222-150x85.jpg 150w, https:\/\/ritosa.click.si\/wp-content\/uploads\/2025\/09\/222-768x437.jpg 768w, https:\/\/ritosa.click.si\/wp-content\/uploads\/2025\/09\/222-1536x875.jpg 1536w, https:\/\/ritosa.click.si\/wp-content\/uploads\/2025\/09\/222-2048x1166.jpg 2048w, https:\/\/ritosa.click.si\/wp-content\/uploads\/2025\/09\/222-18x10.jpg 18w, https:\/\/ritosa.click.si\/wp-content\/uploads\/2025\/09\/222-600x342.jpg 600w\" sizes=\"(max-width: 300px) 100vw, 300px\" \/><\/p>","protected":false},"excerpt":{"rendered":"<p>Keo za\u0161titna guma za za\u0161titu va\u0161ih KEO plo\u010da tijekom hodanja.<\/p>","protected":false},"featured_media":19734,"template":"","meta":{"_acf_changed":false,"inline_featured_image":false,"_monsterinsights_skip_tracking":false,"_monsterinsights_sitenote_active":false,"_monsterinsights_sitenote_note":"","_monsterinsights_sitenote_category":0},"product_brand":[1660],"product_cat":[531],"product_tag":[1684,1685,1669,1688,1689],"class_list":{"0":"post-19707","1":"product","2":"type-product","3":"status-publish","4":"has-post-thumbnail","6":"product_brand-look","7":"product_cat-pedala","8":"product_tag-keo-cover","9":"product_tag-keo-cover-look","10":"product_tag-look","11":"product_tag-zascitna-guma-za-ploscice","12":"product_tag-zascitna-guma-za-ploscice-keo","14":"first","15":"instock","16":"taxable","17":"shipping-taxable","18":"purchasable","19":"product-type-simple"},"acf":[],"aioseo_notices":[],"_links":{"self":[{"href":"https:\/\/ritosa.click.si\/hr\/wp-json\/wp\/v2\/product\/19707","targetHints":{"allow":["GET"]}}],"collection":[{"href":"https:\/\/ritosa.click.si\/hr\/wp-json\/wp\/v2\/product"}],"about":[{"href":"https:\/\/ritosa.click.si\/hr\/wp-json\/wp\/v2\/types\/product"}],"wp:featuredmedia":[{"embeddable":true,"href":"https:\/\/ritosa.click.si\/hr\/wp-json\/wp\/v2\/media\/19734"}],"wp:attachment":[{"href":"https:\/\/ritosa.click.si\/hr\/wp-json\/wp\/v2\/media?parent=19707"}],"wp:term":[{"taxonomy":"product_brand","embeddable":true,"href":"https:\/\/ritosa.click.si\/hr\/wp-json\/wp\/v2\/product_brand?post=19707"},{"taxonomy":"product_cat","embeddable":true,"href":"https:\/\/ritosa.click.si\/hr\/wp-json\/wp\/v2\/product_cat?post=19707"},{"taxonomy":"product_tag","embeddable":true,"href":"https:\/\/ritosa.click.si\/hr\/wp-json\/wp\/v2\/product_tag?post=19707"}],"curies":[{"name":"radni list","href":"https:\/\/api.w.org\/{rel}","templated":true}]}}