{"id":19651,"date":"2025-09-23T10:20:46","date_gmt":"2025-09-23T08:20:46","guid":{"rendered":"https:\/\/ritosa.click.si\/?post_type=product&#038;p=19651"},"modified":"2025-09-23T10:24:59","modified_gmt":"2025-09-23T08:24:59","slug":"rocaji-force-pro-grip","status":"publish","type":"product","link":"https:\/\/ritosa.click.si\/hr\/ducan\/biciklizam\/oprema-za-biciklizam\/dodatna-oprema-in-rezervni-deli\/rocke-in-trakovi-krmila\/rocaji-force-pro-grip\/","title":{"rendered":"Gripovi Force PRO-GRIP"},"content":{"rendered":"<ul>\n<li>Zatvorene gumene ru\u010dke bez \u010depova<\/li>\n<li>Dizajnirano za kori\u0161tenje s ru\u010dicom mjenja\u010da GRIP SHIFT<\/li>\n<li>Unutarnji promjer: 22,2 mm<\/li>\n<li>Duljina: 100 mm<\/li>\n<li>Te\u017eina 1 para: 60 g<\/li>\n<\/ul>","protected":false},"excerpt":{"rendered":"<p>Gumeni gripovi upravlja\u010da PRO-GRIP<\/p>","protected":false},"featured_media":19652,"template":"","meta":{"_acf_changed":false,"inline_featured_image":false},"product_brand":[1559],"product_cat":[542],"product_tag":[1624,1625,1626,1613],"class_list":{"0":"post-19651","1":"product","2":"type-product","3":"status-publish","4":"has-post-thumbnail","6":"product_brand-force","7":"product_cat-rocke-in-trakovi-krmila","8":"product_tag-force-pro-grip","9":"product_tag-gumijaste-rocke","10":"product_tag-rocke-grip","11":"product_tag-rocke-za-kolo","13":"first","14":"instock","15":"sale","16":"taxable","17":"shipping-taxable","18":"purchasable","19":"product-type-simple"},"acf":[],"_links":{"self":[{"href":"https:\/\/ritosa.click.si\/hr\/wp-json\/wp\/v2\/product\/19651","targetHints":{"allow":["GET"]}}],"collection":[{"href":"https:\/\/ritosa.click.si\/hr\/wp-json\/wp\/v2\/product"}],"about":[{"href":"https:\/\/ritosa.click.si\/hr\/wp-json\/wp\/v2\/types\/product"}],"wp:featuredmedia":[{"embeddable":true,"href":"https:\/\/ritosa.click.si\/hr\/wp-json\/wp\/v2\/media\/19652"}],"wp:attachment":[{"href":"https:\/\/ritosa.click.si\/hr\/wp-json\/wp\/v2\/media?parent=19651"}],"wp:term":[{"taxonomy":"product_brand","embeddable":true,"href":"https:\/\/ritosa.click.si\/hr\/wp-json\/wp\/v2\/product_brand?post=19651"},{"taxonomy":"product_cat","embeddable":true,"href":"https:\/\/ritosa.click.si\/hr\/wp-json\/wp\/v2\/product_cat?post=19651"},{"taxonomy":"product_tag","embeddable":true,"href":"https:\/\/ritosa.click.si\/hr\/wp-json\/wp\/v2\/product_tag?post=19651"}],"curies":[{"name":"radni list","href":"https:\/\/api.w.org\/{rel}","templated":true}]}}