{"id":19638,"date":"2025-09-22T16:59:17","date_gmt":"2025-09-22T14:59:17","guid":{"rendered":"https:\/\/ritosa.click.si\/?post_type=product&#038;p=19638"},"modified":"2025-09-22T17:04:14","modified_gmt":"2025-09-22T15:04:14","slug":"rocaji","status":"publish","type":"product","link":"https:\/\/ritosa.click.si\/hr\/ducan\/biciklizam\/oprema-za-biciklizam\/dodatna-oprema-in-rezervni-deli\/rocke-in-trakovi-krmila\/rocaji\/","title":{"rendered":"Gripovi Reverse Single Lock-On"},"content":{"rendered":"<p>Izvana su mek\u0161e i udobnije te oja\u010dane plasti\u010dnim dijelom kako se ru\u010dke ne bi o\u0161tetile kada se bicikl nasloni ili klizi po tlu.<\/p>\n<p><strong>Zna\u010dajke:<\/strong><\/p>\n<ul>\n<li>Vrsta: Jednostruki prsten za zaklju\u010davanje<\/li>\n<li>Duljina: 135 mm<\/li>\n<li>Promjer: \u00d8 30 mm<\/li>\n<li>Te\u017eina: 85 g<\/li>\n<li>Boja: Crna<\/li>\n<li>Materijal: Gumena ru\u010dka i aluminijski prsten<\/li>\n<\/ul>","protected":false},"excerpt":{"rendered":"<p>Gripovi s prstenom za zaklju\u010davanje s unutarnje strane.<\/p>","protected":false},"featured_media":19639,"template":"","meta":{"_acf_changed":false,"inline_featured_image":false,"_monsterinsights_skip_tracking":false,"_monsterinsights_sitenote_active":false,"_monsterinsights_sitenote_note":"","_monsterinsights_sitenote_category":0},"product_brand":[1612],"product_cat":[542],"product_tag":[1615,1619,1618,1613],"class_list":{"0":"post-19638","1":"product","2":"type-product","3":"status-publish","4":"has-post-thumbnail","6":"product_brand-reverse","7":"product_cat-rocke-in-trakovi-krmila","8":"product_tag-rocaji","9":"product_tag-rocaji-reverse","10":"product_tag-rocaji-za-kolo","11":"product_tag-rocke-za-kolo","13":"first","14":"instock","15":"sale","16":"taxable","17":"shipping-taxable","18":"purchasable","19":"product-type-simple"},"acf":[],"aioseo_notices":[],"_links":{"self":[{"href":"https:\/\/ritosa.click.si\/hr\/wp-json\/wp\/v2\/product\/19638","targetHints":{"allow":["GET"]}}],"collection":[{"href":"https:\/\/ritosa.click.si\/hr\/wp-json\/wp\/v2\/product"}],"about":[{"href":"https:\/\/ritosa.click.si\/hr\/wp-json\/wp\/v2\/types\/product"}],"wp:featuredmedia":[{"embeddable":true,"href":"https:\/\/ritosa.click.si\/hr\/wp-json\/wp\/v2\/media\/19639"}],"wp:attachment":[{"href":"https:\/\/ritosa.click.si\/hr\/wp-json\/wp\/v2\/media?parent=19638"}],"wp:term":[{"taxonomy":"product_brand","embeddable":true,"href":"https:\/\/ritosa.click.si\/hr\/wp-json\/wp\/v2\/product_brand?post=19638"},{"taxonomy":"product_cat","embeddable":true,"href":"https:\/\/ritosa.click.si\/hr\/wp-json\/wp\/v2\/product_cat?post=19638"},{"taxonomy":"product_tag","embeddable":true,"href":"https:\/\/ritosa.click.si\/hr\/wp-json\/wp\/v2\/product_tag?post=19638"}],"curies":[{"name":"radni list","href":"https:\/\/api.w.org\/{rel}","templated":true}]}}