{"id":19452,"date":"2025-09-11T10:43:53","date_gmt":"2025-09-11T08:43:53","guid":{"rendered":"https:\/\/ritosa.click.si\/?post_type=product&#038;p=19452"},"modified":"2025-09-11T10:47:15","modified_gmt":"2025-09-11T08:47:15","slug":"kljucavnica-master-lock","status":"publish","type":"product","link":"https:\/\/ritosa.click.si\/hr\/ducan\/biciklizam\/oprema-za-biciklizam\/dodatna-oprema-in-rezervni-deli\/kljucavnice\/kljucavnica-master-lock\/","title":{"rendered":"Master Lock sklopivi lokot"},"content":{"rendered":"<div class=\"clearfix text-formatted field field--name-body field--type-text-with-summary field--label-hidden field__item\">\n<p>Master Lock sklopivi klju\u010dni lokot 8335 EURDPRO.<\/p>\n<p><strong>Zna\u010dajke proizvoda:<\/strong><\/p>\n<ul>\n<li>Promjer zgloba: 3,5 mm<\/li>\n<li>Duljina: 840 mm<\/li>\n<li>Te\u017eina: 0,9 kg<\/li>\n<li>4 tipke<\/li>\n<li>Uklju\u010den nosa\u010d za monta\u017eu<\/li>\n<\/ul>\n<\/div>","protected":false},"excerpt":{"rendered":"<p>Master Lock sklopivi lokot s klju\u010dem<\/p>","protected":false},"featured_media":19457,"template":"","meta":{"_acf_changed":false,"inline_featured_image":false,"_monsterinsights_skip_tracking":false,"_monsterinsights_sitenote_active":false,"_monsterinsights_sitenote_note":"","_monsterinsights_sitenote_category":0},"product_brand":[1469],"product_cat":[535],"product_tag":[1470,1506],"class_list":{"0":"post-19452","1":"product","2":"type-product","3":"status-publish","4":"has-post-thumbnail","6":"product_brand-masterlock","7":"product_cat-kljucavnice","8":"product_tag-kljucavnica-master-lock","9":"product_tag-master-lock","11":"first","12":"instock","13":"taxable","14":"shipping-taxable","15":"purchasable","16":"product-type-simple"},"acf":[],"aioseo_notices":[],"_links":{"self":[{"href":"https:\/\/ritosa.click.si\/hr\/wp-json\/wp\/v2\/product\/19452","targetHints":{"allow":["GET"]}}],"collection":[{"href":"https:\/\/ritosa.click.si\/hr\/wp-json\/wp\/v2\/product"}],"about":[{"href":"https:\/\/ritosa.click.si\/hr\/wp-json\/wp\/v2\/types\/product"}],"wp:featuredmedia":[{"embeddable":true,"href":"https:\/\/ritosa.click.si\/hr\/wp-json\/wp\/v2\/media\/19457"}],"wp:attachment":[{"href":"https:\/\/ritosa.click.si\/hr\/wp-json\/wp\/v2\/media?parent=19452"}],"wp:term":[{"taxonomy":"product_brand","embeddable":true,"href":"https:\/\/ritosa.click.si\/hr\/wp-json\/wp\/v2\/product_brand?post=19452"},{"taxonomy":"product_cat","embeddable":true,"href":"https:\/\/ritosa.click.si\/hr\/wp-json\/wp\/v2\/product_cat?post=19452"},{"taxonomy":"product_tag","embeddable":true,"href":"https:\/\/ritosa.click.si\/hr\/wp-json\/wp\/v2\/product_tag?post=19452"}],"curies":[{"name":"radni list","href":"https:\/\/api.w.org\/{rel}","templated":true}]}}