{"id":19448,"date":"2025-09-11T10:24:44","date_gmt":"2025-09-11T08:24:44","guid":{"rendered":"https:\/\/ritosa.click.si\/?post_type=product&#038;p=19448"},"modified":"2025-09-11T12:06:06","modified_gmt":"2025-09-11T10:06:06","slug":"kljucavnica-master-lock-spiralna","status":"publish","type":"product","link":"https:\/\/ritosa.click.si\/hr\/ducan\/biciklizam\/oprema-za-biciklizam\/dodatna-oprema-in-rezervni-deli\/kljucavnice\/kljucavnica-master-lock-spiralna\/","title":{"rendered":"Lokot spiralni Master Lock 1,8 m x 10 mm"},"content":{"rendered":"<div id=\"short_description_block\">\n<div id=\"short_description_content\" class=\"rte align_justify\">\n<div class=\"std\">\n<p>Crni spiralni lokot s klju\u010dem za zaklju\u010davanje bicikala s prilo\u017eenim nosa\u010dem.<\/p>\n<p><strong>Zna\u010dajke:<\/strong><\/p>\n<ul>\n<li>Brava: klju\u010d<\/li>\n<li>Duljina: 1,8 m<\/li>\n<li>Promjer: 10 mm<\/li>\n<li>Razina za\u0161tite: 6\/10<\/li>\n<li>S prakti\u010dnim dr\u017ea\u010dem za ugodnu vo\u017enju<\/li>\n<li>Vinilni premaz smanjuje mogu\u0107nost ogrebotina<\/li>\n<li>Crna boja<\/li>\n<\/ul>\n<\/div>\n<\/div>\n<\/div>","protected":false},"excerpt":{"rendered":"<p>Spiralni lokot s klju\u010dem za zaklju\u010davanje bicikala.<\/p>","protected":false},"featured_media":19451,"template":"","meta":{"_acf_changed":false,"inline_featured_image":false,"_monsterinsights_skip_tracking":false,"_monsterinsights_sitenote_active":false,"_monsterinsights_sitenote_note":"","_monsterinsights_sitenote_category":0},"product_brand":[1469],"product_cat":[535],"product_tag":[1470],"class_list":{"0":"post-19448","1":"product","2":"type-product","3":"status-publish","4":"has-post-thumbnail","6":"product_brand-masterlock","7":"product_cat-kljucavnice","8":"product_tag-kljucavnica-master-lock","10":"first","11":"instock","12":"sale","13":"taxable","14":"shipping-taxable","15":"purchasable","16":"product-type-simple"},"acf":[],"aioseo_notices":[],"_links":{"self":[{"href":"https:\/\/ritosa.click.si\/hr\/wp-json\/wp\/v2\/product\/19448","targetHints":{"allow":["GET"]}}],"collection":[{"href":"https:\/\/ritosa.click.si\/hr\/wp-json\/wp\/v2\/product"}],"about":[{"href":"https:\/\/ritosa.click.si\/hr\/wp-json\/wp\/v2\/types\/product"}],"wp:featuredmedia":[{"embeddable":true,"href":"https:\/\/ritosa.click.si\/hr\/wp-json\/wp\/v2\/media\/19451"}],"wp:attachment":[{"href":"https:\/\/ritosa.click.si\/hr\/wp-json\/wp\/v2\/media?parent=19448"}],"wp:term":[{"taxonomy":"product_brand","embeddable":true,"href":"https:\/\/ritosa.click.si\/hr\/wp-json\/wp\/v2\/product_brand?post=19448"},{"taxonomy":"product_cat","embeddable":true,"href":"https:\/\/ritosa.click.si\/hr\/wp-json\/wp\/v2\/product_cat?post=19448"},{"taxonomy":"product_tag","embeddable":true,"href":"https:\/\/ritosa.click.si\/hr\/wp-json\/wp\/v2\/product_tag?post=19448"}],"curies":[{"name":"radni list","href":"https:\/\/api.w.org\/{rel}","templated":true}]}}