{"id":19426,"date":"2025-09-10T12:43:55","date_gmt":"2025-09-10T10:43:55","guid":{"rendered":"https:\/\/ritosa.click.si\/?post_type=product&#038;p=19426"},"modified":"2026-03-12T16:34:20","modified_gmt":"2026-03-12T15:34:20","slug":"bidon-camelbak-podium-062l-roza","status":"publish","type":"product","link":"https:\/\/ritosa.click.si\/hr\/ducan\/biciklizam\/oprema-za-biciklizam\/dodatna-oprema-in-rezervni-deli\/bidoni\/bidon-camelbak-podium-062l-roza\/","title":{"rendered":"CamelBak Podium boca za vodu 0,62 l \u2013 Roza"},"content":{"rendered":"<p>Najbolja boca za vodu za bicikliste. Ne propu\u0161ta i izvrsna prilagodljivost nosa\u010dima za bidone.<br \/>\nBoca za vodu CamelBak Podium savr\u0161ena je za sve bicikliste, kao i za planinare i rekreativne sporta\u0161e kojima je potrebna stalna hidratacija. Dizajnirana je tako da sigurno stane na ve\u0107inu nosa\u010da za bicikle.<br \/>\n\u010cep ima samozatvaraju\u0107i Jet ventil koji pove\u0107ava protok uz visoki protok, a istovremeno smanjuje prolijevanje i prskanje. Uvijek se otvara ili zatvara jednostavnim okretanjem. Va\u0161e \u0107e tijelo biti pravilno hidrirano, a istovremeno \u0107e se pobolj\u0161ati va\u0161e performanse. Tako\u0111er ima Trutaste polipropilensku tehnologiju s Hydroguard materijalima, tako da uvijek osje\u0107ate okus vode i ni\u0161ta drugo.<br \/>\nBoca ima veliki otvor za to\u010denje, dodavanje energetskih pi\u0107a, leda i omogu\u0107uje jednostavno \u010di\u0161\u0107enje. Svi dijelovi se lako odvajaju i mogu se bez problema prati u perilici posu\u0111a.<br \/>\nBoca Podium ne sadr\u017ei BPA, BPS i BPF, kao ni 100%.<\/p>\n<p>PREDNOSTI<br \/>\n\u2013 Trutaste Hydoguard tehnologija osigurava da okusite svoje pi\u0107e<br \/>\n\u2013 Boca koja se mo\u017ee stisnuti omogu\u0107uje ve\u0107i protok vode<br \/>\n\u2013 Samozatvaraju\u0107i mlazni ventil bez propu\u0161tanja<br \/>\n- Odgovara svim nosa\u010dima za bicikle<br \/>\n\u2013 Univerzalni poklopac kompatibilan s CamelBak Peak Fitness bocama<br \/>\n\u2013 Pranje u perilici posu\u0111a<\/p>\n<p><strong>Tehni\u010dki opis<\/strong><\/p>\n<ul>\n<li>Veli\u010dina 0,62 l<\/li>\n<li>Te\u017eina 80 g<\/li>\n<\/ul>","protected":false},"excerpt":{"rendered":"<p>CamelBak Podium boca za vodu od 0,62 l<\/p>","protected":false},"featured_media":19422,"template":"","meta":{"_acf_changed":false,"inline_featured_image":false,"_monsterinsights_skip_tracking":false,"_monsterinsights_sitenote_active":false,"_monsterinsights_sitenote_note":"","_monsterinsights_sitenote_category":0},"product_brand":[1251],"product_cat":[636],"product_tag":[1475,1479,1478,1474,1477],"class_list":{"0":"post-19426","1":"product","2":"type-product","3":"status-publish","4":"has-post-thumbnail","6":"product_brand-camelbak","7":"product_cat-bidoni","8":"product_tag-bidon","9":"product_tag-bidon-camelbak","10":"product_tag-bidon-camelbak-podium","11":"product_tag-camelbak","12":"product_tag-camelbak-podium","14":"first","15":"instock","16":"sale","17":"taxable","18":"shipping-taxable","19":"purchasable","20":"product-type-simple"},"acf":[],"aioseo_notices":[],"_links":{"self":[{"href":"https:\/\/ritosa.click.si\/hr\/wp-json\/wp\/v2\/product\/19426","targetHints":{"allow":["GET"]}}],"collection":[{"href":"https:\/\/ritosa.click.si\/hr\/wp-json\/wp\/v2\/product"}],"about":[{"href":"https:\/\/ritosa.click.si\/hr\/wp-json\/wp\/v2\/types\/product"}],"wp:featuredmedia":[{"embeddable":true,"href":"https:\/\/ritosa.click.si\/hr\/wp-json\/wp\/v2\/media\/19422"}],"wp:attachment":[{"href":"https:\/\/ritosa.click.si\/hr\/wp-json\/wp\/v2\/media?parent=19426"}],"wp:term":[{"taxonomy":"product_brand","embeddable":true,"href":"https:\/\/ritosa.click.si\/hr\/wp-json\/wp\/v2\/product_brand?post=19426"},{"taxonomy":"product_cat","embeddable":true,"href":"https:\/\/ritosa.click.si\/hr\/wp-json\/wp\/v2\/product_cat?post=19426"},{"taxonomy":"product_tag","embeddable":true,"href":"https:\/\/ritosa.click.si\/hr\/wp-json\/wp\/v2\/product_tag?post=19426"}],"curies":[{"name":"radni list","href":"https:\/\/api.w.org\/{rel}","templated":true}]}}