{"id":19414,"date":"2025-09-10T12:18:10","date_gmt":"2025-09-10T10:18:10","guid":{"rendered":"https:\/\/ritosa.click.si\/?post_type=product&#038;p=19414"},"modified":"2026-03-12T16:33:28","modified_gmt":"2026-03-12T15:33:28","slug":"bidon-camelbak-podium-chill","status":"publish","type":"product","link":"https:\/\/ritosa.click.si\/hr\/ducan\/biciklizam\/oprema-za-biciklizam\/dodatna-oprema-in-rezervni-deli\/bidoni\/bidon-camelbak-podium-chill\/","title":{"rendered":"Boca CamelBak Podium CHILL 0,71 l"},"content":{"rendered":"<p>Dvostruka stijenka boce Podium Chill odr\u017eava vodu hladnom dvostruko dulje od ostalih boca. Najbolji izbor za osiguravanje hladne i dosljedne hidratacije tijekom bicikliranja.<br \/>\nBoca za vodu CamelBak Chill savr\u0161ena je za sve koji cijene hladnu vodu na svojim biciklisti\u010dkim avanturama. Dizajnirana je s toplinskom izolacijom koja vodu odr\u017eava dvostruko toplijom od drugih neizoliranih boca za vodu. CamelBak Chill se lako stiska, \u0161to vam omogu\u0107uje da popijete vi\u0161e vode uz manje napora.<br \/>\nPoklopac ima samozatvaraju\u0107i Jet ventil koji pove\u0107ava protok vode uz visoki protok, a istovremeno smanjuje prolijevanje i prskanje. Uvijek se otvara ili zatvara jednostavnim okretanjem. Va\u0161e \u0107e tijelo biti pravilno hidrirano, a istovremeno \u0107e se pobolj\u0161ati va\u0161e performanse na cesti.<br \/>\nBoca ima veliki otvor za to\u010denje, dodavanje energetskih pi\u0107a, leda i omogu\u0107uje jednostavno \u010di\u0161\u0107enje. Svi dijelovi se lako odvajaju i mogu se bez problema prati u perilici posu\u0111a. Tako\u0111er ima Trutaste polipropilensku tehnologiju s Hydroguard materijalima, tako da uvijek osje\u0107ate okus vode i ni\u0161ta drugo.<br \/>\nDizajniran je da sigurno stane na ve\u0107inu nosa\u010da za bicikle.<br \/>\nPodium Chill 100% ne sadr\u017ei BPA, BPS i BPF.<\/p>\n<p>PREDNOSTI<br \/>\n\u2013 Trutaste Hydroguard tehnologija osigurava da okusite svoje pi\u0107e<br \/>\n\u2013 Odr\u017eava pi\u0107a toplima 2 puta dulje<br \/>\n\u2013 Boca koja se mo\u017ee stisnuti omogu\u0107uje ve\u0107i protok vode<br \/>\n\u2013 Samozatvaraju\u0107i mlazni ventil bez propu\u0161tanja<br \/>\n- Odgovara svim nosa\u010dima za bicikle<br \/>\n\u2013 Univerzalni poklopac kompatibilan s CamelBak Peak Fitness bocama<br \/>\n\u2013 Pranje u perilici posu\u0111a<\/p>\n<p><strong>Tehni\u010dki opis<\/strong><\/p>\n<ul>\n<li>Veli\u010dina 0,71 l<\/li>\n<li>Te\u017eina 130 g<\/li>\n<\/ul>","protected":false},"excerpt":{"rendered":"<p>Boca CamelBak Podium CHILL 0,71 l<\/p>","protected":false},"featured_media":19413,"template":"","meta":{"_acf_changed":false,"inline_featured_image":false,"_monsterinsights_skip_tracking":false,"_monsterinsights_sitenote_active":false,"_monsterinsights_sitenote_note":"","_monsterinsights_sitenote_category":0},"product_brand":[1251],"product_cat":[636],"product_tag":[1475,1479,1491,1474,1492,1493],"class_list":{"0":"post-19414","1":"product","2":"type-product","3":"status-publish","4":"has-post-thumbnail","6":"product_brand-camelbak","7":"product_cat-bidoni","8":"product_tag-bidon","9":"product_tag-bidon-camelbak","10":"product_tag-bidon-camelbak-podium-chill","11":"product_tag-camelbak","12":"product_tag-camelbak-podium-chill","13":"product_tag-podium-chill","15":"first","16":"instock","17":"sale","18":"taxable","19":"shipping-taxable","20":"purchasable","21":"product-type-simple"},"acf":[],"aioseo_notices":[],"_links":{"self":[{"href":"https:\/\/ritosa.click.si\/hr\/wp-json\/wp\/v2\/product\/19414","targetHints":{"allow":["GET"]}}],"collection":[{"href":"https:\/\/ritosa.click.si\/hr\/wp-json\/wp\/v2\/product"}],"about":[{"href":"https:\/\/ritosa.click.si\/hr\/wp-json\/wp\/v2\/types\/product"}],"wp:featuredmedia":[{"embeddable":true,"href":"https:\/\/ritosa.click.si\/hr\/wp-json\/wp\/v2\/media\/19413"}],"wp:attachment":[{"href":"https:\/\/ritosa.click.si\/hr\/wp-json\/wp\/v2\/media?parent=19414"}],"wp:term":[{"taxonomy":"product_brand","embeddable":true,"href":"https:\/\/ritosa.click.si\/hr\/wp-json\/wp\/v2\/product_brand?post=19414"},{"taxonomy":"product_cat","embeddable":true,"href":"https:\/\/ritosa.click.si\/hr\/wp-json\/wp\/v2\/product_cat?post=19414"},{"taxonomy":"product_tag","embeddable":true,"href":"https:\/\/ritosa.click.si\/hr\/wp-json\/wp\/v2\/product_tag?post=19414"}],"curies":[{"name":"radni list","href":"https:\/\/api.w.org\/{rel}","templated":true}]}}