{"id":19407,"date":"2025-09-10T12:01:05","date_gmt":"2025-09-10T10:01:05","guid":{"rendered":"https:\/\/ritosa.click.si\/?post_type=product&#038;p=19407"},"modified":"2026-03-12T13:14:15","modified_gmt":"2026-03-12T12:14:15","slug":"otroski-bidon-camelbak-flip-straw-04l-zabava-unicorn","status":"publish","type":"product","link":"https:\/\/ritosa.click.si\/hr\/ducan\/biciklizam\/oprema-za-biciklizam\/dodatna-oprema-in-rezervni-deli\/bidoni\/otroski-bidon-camelbak-flip-straw-04l-zabava-unicorn\/","title":{"rendered":"Dje\u010dja boca CamelBak FLIP STRAW 0.4l Jednorog"},"content":{"rendered":"<p>Sada najbolje bo\u010dice za va\u0161e mali\u0161ane izra\u0111ene od recikliranog poliestera. Pobolj\u0161ana CamelBak bo\u010dica za djecu koja NE kaplje i NE prolijeva! CamelBak Kids bo\u010dica posebno je dizajnirana za djecu od tri godine i vi\u0161e.<\/p>\n<p>Dovoljno je velik da stane u male dje\u010dje ruke. Siguran je za kori\u0161tenje i ne predstavlja opasnost od gu\u0161enja niti se bilo koji njegov dio mo\u017ee progutati.<br \/>\n\u010cep boce sastoji se od dva dijela. Uklonjivi nastavak za usta izra\u0111en je od medicinskog silikona, koji se otvara kada ga zagrizete i automatski zatvara kada prestanete piti. Nastavak za usta je stoga taman, mekan i ne previ\u0161e tvrd. Pa\u017eljivo odabrani materijal dodatno dokazuje njegovu sigurnost, izdr\u017eljivost i zdravstveno prihvatljivost. Unutar boce nalazi se uklonjiva, tvr\u0111a slamka koja omogu\u0107uje ispijanje boce bez naginjanja ili okretanja, djeca je jednostavno mogu dr\u017eati ravno.<br \/>\nIzljev je otporan na prolijevanje i lako se uklapa u poklopac. \u010cak i ako se boca okrene naopako, ne\u0107e proliti ni kap vode. Poklopac boce tako\u0111er omogu\u0107uje no\u0161enje jednim prstom.<\/p>\n<p>PREDNOSTI:<br \/>\n\u2013 Izra\u0111eno od recikliranog Tritan kopoliestera 50%<br \/>\n\u2013 Posebno dizajnirano za dje\u010dje ruke<br \/>\n\u2013 Upravljanje bocom jednom rukom<br \/>\n\u2013 Patentirani izljev sa slamkom protiv prolijevanja<br \/>\n\u2013 Ru\u010dka koja se lako dr\u017ei omogu\u0107uje no\u0161enje boce s jednim ili dva prsta<br \/>\n\u2013 Lagana, nepropusna i izdr\u017eljiva boca koja se ne\u0107e slomiti kada padne na tlo<br \/>\n\u2013 \u0160iroki otvor omogu\u0107uje jednostavno punjenje vodom i drugim pi\u0107ima<br \/>\n\u2013 Mo\u017ee se koristiti u dr\u017ea\u010dima za boce u automobilu<br \/>\n\u2013 Univerzalni poklopac kompatibilan s drugim CamelBak bocama Eddy+ Kids, Chute Mag i Carry Cap<br \/>\n\u2013 Pranje u perilici posu\u0111a<\/p>","protected":false},"excerpt":{"rendered":"<p>Dje\u010dja boca CamelBak FLIP STRAW 0.4l Jednorog<\/p>","protected":false},"featured_media":19397,"template":"","meta":{"_acf_changed":false,"inline_featured_image":false,"_monsterinsights_skip_tracking":false,"_monsterinsights_sitenote_active":false,"_monsterinsights_sitenote_note":"","_monsterinsights_sitenote_category":0},"product_brand":[1251],"product_cat":[636],"product_tag":[1487,1198,1485,1484,1483,1486],"class_list":{"0":"post-19407","1":"product","2":"type-product","3":"status-publish","4":"has-post-thumbnail","6":"product_brand-camelbak","7":"product_cat-bidoni","8":"product_tag-flasa-za-vaodo-za-otroke","9":"product_tag-otroci","10":"product_tag-otroski-bidon","11":"product_tag-otroski-bidon-camelbak","12":"product_tag-otroski-bidon-camelbak-flip-straw","13":"product_tag-steklenicka-za-otroke","15":"first","16":"instock","17":"sale","18":"taxable","19":"shipping-taxable","20":"purchasable","21":"product-type-simple"},"acf":[],"aioseo_notices":[],"_links":{"self":[{"href":"https:\/\/ritosa.click.si\/hr\/wp-json\/wp\/v2\/product\/19407","targetHints":{"allow":["GET"]}}],"collection":[{"href":"https:\/\/ritosa.click.si\/hr\/wp-json\/wp\/v2\/product"}],"about":[{"href":"https:\/\/ritosa.click.si\/hr\/wp-json\/wp\/v2\/types\/product"}],"wp:featuredmedia":[{"embeddable":true,"href":"https:\/\/ritosa.click.si\/hr\/wp-json\/wp\/v2\/media\/19397"}],"wp:attachment":[{"href":"https:\/\/ritosa.click.si\/hr\/wp-json\/wp\/v2\/media?parent=19407"}],"wp:term":[{"taxonomy":"product_brand","embeddable":true,"href":"https:\/\/ritosa.click.si\/hr\/wp-json\/wp\/v2\/product_brand?post=19407"},{"taxonomy":"product_cat","embeddable":true,"href":"https:\/\/ritosa.click.si\/hr\/wp-json\/wp\/v2\/product_cat?post=19407"},{"taxonomy":"product_tag","embeddable":true,"href":"https:\/\/ritosa.click.si\/hr\/wp-json\/wp\/v2\/product_tag?post=19407"}],"curies":[{"name":"radni list","href":"https:\/\/api.w.org\/{rel}","templated":true}]}}