{"id":19260,"date":"2025-09-01T15:41:26","date_gmt":"2025-09-01T13:41:26","guid":{"rendered":"https:\/\/ritosa.click.si\/?post_type=product&#038;p=19260"},"modified":"2026-03-12T16:54:54","modified_gmt":"2026-03-12T15:54:54","slug":"bidon-cube-flow-750","status":"publish","type":"product","link":"https:\/\/ritosa.click.si\/hr\/ducan\/biciklizam\/oprema-za-biciklizam\/dodatna-oprema-in-rezervni-deli\/bidoni\/bidon-cube-flow-750\/","title":{"rendered":"Cube Flow 750 boca za vodu"},"content":{"rendered":"<p data-start=\"54\" data-end=\"71\"><strong data-start=\"54\" data-end=\"71\">CUBE FLOW 750<\/strong><\/p>\n<p data-start=\"73\" data-end=\"403\">Boca CUBE FLOW ima posebno razvijenu slavinu na povla\u010denje i udoban, mekan izljev za pi\u0107e, kao i veliki navojni \u010dep za jednostavno punjenje i \u010di\u0161\u0107enje. Tijelo boce izra\u0111eno je od izdr\u017eljive i bezmirisne LDPE plastike.<\/p>\n<p data-start=\"405\" data-end=\"421\"><strong data-start=\"405\" data-end=\"421\">Zna\u010dajke:<\/strong><\/p>\n<ul>\n<li data-start=\"425\" data-end=\"459\">Udoban, mekan izljev za pi\u0107e<\/li>\n<li data-start=\"462\" data-end=\"480\">Potisno-povu\u010dni ventil<\/li>\n<li data-start=\"483\" data-end=\"528\">Veliki navojni \u010dep za optimalno punjenje<\/li>\n<li data-start=\"531\" data-end=\"557\">LDPE materijal bez mirisa<\/li>\n<li data-start=\"560\" data-end=\"570\">bez BPA<\/li>\n<li data-start=\"573\" data-end=\"622\">Mo\u017ee se prati u perilici posu\u0111a do 50\u00b0C<\/li>\n<li data-start=\"573\" data-end=\"622\">Transparentan<\/li>\n<li data-start=\"625\" data-end=\"641\">Materijal: LDPE<\/li>\n<li data-start=\"644\" data-end=\"669\">Volumen: 0,75 litara<\/li>\n<li data-start=\"644\" data-end=\"669\">Te\u017eina: 87 g<\/li>\n<\/ul>","protected":false},"excerpt":{"rendered":"<p>Cube Flow boca za vodu kapaciteta 0,75 litara.<\/p>","protected":false},"featured_media":19261,"template":"","meta":{"_acf_changed":false,"inline_featured_image":false,"_monsterinsights_skip_tracking":false,"_monsterinsights_sitenote_active":false,"_monsterinsights_sitenote_note":"","_monsterinsights_sitenote_category":0},"product_brand":[1192],"product_cat":[636],"product_tag":[1338,1337],"class_list":{"0":"post-19260","1":"product","2":"type-product","3":"status-publish","4":"has-post-thumbnail","6":"product_brand-cube","7":"product_cat-bidoni","8":"product_tag-bidon-cube-flow-750-transparent","9":"product_tag-bidone-cube","11":"first","12":"instock","13":"sale","14":"taxable","15":"shipping-taxable","16":"purchasable","17":"product-type-simple"},"acf":[],"aioseo_notices":[],"_links":{"self":[{"href":"https:\/\/ritosa.click.si\/hr\/wp-json\/wp\/v2\/product\/19260","targetHints":{"allow":["GET"]}}],"collection":[{"href":"https:\/\/ritosa.click.si\/hr\/wp-json\/wp\/v2\/product"}],"about":[{"href":"https:\/\/ritosa.click.si\/hr\/wp-json\/wp\/v2\/types\/product"}],"wp:featuredmedia":[{"embeddable":true,"href":"https:\/\/ritosa.click.si\/hr\/wp-json\/wp\/v2\/media\/19261"}],"wp:attachment":[{"href":"https:\/\/ritosa.click.si\/hr\/wp-json\/wp\/v2\/media?parent=19260"}],"wp:term":[{"taxonomy":"product_brand","embeddable":true,"href":"https:\/\/ritosa.click.si\/hr\/wp-json\/wp\/v2\/product_brand?post=19260"},{"taxonomy":"product_cat","embeddable":true,"href":"https:\/\/ritosa.click.si\/hr\/wp-json\/wp\/v2\/product_cat?post=19260"},{"taxonomy":"product_tag","embeddable":true,"href":"https:\/\/ritosa.click.si\/hr\/wp-json\/wp\/v2\/product_tag?post=19260"}],"curies":[{"name":"radni list","href":"https:\/\/api.w.org\/{rel}","templated":true}]}}