{"id":19235,"date":"2025-09-01T12:47:26","date_gmt":"2025-09-01T10:47:26","guid":{"rendered":"https:\/\/ritosa.click.si\/?post_type=product&#038;p=19235"},"modified":"2025-09-01T12:53:18","modified_gmt":"2025-09-01T10:53:18","slug":"blatnik-acid-cube-57-28-bb-mount-2-0","status":"publish","type":"product","link":"https:\/\/ritosa.click.si\/hr\/ducan\/biciklizam\/oprema-za-biciklizam\/dodatna-oprema-in-rezervni-deli\/blatniki\/blatnik-acid-cube-57-28-bb-mount-2-0\/","title":{"rendered":"Blatnik ACID CUBE 57 28\u2033 BB MOUNT 2.0"},"content":{"rendered":"<p><span class=\"HwtZe\" lang=\"sl\"><span class=\"jCAhz ChMk0b\"><span class=\"ryNqvb\">Set blatobrana ACID 57 28\u2033 BB Mount 2.0 posebno je razvijen za ugradnju s nosa\u010dem prtljage SIC RAIL 28 (#94806) na bicikle CUBE Nuroad Carbon od modelne godine 2025. nadalje. Osim toga, kompatibilan je s gumama od 28\u2033 i do 2.00\u2033, pru\u017eaju\u0107i pouzdanu za\u0161titu od blata i prskanja u svim vremenskim uvjetima.<\/span><\/span><\/span><\/p>\n<p><span class=\"HwtZe\" lang=\"sl\"><span class=\"jCAhz ChMk0b\"><span class=\"ryNqvb\">Integracija korisnih detalja poput ACID osvijetljenih ikona, ACID sustava adaptera, FEM optimiziranog dizajna i laganih kabelskih kanala ne samo da pove\u0107ava funkcionalnost ve\u0107 i doprinosi modernom izgledu va\u0161eg bicikla. Instalacija se vr\u0161i na donju osovinu (BB nosa\u010d), \u0161to pru\u017ea \u010dvrstu i sigurnu potporu.<\/span><\/span><\/span><\/p>\n<p><span class=\"HwtZe\" lang=\"sl\"><span class=\"jCAhz ChMk0b\"><span class=\"ryNqvb\">Klju\u010dne zna\u010dajke:<\/span><\/span><\/span><\/p>\n<p><span class=\"HwtZe\" lang=\"sl\"><span class=\"jCAhz ChMk0b\"><span class=\"ryNqvb\">Kompatibilno isklju\u010divo sa SIC RAIL 28 za Nuroad Carbon (MY25 nadalje)<\/span><\/span><\/span><\/p>\n<p><span class=\"HwtZe\" lang=\"sl\"><span class=\"jCAhz ChMk0b\"><span class=\"ryNqvb\">Instalacija na BB Mount sustav (nosa\u010d srednjeg pogona)<\/span><\/span><\/span><\/p>\n<p><span class=\"HwtZe\" lang=\"sl\"><span class=\"jCAhz ChMk0b\"><span class=\"ryNqvb\">Moderan izgled sa sjajnim detaljima logotipa<\/span><\/span><\/span><\/p>\n<p><span class=\"HwtZe\" lang=\"sl\"><span class=\"jCAhz ChMk0b\"><span class=\"ryNqvb\">ACID adapter sustav za jednostavnu instalaciju<\/span><\/span><\/span><\/p>\n<p><span class=\"HwtZe\" lang=\"sl\"><span class=\"jCAhz ChMk0b\"><span class=\"ryNqvb\">FEM optimizirani dizajn za maksimalnu stabilnost i funkcionalnost<\/span><\/span><\/span><\/p>\n<p><span class=\"HwtZe\" lang=\"sl\"><span class=\"jCAhz ChMk0b\"><span class=\"ryNqvb\">Integrirani kanal za svjetlosne kabele \u2013 kompatibilan s ACID stra\u017enjim svjetlima<\/span><\/span><\/span><\/p>\n<p><span class=\"HwtZe\" lang=\"sl\"><span class=\"jCAhz ChMk0b\"><span class=\"ryNqvb\">Opremljen nosa\u010dima i nazubljenim potpornjima za dodatnu sigurnost<\/span><\/span><\/span><\/p>\n<p><span class=\"HwtZe\" lang=\"sl\"><span class=\"jCAhz ChMk0b\"><span class=\"ryNqvb\">Materijal: polipropilen, \u010delik<\/span><\/span><\/span><\/p>\n<p><span class=\"HwtZe\" lang=\"sl\"><span class=\"jCAhz ChMk0b\"><span class=\"ryNqvb\">Kompatibilnost s kota\u010dima: 28\u2033<\/span><\/span><\/span><\/p>\n<p><span class=\"HwtZe\" lang=\"sl\"><span class=\"jCAhz ChMk0b\"><span class=\"ryNqvb\">Maksimalna \u0161irina gume: 2,00<\/span><\/span><\/span><\/p>","protected":false},"excerpt":{"rendered":"<p>Acid blatobrani za 28&quot; kota\u010de<\/p>","protected":false},"featured_media":19241,"template":"","meta":{"_acf_changed":false,"inline_featured_image":false},"product_brand":[1192],"product_cat":[552],"product_tag":[1319,1320,1318],"class_list":{"0":"post-19235","1":"product","2":"type-product","3":"status-publish","4":"has-post-thumbnail","6":"product_brand-cube","7":"product_cat-blatniki","8":"product_tag-acid-blatnik","9":"product_tag-blatnik-28","10":"product_tag-blatnik-acid-cube","12":"first","13":"instock","14":"taxable","15":"shipping-taxable","16":"purchasable","17":"product-type-simple"},"acf":[],"_links":{"self":[{"href":"https:\/\/ritosa.click.si\/hr\/wp-json\/wp\/v2\/product\/19235","targetHints":{"allow":["GET"]}}],"collection":[{"href":"https:\/\/ritosa.click.si\/hr\/wp-json\/wp\/v2\/product"}],"about":[{"href":"https:\/\/ritosa.click.si\/hr\/wp-json\/wp\/v2\/types\/product"}],"wp:featuredmedia":[{"embeddable":true,"href":"https:\/\/ritosa.click.si\/hr\/wp-json\/wp\/v2\/media\/19241"}],"wp:attachment":[{"href":"https:\/\/ritosa.click.si\/hr\/wp-json\/wp\/v2\/media?parent=19235"}],"wp:term":[{"taxonomy":"product_brand","embeddable":true,"href":"https:\/\/ritosa.click.si\/hr\/wp-json\/wp\/v2\/product_brand?post=19235"},{"taxonomy":"product_cat","embeddable":true,"href":"https:\/\/ritosa.click.si\/hr\/wp-json\/wp\/v2\/product_cat?post=19235"},{"taxonomy":"product_tag","embeddable":true,"href":"https:\/\/ritosa.click.si\/hr\/wp-json\/wp\/v2\/product_tag?post=19235"}],"curies":[{"name":"radni list","href":"https:\/\/api.w.org\/{rel}","templated":true}]}}