{"id":19166,"date":"2025-08-21T11:20:45","date_gmt":"2025-08-21T09:20:45","guid":{"rendered":"https:\/\/ritosa.click.si\/?post_type=product&#038;p=19166"},"modified":"2025-08-21T11:21:53","modified_gmt":"2025-08-21T09:21:53","slug":"scitniki-tempish-set","status":"publish","type":"product","link":"https:\/\/ritosa.click.si\/hr\/ducan\/rolerji\/odrasli-rolerji\/scitniki-tempish-set\/","title":{"rendered":"Tempish \u0161titnici \u2013 set"},"content":{"rendered":"<p>TEMPISH TAKY set od 3 \u0161titnika za klizanje pru\u017eaju sigurnu za\u0161titu glavnih dijelova ljudskog tijela gdje su ozljede naj\u010de\u0161\u0107e (osim glave - kacige). Set se sastoji od \u0161titnika za zglob, \u0161titnika za koljena i \u0161titnika za laktove. \u0160titnik za zglob ima plasti\u010dnu podstavu koja \u0161titi zglob s unutarnje strane od ozljeda. Unutarnji dio svih \u0161titnika izra\u0111en je od mekane tkanine koja dobro upija vlagu (znoj) i nje\u017eno klizi po ko\u017ei. \u0160titnik za zglob \u010dvrsto je pri\u010dvr\u0161\u0107en tanjim remenom na dlanu i \u0161irim remenom na zglobu s TEMPISH logotipom. Plasti\u010dna \u0161koljka \u0161titnika za koljena i laktove vrlo je \u010dvrsta i ima savr\u0161en anatomski oblik, \u0161to osigurava stabilan polo\u017eaj \u0161titnika, udobnost tijekom klizanja i kretanja te visoku razinu za\u0161tite od padova. Tekstilni dio \u0161titnika \u010dvrsto je pri\u010dvr\u0161\u0107en na 3 para zakovica. Teksturirani dio \u0161titnika sastoji se od tri dijela: prvi dio je pri\u010dvr\u0161\u0107en elasti\u010dnom trakom iznad zgloba i pomi\u010de se s njim.<\/p>\n<p>Drugi dio \u0161titnika postavlja se direktno na zglob i \u0161titi ga u slu\u010daju udara. Tre\u0107i dio \u0161titnika pri\u010dvr\u0161\u0107en je elasti\u010dnom trakom ispod zgloba i pomi\u010de se zajedno s dijelom ispod zgloba. Ova konstrukcija omogu\u0107uje izvrsno kretanje, a \u0161titnik smanjuje blokiranje tijekom kretanja. Nakon nekog vremena, korisnik prestaje ispu\u0161tati \u0161titnik, jer se on prirodno prilago\u0111ava pokretima kliza\u010da. \u0160titnici su opremljeni rukavom koji dr\u017ei \u0161titnik u ispravnom polo\u017eaju ako se slu\u010dajno olabavi, a tako\u0111er ubla\u017eava pritisak remena na ko\u017eu. \u0160titnici su mirne, konzervativne crne boje, s malim dodacima u boji.<\/p>","protected":false},"excerpt":{"rendered":"<h4 class=\"product-meta__title heading h1\">Tempish set za\u0161titnika<\/h4>","protected":false},"featured_media":19170,"template":"","meta":{"_acf_changed":false,"inline_featured_image":false,"_monsterinsights_skip_tracking":false,"_monsterinsights_sitenote_active":false,"_monsterinsights_sitenote_note":"","_monsterinsights_sitenote_category":0},"product_brand":[1219],"product_cat":[584,583,521],"product_tag":[1233,1236,1229,1237,1234],"class_list":{"0":"post-19166","1":"product","2":"type-product","3":"status-publish","4":"has-post-thumbnail","6":"product_brand-tempish","7":"product_cat-odrasli-rolerji","8":"product_cat-otroski-rolerji","9":"product_cat-scitniki","10":"product_tag-scitniki-tempish","11":"product_tag-scitniki-za-odrasle","12":"product_tag-scitniki-za-rolanje","13":"product_tag-set-scitnikov","14":"product_tag-set-scitnikov-za-otroke","15":"pa_velikost-l","16":"pa_velikost-s","18":"first","19":"instock","20":"sale","21":"taxable","22":"shipping-taxable","23":"purchasable","24":"product-type-variable"},"acf":[],"aioseo_notices":[],"_links":{"self":[{"href":"https:\/\/ritosa.click.si\/hr\/wp-json\/wp\/v2\/product\/19166","targetHints":{"allow":["GET"]}}],"collection":[{"href":"https:\/\/ritosa.click.si\/hr\/wp-json\/wp\/v2\/product"}],"about":[{"href":"https:\/\/ritosa.click.si\/hr\/wp-json\/wp\/v2\/types\/product"}],"wp:featuredmedia":[{"embeddable":true,"href":"https:\/\/ritosa.click.si\/hr\/wp-json\/wp\/v2\/media\/19170"}],"wp:attachment":[{"href":"https:\/\/ritosa.click.si\/hr\/wp-json\/wp\/v2\/media?parent=19166"}],"wp:term":[{"taxonomy":"product_brand","embeddable":true,"href":"https:\/\/ritosa.click.si\/hr\/wp-json\/wp\/v2\/product_brand?post=19166"},{"taxonomy":"product_cat","embeddable":true,"href":"https:\/\/ritosa.click.si\/hr\/wp-json\/wp\/v2\/product_cat?post=19166"},{"taxonomy":"product_tag","embeddable":true,"href":"https:\/\/ritosa.click.si\/hr\/wp-json\/wp\/v2\/product_tag?post=19166"}],"curies":[{"name":"radni list","href":"https:\/\/api.w.org\/{rel}","templated":true}]}}