{"id":19098,"date":"2025-08-08T11:19:00","date_gmt":"2025-08-08T09:19:00","guid":{"rendered":"https:\/\/ritosa.click.si\/?post_type=product&#038;p=19098"},"modified":"2026-02-11T10:49:43","modified_gmt":"2026-02-11T09:49:43","slug":"rog-pony-classic-3-5","status":"publish","type":"product","link":"https:\/\/ritosa.click.si\/hr\/ducan\/biciklizam\/kotaci\/rog-pony-kolesa\/classic-3\/rog-pony-classic-3-5\/","title":{"rendered":"Rog PONY CLASSIC 3"},"content":{"rendered":"<ul class=\"technical-specifications\">\n<li><strong>Okvir:<\/strong> <i>Al6061, sklopivi okvir s prtlja\u017enikom<\/i><\/li>\n<li><strong>Vilica:<\/strong> <i>Al6061, profilirane s nastavcima za V ko\u010dnice, 1 1\/8<\/i><\/li>\n<li><strong>Le\u017eaj upravlja\u010da:<\/strong> <i>Neco H112N, polintegriran le\u017eaj s navojem 1 1\/8<\/i><\/li>\n<li><strong>Le\u017eaj pogona:<\/strong> <i>Thun, 68mm BSA integrirani le\u017eaj, \u010detverorubna os<\/i><\/li>\n<li><strong>Pogonska osovina:<\/strong> <i>Sturmey Archer FCS441 1\/2-1\/8, 44T, 170 mm<\/i><\/li>\n<li><strong>Glava upravlja\u010da:<\/strong> <i>Al6061, \u00d825,4 mm x 300 mm<\/i><\/li>\n<li><strong>Volan:<\/strong> <i>Al6061, \u0161irina 660mm, visina 200mm<\/i><\/li>\n<li><strong>Ru\u010dice ko\u010dnica:<\/strong> <i>Promax<\/i><\/li>\n<li><strong>Ko\u010dnice:<\/strong> <i>Promax TX-121<\/i><\/li>\n<li><strong>Sajle:<\/strong> <i>Jagwire<\/i><\/li>\n<li><strong>Sjedalo:<\/strong> <i>Sele San Remo Be\u010d<\/i><\/li>\n<li><strong>Potpora sjedala:<\/strong> <i>Al6061, \u00d833,9 mm x 400 mm<\/i><\/li>\n<li><strong>Prednji pesto:<\/strong> <i>Shimano AHBTX500<\/i><\/li>\n<li><strong>Zadnji pesto:<\/strong> <i>Sturmey Archer RS-RF3<\/i><\/li>\n<li><strong>Kola:<\/strong> <i>Nepal<\/i><\/li>\n<li><strong>Gume:<\/strong> <i>Kenda<\/i><\/li>\n<li><strong>Lanac:<\/strong> <i>KMC, 1\/2- 1\/8<\/i><\/li>\n<li><strong>Pedale:<\/strong> <i>Aluminijsko tijelo, neklizaju\u0107a crna boja, Marwi 9\/16\u2033<\/i><\/li>\n<li><strong>Svjetla:<\/strong> <i>Baterijske LED lampe<\/i><\/li>\n<li><strong>Blatobrani:<\/strong> <i>Eurofender DUO<\/i><\/li>\n<li><strong>Stojalo:<\/strong> <i>Ursus 71<\/i><\/li>\n<li><strong>Te\u017eina:<\/strong> <i>14 kg (prosje\u010dna te\u017eina sastavljenog bicikla)<\/i><\/li>\n<\/ul>\n<p><span style=\"font-weight: 400\">VOZITE SE SA STILOM \u2013 Retro izgled s modernim dodirom.\nPony je bicikl za svaku priliku. Odli\u010dno pristaje uz kupa\u0107i kostim, sportsku eleganciju ili ve\u010dernje haljine.<\/span><\/p>\n<p><span style=\"font-weight: 400\">SIGURNOST NA PRVOM MJESTU \u2013 Dva elektri\u010dna LED svjetla, reflektori i odzivne ko\u010dnice osiguravaju sigurnu vo\u017enju va\u0161im Ponyjem.\nIako vas udobna vo\u017enja mo\u017ee iznenaditi neo\u010dekivanom brzinom.<\/span><\/p>\n<p>3 UNUTARNJE BRZINE \u2013 Unutarnji prijenos omogu\u0107uje pouzdano mijenjanje brzina u svim uvjetima.\nOsim toga, vrlo su jednostavni za odr\u017eavanje i traju dulje od vanjskih prijenosa.\nA \u0161to je najva\u017enije \u2013 brzine mo\u017eete mijenjati \u010dak i kada ne okre\u0107ete pedale.<\/p>\n<p><span style=\"font-weight: 400\">Uvijek postoji prilika za vo\u017enju biciklom. Samo sjednite na svoj Pony i krenite.\nPrtlja\u017enik vam omogu\u0107uje prijevoz prtljage, a sklopivi okvir idealan je za transport bicikla u automobilu ili vlaku.<\/span><\/p>","protected":false},"excerpt":{"rendered":"<p>Pony Classic 3 \u2013 3 unutarnje brzine<\/p>\n<p><span lang=\"sl\" xml:lang=\"sl\">Tehni\u010dke i vozne karakteristike bicikla Pony Classic 3 idealne su za svakodnevnu, ali i povremenu vo\u017enju po gradu.\nS njim \u0107ete lako savladati sve prepreke na putu i br\u017ee sti\u0107i do svog odredi\u0161ta.<\/span><\/p>","protected":false},"featured_media":19101,"template":"","meta":{"_acf_changed":false,"inline_featured_image":false},"product_brand":[1194],"product_cat":[1214,490],"product_tag":[1636,2130,2129,1638],"class_list":{"0":"post-19098","1":"product","2":"type-product","3":"status-publish","4":"has-post-thumbnail","6":"product_brand-rog","7":"product_cat-classic-3","8":"product_cat-rog-pony-kolesa","9":"product_tag-pony","10":"product_tag-pony-kolo","11":"product_tag-rog","12":"product_tag-rog-pony","13":"pa_barva-bela","14":"pa_barva-crna","15":"pa_barva-modra","16":"pa_barva-rdeca","17":"pa_barva-zelena","19":"first","20":"instock","21":"sale","22":"taxable","23":"shipping-taxable","24":"purchasable","25":"product-type-simple"},"acf":[],"_links":{"self":[{"href":"https:\/\/ritosa.click.si\/hr\/wp-json\/wp\/v2\/product\/19098","targetHints":{"allow":["GET"]}}],"collection":[{"href":"https:\/\/ritosa.click.si\/hr\/wp-json\/wp\/v2\/product"}],"about":[{"href":"https:\/\/ritosa.click.si\/hr\/wp-json\/wp\/v2\/types\/product"}],"wp:featuredmedia":[{"embeddable":true,"href":"https:\/\/ritosa.click.si\/hr\/wp-json\/wp\/v2\/media\/19101"}],"wp:attachment":[{"href":"https:\/\/ritosa.click.si\/hr\/wp-json\/wp\/v2\/media?parent=19098"}],"wp:term":[{"taxonomy":"product_brand","embeddable":true,"href":"https:\/\/ritosa.click.si\/hr\/wp-json\/wp\/v2\/product_brand?post=19098"},{"taxonomy":"product_cat","embeddable":true,"href":"https:\/\/ritosa.click.si\/hr\/wp-json\/wp\/v2\/product_cat?post=19098"},{"taxonomy":"product_tag","embeddable":true,"href":"https:\/\/ritosa.click.si\/hr\/wp-json\/wp\/v2\/product_tag?post=19098"}],"curies":[{"name":"radni list","href":"https:\/\/api.w.org\/{rel}","templated":true}]}}