{"id":18999,"date":"2025-07-14T12:37:13","date_gmt":"2025-07-14T10:37:13","guid":{"rendered":"https:\/\/ritosa.click.si\/?post_type=product&#038;p=18999"},"modified":"2026-03-13T19:04:54","modified_gmt":"2026-03-13T18:04:54","slug":"cube-numove-160-3","status":"publish","type":"product","link":"https:\/\/ritosa.si\/hr\/trgovina\/kolesarstvo\/kolesa\/otroska-kolesa\/16\/cube-numove-160-3\/","title":{"rendered":"CUBE NUMOVE 160 \u2013 bijela"},"content":{"rendered":"<p><strong>CUBE NUMOVE 160<\/strong><\/p>\n<p>Ba\u0161 kao i na\u0161i bicikli za odrasle,\u00a0<strong>Numove 160 kombinira zabavno, responzivno upravljanje sa stabilnim i predvidljivim upravljanjem.<\/strong>\u00a0\u2013 s dodatnom sigurno\u0161\u0107u, kako je pro\u0161lo\u00a0<strong>na\u0161e stroge interne procedure testiranja<\/strong>.\u00a0<strong>Lagani okvir od aluminija 6061<\/strong>\u00a0ima\u00a0<strong>zaobljeni rubovi i kutovi<\/strong>kako bi se smanjio rizik od ozljeda, a istovremeno bio dovoljno \u010dvrst da izdr\u017ei\u00a0<strong>dje\u010dja upotreba<\/strong>.\u00a0<strong>Raznolike kombinacije boja<\/strong>\u00a0jam\u010de da \u0107e\u00a0<strong>Numove 160 je zaokupio ma\u0161tu svakog djeteta<\/strong>.<\/p>\n<p><em>Cube Numove 160 idealan je za djecu visine izme\u0111u 102 i 111 cm i duljine koraka od 41 do 49 cm.<\/em><\/p>\n<p><em>Maksimalno optere\u0107enje: 30 kg<\/em><\/p>\n<p><strong>Specifikacije<\/strong><\/p>\n<ul>\n<li><strong>Okvir<\/strong>Aluminij Lite 6061<\/li>\n<li><strong>Vilica<\/strong>Aluminij Lite 6061<\/li>\n<li><strong>Le\u017eaj vilice<\/strong>KOCKA<\/li>\n<li><strong>Nosa\u010d upravlja\u010da<\/strong>CUBE Aluminum Lite<\/li>\n<li><strong>Volan<\/strong>KOCKA ZA DJECU 450 mm, \u00d8 16 mm<\/li>\n<li><strong>Volan \/ Traka za volan<\/strong>Prirodna fit djeca 16.0<\/li>\n<li><strong>Ko\u010dnice<\/strong>Aluminijske V-ko\u010dnice<\/li>\n<li><strong>Pogonska osovina<\/strong>Thun Shorty-ML Sl, kvadratna, \u0161irina BB kuglice 68 mm<\/li>\n<li><strong>Voza\u010d<\/strong>ACID Numove 25T, 105 mm, uski Q-faktor<\/li>\n<li><strong>Za\u0161tita radilice<\/strong>Kiselina<\/li>\n<li><strong>Pedale<\/strong>CUBE PP MTB<\/li>\n<li><strong>Lanac<\/strong>KMC HV500<\/li>\n<li><strong>Prednja glav\u010dina<\/strong>Novatec SL<\/li>\n<li><strong>Stra\u017enja glav\u010dina<\/strong>KT-A13R, 16T<\/li>\n<li><strong>Vanjske gume<\/strong>Schwalbe Smart Sam, 16 x 1.5<\/li>\n<li><strong>Sjedalo<\/strong>: CUBE Kid<\/li>\n<li><strong>Potpora sjedala<\/strong>CUBE Performance stup, 27,2 mm<\/li>\n<li><strong>Te\u017eina<\/strong>:\u00a0<strong>5,6 kg<\/strong><\/li>\n<\/ul>","protected":false},"excerpt":{"rendered":"<p>Otro\u0161ko kolo 16&#8221; Cube Numove 160<\/p>","protected":false},"featured_media":19000,"template":"","meta":{"_acf_changed":false,"inline_featured_image":false,"_monsterinsights_skip_tracking":false,"_monsterinsights_sitenote_active":false,"_monsterinsights_sitenote_note":"","_monsterinsights_sitenote_category":0},"product_brand":[1192],"product_cat":[645],"product_tag":[1198,1202,1007],"class_list":{"0":"post-18999","1":"product","2":"type-product","3":"status-publish","4":"has-post-thumbnail","6":"product_brand-cube","7":"product_cat-645","8":"product_tag-otroci","9":"product_tag-otroska-kolesa","10":"product_tag-otrosko-kolo","11":"pa_barva-bela","12":"pa_barva-crna","14":"first","15":"instock","16":"sale","17":"taxable","18":"shipping-taxable","19":"purchasable","20":"product-type-simple"},"acf":[],"aioseo_notices":[],"_links":{"self":[{"href":"https:\/\/ritosa.si\/hr\/wp-json\/wp\/v2\/product\/18999","targetHints":{"allow":["GET"]}}],"collection":[{"href":"https:\/\/ritosa.si\/hr\/wp-json\/wp\/v2\/product"}],"about":[{"href":"https:\/\/ritosa.si\/hr\/wp-json\/wp\/v2\/types\/product"}],"wp:featuredmedia":[{"embeddable":true,"href":"https:\/\/ritosa.si\/hr\/wp-json\/wp\/v2\/media\/19000"}],"wp:attachment":[{"href":"https:\/\/ritosa.si\/hr\/wp-json\/wp\/v2\/media?parent=18999"}],"wp:term":[{"taxonomy":"product_brand","embeddable":true,"href":"https:\/\/ritosa.si\/hr\/wp-json\/wp\/v2\/product_brand?post=18999"},{"taxonomy":"product_cat","embeddable":true,"href":"https:\/\/ritosa.si\/hr\/wp-json\/wp\/v2\/product_cat?post=18999"},{"taxonomy":"product_tag","embeddable":true,"href":"https:\/\/ritosa.si\/hr\/wp-json\/wp\/v2\/product_tag?post=18999"}],"curies":[{"name":"radni list","href":"https:\/\/api.w.org\/{rel}","templated":true}]}}