{"id":18994,"date":"2025-07-14T11:49:11","date_gmt":"2025-07-14T09:49:11","guid":{"rendered":"https:\/\/ritosa.click.si\/?post_type=product&#038;p=18994"},"modified":"2026-03-14T18:06:45","modified_gmt":"2026-03-14T17:06:45","slug":"gt-laguna-26","status":"publish","type":"product","link":"https:\/\/ritosa.click.si\/hr\/ducan\/biciklizam\/kotaci\/djecji-bicikli-2\/26-2\/gt-laguna-26\/","title":{"rendered":"GT Laguna 26\u201d"},"content":{"rendered":"<ul>\n<li>OKVIR \u2013 Okvir od aluminija 6061-T6 s prohodnim vratilom, s izmjenjivim dr\u017ea\u010dem mjenja\u010da i glavom cijevi 1 1\/8\u201d<\/li>\n<li>VILICA \u2013 All Terra CH-565, 80 mm, zavojnica<\/li>\n<li>PRSTENOVI \u2013 All Terra dvostruki zid, 32 sata<\/li>\n<li>PREDNJA GLAV\u010cINA \u2013 Aluminijska, QR<\/li>\n<li>STRA\u017dNJA GLAV\u010cINA \u2013 Aluminijski slobodni kota\u010d, QR<\/li>\n<li>\u017dBICE \u2013 Nehr\u0111aju\u0107i \u010delik, 14g<\/li>\n<li>GUME \u2013 26 x 2.10<\/li>\n<li>KASETA \u2013 Prowheel Alloy, 42\/34\/24<\/li>\n<li>LANAC \u2013 KMC Z7, 7 brzina<\/li>\n<li>STRA\u017dNJI LANAC - Sunrace, 14-34, 7 brzina<\/li>\n<li>PREDNJI MJENJA\u010c \u2013 Shimano Tourney, obujmica 31.8<\/li>\n<li>STRA\u017dNJI MJENJA\u010c \u2013 Shimano Tourney<\/li>\n<li>MJENJA\u010cI \u2013 MicroSHIFT 3\u00d77<\/li>\n<li>UPRAVLJA\u010c \u2013 GT All Terra Alloy Riser, podizanje 20 mm, nagib 9\u00b0, podizanje 5\u00b0, \u0161irina 640 mm<\/li>\n<li>RU\u010cKE \u2013 GT izjava<\/li>\n<li>NOSA\u010c UPRAVLJA\u010cA \u2013 tip Alloy Ahead<\/li>\n<li>HLADNJAK \u2013 1 1\/8 Ahead tip<\/li>\n<li>KO\u010cNICE \u2013 V-ko\u010dnice<\/li>\n<li>RU\u010cICE KO\u010cNICA \u2013 Aluminijske V-tip<\/li>\n<li>SEAT \u2013 GT Pavement<\/li>\n<li>CIJEV SJEDALA \u2013 Aluminijska 27,2 x 300 mm<\/li>\n<\/ul>","protected":false},"excerpt":{"rendered":"<p>Dje\u010dji bicikl GT Laguna 26\u201d \u2013 21 brzina<\/p>\n<p>GT Laguna 26&quot; je lagan i pouzdan dje\u010dji bicikl dizajniran za mlade voza\u010de. Aluminijski okvir sa sni\u017eenim ulazom omogu\u0107uje jednostavno sila\u017eenje, dok prednji ovjes s 80 mm hoda apsorbira neravnine. Opremljen je izdr\u017eljivim 26&quot; kota\u010dima, 21 Shimano Tourney mjenja\u010dem i V-ko\u010dnicama za sigurno zaustavljanje u svim uvjetima.<\/p>","protected":false},"featured_media":18995,"template":"","meta":{"_acf_changed":false,"inline_featured_image":false},"product_brand":[675],"product_cat":[648],"product_tag":[1198,1202,1007],"class_list":{"0":"post-18994","1":"product","2":"type-product","3":"status-publish","4":"has-post-thumbnail","6":"product_brand-gt","7":"product_cat-26-2","8":"product_tag-otroci","9":"product_tag-otroska-kolesa","10":"product_tag-otrosko-kolo","11":"pa_velikost-okvirja-m","13":"first","14":"instock","15":"sale","16":"taxable","17":"shipping-taxable","18":"purchasable","19":"product-type-variable"},"acf":[],"_links":{"self":[{"href":"https:\/\/ritosa.click.si\/hr\/wp-json\/wp\/v2\/product\/18994","targetHints":{"allow":["GET"]}}],"collection":[{"href":"https:\/\/ritosa.click.si\/hr\/wp-json\/wp\/v2\/product"}],"about":[{"href":"https:\/\/ritosa.click.si\/hr\/wp-json\/wp\/v2\/types\/product"}],"wp:featuredmedia":[{"embeddable":true,"href":"https:\/\/ritosa.click.si\/hr\/wp-json\/wp\/v2\/media\/18995"}],"wp:attachment":[{"href":"https:\/\/ritosa.click.si\/hr\/wp-json\/wp\/v2\/media?parent=18994"}],"wp:term":[{"taxonomy":"product_brand","embeddable":true,"href":"https:\/\/ritosa.click.si\/hr\/wp-json\/wp\/v2\/product_brand?post=18994"},{"taxonomy":"product_cat","embeddable":true,"href":"https:\/\/ritosa.click.si\/hr\/wp-json\/wp\/v2\/product_cat?post=18994"},{"taxonomy":"product_tag","embeddable":true,"href":"https:\/\/ritosa.click.si\/hr\/wp-json\/wp\/v2\/product_tag?post=18994"}],"curies":[{"name":"radni list","href":"https:\/\/api.w.org\/{rel}","templated":true}]}}