{"id":18858,"date":"2025-07-12T12:22:00","date_gmt":"2025-07-12T10:22:00","guid":{"rendered":"https:\/\/ritosa.click.si\/?post_type=product&#038;p=18858"},"modified":"2026-03-13T16:49:36","modified_gmt":"2026-03-13T15:49:36","slug":"poganjalec-weezee-2","status":"publish","type":"product","link":"https:\/\/ritosa.click.si\/hr\/ducan\/biciklizam\/kotaci\/djecji-bicikli-2\/otroski-poganjalci\/poganjalec-weezee-2\/","title":{"rendered":"Guralica Weezee"},"content":{"rendered":"<p><strong>Oslonac za noge<\/strong>\u00a0\u2013 Pa\u017eljivo dizajniran kako bi va\u0161em djetetu pru\u017eio udobniju vo\u017enju i prirodan razvoj ravnote\u017ee. Uz njegovu pomo\u0107, va\u0161 mali\u0161an intuitivno u\u010di odr\u017eavati pravilan polo\u017eaj tijela, \u0161to doprinosi ve\u0107oj stabilnosti i sigurnosti tijekom vo\u017enje.<\/p>\n<p><strong>Ergonomsko sjedalo<\/strong>\u00a0s ozna\u010denim visinama za optimalno pode\u0161avanje. Najni\u017ea visina sjedala je samo 31 cm, \u0161to pomi\u010de te\u017ei\u0161te ni\u017ee, \u0161to djeci olak\u0161ava dosezanje tla i odr\u017eavanje ravnote\u017ee.<\/p>\n<p><strong>Kota\u010di od EVA pjene<\/strong>, koje ne zahtijevaju napuhavanje, \u0161to zna\u010di manje odr\u017eavanja i ve\u0107u otpornost na probijanje.<\/p>\n<p><strong>Zaobljena podlo\u0161ka i vijak bez o\u0161trih rubova<\/strong>\u00a0osigurava najvi\u0161u razinu sigurnosti za djecu.<\/p>\n<p><strong>Ru\u010dke za volan<\/strong>\u00a0Izra\u0111eno od neklizaju\u0107e gume s dodatnom produ\u017eenom za\u0161titom sa strane dje\u010djih dlanova.<\/p>\n<p><strong>Ograni\u010dava\u010d upravlja\u010da<\/strong>\u00a0smanjuje rizik od ozljeda sprje\u010davanjem naglih i prekomjernih okretanja volana.<\/p>\n<p>Inovativni okvir \u2013\u00a0<strong>izuzetno lagan aluminijski okvir<\/strong>Anodizirani okvir pru\u017ea dodatnu za\u0161titu i otpornost na ogrebotine, \u0161to ga \u010dini izdr\u017eljivim i prikladnim za dugotrajnu upotrebu. Niskoprofilni dizajn olak\u0161ava va\u0161em djetetu ulazak i izlazak iz kolica.<\/p>\n<p>Weezee pogoni te\u017ee samo\u00a0<strong>2,45 kg<\/strong>, \u0161to ih \u010dini me\u0111u najlak\u0161ima na tr\u017ei\u0161tu. Zbog male te\u017eine, djeca i roditelji ih mogu lako nositi i premje\u0161tati.<\/p>\n<p>I najbolje od svega \u2013 za potpuni mir, okvir pogona prati\u00a0<strong>do\u017eivotno ograni\u010deno jamstvo<\/strong>, jer vjerujemo u njegovu kvalitetu i trajnost.<\/p>\n<h4>Tehni\u010dke specifikacije<\/h4>\n<p>Materijali<\/p>\n<ul>\n<li>Okvir: 6062 aluminij, eloksirani<\/li>\n<li>Cijev sjedala: aluminij 6062<\/li>\n<li>Volan: aluminij 6062<\/li>\n<li>Vilica: 6062 aluminij, eloksirani<\/li>\n<\/ul>\n<p>Te\u017eina: 2,45 kg<\/p>\n<p>Bicikli<\/p>\n<ul>\n<li>Izra\u0111eno od EVA pjene<\/li>\n<li>Omogu\u0107uju jednostavnu i udobnu vo\u017enju bez potrebe za napuhavanje<\/li>\n<li>Promjer kota\u010da: 29 cm<\/li>\n<\/ul>\n<p>Ergonomsko i podesivo sjedalo (s oznakom visine)<\/p>\n<ul>\n<li>Minimalna visina sjedala: 31 cm<\/li>\n<li>Maksimalna visina sjedala: 41 cm<\/li>\n<\/ul>\n<p>Anodizirani okvir i vilica:<\/p>\n<ul>\n<li>Pove\u0107ana otpornost na ogrebotine, koroziju i vremenske uvjete<\/li>\n<li>Dugotrajna stabilnost boje<\/li>\n<\/ul>\n<p>Weezee je izuzetno lagan, izdr\u017eljiv i savr\u0161en za male avanturiste.<\/p>\n<div><em>Boje na fotografijama mogu se malo razlikovati od stvarnih, ali u\u017eivo su jo\u0161 \u017eivlje i ljep\u0161e.<\/em><\/div>\n<div>\n<p><strong>UPOZORENJA<\/strong><\/p>\n<ul>\n<li><strong><em>Obavezno no\u0161enje za\u0161titne opreme! (kaciga, \u0161titnici za zglobove, laktove i koljena)<\/em><\/strong><\/li>\n<li><strong><em>Predmet nije namijenjen za upotrebu u prometu!<\/em><\/strong><\/li>\n<li><strong><em>Prije upotrebe obavezno pro\u010ditajte upute za uporabu i upozorenja.<\/em><\/strong><\/li>\n<li><strong><em>Igra\u010dka<\/em>\u00a0<em>koristite s oprezom jer je potrebno puno vje\u0161tine kako biste izbjegli padove ili sudare,\u00a0<\/em><em>\u0161to bi moglo uzrokovati ozljedu korisnika ili tre\u0107e strane.<\/em><\/strong><\/li>\n<\/ul>\n<\/div>","protected":false},"excerpt":{"rendered":"<p>Weezee guralica savr\u0161en je suputnik va\u0161eg mali\u0161ana od 2. do 6. godine, jer raste s njim i omogu\u0107uje mu da istra\u017euje i osvoji svijet na dva kota\u010da!<\/p>\n<ul>\n<li>Iznimno lagan \u2013 samo 2,45 kg<\/li>\n<li>Do\u017eivotno jamstvo na aluminijski okvir<\/li>\n<li>Inovativni oslonac za noge<\/li>\n<li>Dizajnirano u EU<\/li>\n<\/ul>","protected":false},"featured_media":21471,"template":"","meta":{"_acf_changed":false,"inline_featured_image":false},"product_brand":[1205],"product_cat":[566],"product_tag":[1198,1202,1206,1207,1208],"class_list":{"0":"post-18858","1":"product","2":"type-product","3":"status-publish","4":"has-post-thumbnail","6":"product_brand-weezee","7":"product_cat-otroski-poganjalci","8":"product_tag-otroci","9":"product_tag-otroska-kolesa","10":"product_tag-otroski-poganjalci","11":"product_tag-poganjalci","12":"product_tag-weezee","13":"pa_barva-crna","14":"pa_barva-modra","15":"pa_barva-rdeca","16":"pa_barva-roza","18":"first","19":"instock","20":"sale","21":"taxable","22":"shipping-taxable","23":"purchasable","24":"product-type-variable"},"acf":[],"_links":{"self":[{"href":"https:\/\/ritosa.click.si\/hr\/wp-json\/wp\/v2\/product\/18858","targetHints":{"allow":["GET"]}}],"collection":[{"href":"https:\/\/ritosa.click.si\/hr\/wp-json\/wp\/v2\/product"}],"about":[{"href":"https:\/\/ritosa.click.si\/hr\/wp-json\/wp\/v2\/types\/product"}],"wp:featuredmedia":[{"embeddable":true,"href":"https:\/\/ritosa.click.si\/hr\/wp-json\/wp\/v2\/media\/21471"}],"wp:attachment":[{"href":"https:\/\/ritosa.click.si\/hr\/wp-json\/wp\/v2\/media?parent=18858"}],"wp:term":[{"taxonomy":"product_brand","embeddable":true,"href":"https:\/\/ritosa.click.si\/hr\/wp-json\/wp\/v2\/product_brand?post=18858"},{"taxonomy":"product_cat","embeddable":true,"href":"https:\/\/ritosa.click.si\/hr\/wp-json\/wp\/v2\/product_cat?post=18858"},{"taxonomy":"product_tag","embeddable":true,"href":"https:\/\/ritosa.click.si\/hr\/wp-json\/wp\/v2\/product_tag?post=18858"}],"curies":[{"name":"radni list","href":"https:\/\/api.w.org\/{rel}","templated":true}]}}