{"id":14354,"date":"2025-06-11T09:51:42","date_gmt":"2025-06-11T09:51:42","guid":{"rendered":"https:\/\/ritosa.click.si\/?post_type=product&#038;p=14354"},"modified":"2026-03-27T17:56:30","modified_gmt":"2026-03-27T16:56:30","slug":"skiro-roces-citizen-230mm-2","status":"publish","type":"product","link":"https:\/\/ritosa.click.si\/hr\/ducan\/skiroji\/klasicni-skiroji\/skiro-roces-citizen-230mm-2\/","title":{"rendered":"Romobil Roces CITIZEN 230 mm"},"content":{"rendered":"<div>Skiro Roces CITIZEN je odli\u010dna izbira za tiste, ki i\u0161\u010dejo zanesljiv in udoben skiro za vsakodnevno uporabo v mestnem okolju. Skiro je enostaven za vo\u017enjo in se hitro ter enostavno zlo\u017ei v le nekaj sekundah, poleg tega pa ima \u0161e lahek aluminijast okvir, ki omogo\u010da enostaven transport. Na zadnjem kolescu pa ima no\u017eno zavoro, ki zagotavlja dodatno varnost.<\/div>\n<div class=\"section-bg fill\">Lastnosti:<\/div>\n<div class=\"section-bg fill\">\n<div class=\"section-content relative\">\n<div id=\"row-1199468660\" class=\"row m-auto\">\n<div id=\"col-2068847915\" class=\"col pb-0 small-12 large-12\">\n<div class=\"col-inner\">\n<ul>\n<li>Barva:\u00a0<span class=\"relative -mx-px my-[-0.2rem] rounded px-px py-[0.2rem] transition-colors duration-100 ease-in-out\">\u010drno modra<\/span><\/li>\n<li>Kolesa: 230 mm PU + 180 mm PU<\/li>\n<li>Okvir: aluminij<\/li>\n<li>Le\u017eaj: ABEC 7<\/li>\n<li>Ergonomski ro\u010daji<\/li>\n<li>Najve\u010dja te\u017ea: 100 kg<\/li>\n<li>Amortizer: da<\/li>\n<\/ul>\n<p><strong>Opozorilo!<\/strong>\u00a0Pri uporabi je potrebno nositi za\u0161\u010ditno opremo (\u010delado, \u0161\u010ditnike, rokavice).<br \/>\n\u2013 Izdelek je igra\u010da in ni namenjen uporabi v javnem prometu ker ni prirejen za javni promet.<br \/>\n<strong>Opozorilo!<\/strong> Izdelka naj ne uporabljajo otroci, mlaj\u0161i od 36 mesecev, ker izdelek vsebuje majhne delce in lahko pride do zadu\u0161itve.<\/p>\n<\/div>\n<\/div>\n<\/div>\n<\/div>\n<\/div>\n","protected":false},"excerpt":{"rendered":"<p>Romobil Roces ROCES CITIZEN 230mm<\/p>\n<p>&nbsp;<\/p>","protected":false},"featured_media":14355,"template":"","meta":{"_acf_changed":false,"inline_featured_image":false},"product_brand":[684],"product_cat":[651,495],"product_tag":[1384,1380,1383],"class_list":{"0":"post-14354","1":"product","2":"type-product","3":"status-publish","4":"has-post-thumbnail","6":"product_brand-roces","7":"product_cat-klasicni-skiroji","8":"product_cat-skiroji","9":"product_tag-klasicni-skiro-roces","10":"product_tag-skiro-roces","11":"product_tag-skiro-roces-citizen-230mm","13":"first","14":"instock","15":"sale","16":"taxable","17":"shipping-taxable","18":"purchasable","19":"product-type-simple"},"acf":[],"_links":{"self":[{"href":"https:\/\/ritosa.click.si\/hr\/wp-json\/wp\/v2\/product\/14354","targetHints":{"allow":["GET"]}}],"collection":[{"href":"https:\/\/ritosa.click.si\/hr\/wp-json\/wp\/v2\/product"}],"about":[{"href":"https:\/\/ritosa.click.si\/hr\/wp-json\/wp\/v2\/types\/product"}],"wp:featuredmedia":[{"embeddable":true,"href":"https:\/\/ritosa.click.si\/hr\/wp-json\/wp\/v2\/media\/14355"}],"wp:attachment":[{"href":"https:\/\/ritosa.click.si\/hr\/wp-json\/wp\/v2\/media?parent=14354"}],"wp:term":[{"taxonomy":"product_brand","embeddable":true,"href":"https:\/\/ritosa.click.si\/hr\/wp-json\/wp\/v2\/product_brand?post=14354"},{"taxonomy":"product_cat","embeddable":true,"href":"https:\/\/ritosa.click.si\/hr\/wp-json\/wp\/v2\/product_cat?post=14354"},{"taxonomy":"product_tag","embeddable":true,"href":"https:\/\/ritosa.click.si\/hr\/wp-json\/wp\/v2\/product_tag?post=14354"}],"curies":[{"name":"radni list","href":"https:\/\/api.w.org\/{rel}","templated":true}]}}