{"id":14342,"date":"2025-05-20T13:27:25","date_gmt":"2025-05-20T13:27:25","guid":{"rendered":"https:\/\/ritosa.click.si\/?post_type=product&#038;p=14342"},"modified":"2026-03-14T15:17:20","modified_gmt":"2026-03-14T14:17:20","slug":"cube-nuroad-pro-2025","status":"publish","type":"product","link":"https:\/\/ritosa.click.si\/hr\/ducan\/biciklizam\/kotaci\/cestovni-gravel-bicikli\/cube-nuroad-pro-2025\/","title":{"rendered":"CUBE NUROAD PRO"},"content":{"rendered":"<p><strong>CUBE NUROAD PRO<\/strong><\/p>\n<p>CUBE Nuroad Pro je savr\u0161ena kombinacija cestovnog bicikla, ciklokrosa izdr\u017eljivosti i svestranosti brdskog bicikla. Ovaj gravel bicikl je napravljen za istra\u017eivanje, bez obzira na podlogu - asfalt, \u0161ljunak ili \u0161umske staze.<\/p>\n<p>Inspiriran CUBE-ovim cestovnim i ciklokros biciklima, ali s malo MTB DNK-a, Nuroad Pro nudi iznimnu udobnost, upravljivost i fleksibilnost. Okvir omogu\u0107uje dovoljno prostora za \u0161iroke gume (45 ili 40 mm) za dodatno prianjanje i udobnost. Integrirani nosa\u010di za nosa\u010d, blatobran i nogu olak\u0161avaju prilagodbu svakodnevnim potrebama ili duljim avanturama.<\/p>\n<p><strong>Klju\u010dne zna\u010dajke:<\/strong><\/p>\n<ul>\n<li>Superlite aluminijski okvir - lagan, \u010dvrst i elegantan dizajn s integriranom stezaljkom sjedala<\/li>\n<li>Potpuno karbonska vilica \u2013 prigu\u0161uje vibracije s tla i omogu\u0107uje ugradnju lowrider nosa\u010da<\/li>\n<li>Osovine s prohodnim osovinama \u2013 za ve\u0107u krutost i precizno upravljanje \u010dak i na zahtjevnom terenu<\/li>\n<li>Unutarnje usmjerene sajle \u2013 za\u0161tita od prljav\u0161tine i dulji vijek trajanja mjenja\u010da<\/li>\n<li>Veliki prostor za gume \u2013 do 45 mm \u0161irine (40 mm s blatobranima) za maksimalnu udobnost i prianjanje<\/li>\n<li>\u0160irok raspon veli\u010dina (od XXS do XL) \u2013 savr\u0161eno pristaje gotovo svakom voza\u010du<\/li>\n<li>Shimano mjenja\u010di i sna\u017ene disk ko\u010dnice \u2013 precizno mijenjanje brzina i sigurno zaustavljanje<\/li>\n<\/ul>\n<p><strong>Idealno za:<\/strong><\/p>\n<ul>\n<li>Vo\u017enja po \u0161ljunku<\/li>\n<li>Bicikliranje i avanture<\/li>\n<li>Mje\u0161oviti teren (asfalt, \u0161ljunak, \u0161umske staze)<\/li>\n<li>Oni koji tra\u017ee jedan bicikl za sve<\/li>\n<\/ul>\n<p><em>Maksimalna nosivost (uklju\u010duju\u0107i te\u017einu bicikla): 115 kg<\/em><\/p>\n<h3><strong>Specifikacije<\/strong><\/h3>\n<ul>\n<li><strong>Okvir<\/strong>Aluminij 6061 T6 Superlite, geometrija Gravel Comfort, disk s ravnim nosa\u010dem, opcija blatobrana i nosa\u010da kota\u010da, 12\u00d7142 mm, AXH<\/li>\n<li><strong>Vilica<\/strong>CUBE Nuroad Flat Mount disk kota\u010di, puni karbon, konusni 1 1\/8\u2033 \u2013 1 1\/4\u2033, nosa\u010di za blatobran i lowrider, 12\u00d7100 mm<\/li>\n<li><strong>Le\u017eaj vilice<\/strong>VP Zt, gornji Zero-Stack 1 1\/8\u2033 (vanjski promjer 44 mm), donji integrirani 1 1\/4\u2033<\/li>\n<li><strong>Volan<\/strong>CUBE Performance stem, 31,8 mm<\/li>\n<li><strong>Volan<\/strong>CUBE Gravel Race Bar<\/li>\n<li><strong>Traka za volan<\/strong>ACID traka za trake CX<\/li>\n<li><strong>Stra\u017enji mjenja\u010d<\/strong>Shimano Cues RD-U6000-GS, 11 brzina<\/li>\n<li><strong>Ru\u010dice mjenja\u010da\/ko\u010dnica<\/strong>Shimano \u0161tapovi ST-U6030<\/li>\n<li><strong>Ko\u010dnice<\/strong>Shimano Cues BR-U6030, hidrauli\u010dne disk ko\u010dnice, ravni nosa\u010d (180\/180 mm)<\/li>\n<li><strong>Le\u017eaj radilice<\/strong>: Shimano BB-RS500PB, Pressfit<\/li>\n<li><strong>Voza\u010d<\/strong>ACID Gravel Pro, 40 zuba<\/li>\n<li><strong>Lanac<\/strong>KMC xGlide<\/li>\n<li><strong>Kaseta<\/strong>Shimano \u0161tapovi CS-LG400, 11-50 zuba<\/li>\n<li><strong>Naplatci\/kota\u010di<\/strong>CUBE GR 2.5 Disc, spremni za tubeless gume<\/li>\n<li><strong>Gume<\/strong>Schwalbe G-One Allround, 40-584 \/ 40-622<\/li>\n<li><strong>Sjedalo<\/strong>Prirodni Fit Venec Lite<\/li>\n<li><strong>Potpora sjedala<\/strong>CUBE Performance stup, 27,2 mm<\/li>\n<li><strong>Te\u017eina<\/strong>: 10,9 kg<\/li>\n<\/ul>","protected":false},"excerpt":{"rendered":"<p>Gravel bicikl Cube Nuroad Pro Night &#039;n&#039; Black<\/p>","protected":false},"featured_media":14347,"template":"","meta":{"_acf_changed":false,"inline_featured_image":false,"_monsterinsights_skip_tracking":false,"_monsterinsights_sitenote_active":false,"_monsterinsights_sitenote_note":"","_monsterinsights_sitenote_category":0},"product_brand":[1192],"product_cat":[501],"product_tag":[],"class_list":{"0":"post-14342","1":"product","2":"type-product","3":"status-publish","4":"has-post-thumbnail","6":"product_brand-cube","7":"product_cat-cestna-gravel-kolesa","8":"pa_velikost-xl","10":"first","11":"instock","12":"sale","13":"taxable","14":"shipping-taxable","15":"purchasable","16":"product-type-variable"},"acf":[],"aioseo_notices":[],"_links":{"self":[{"href":"https:\/\/ritosa.click.si\/hr\/wp-json\/wp\/v2\/product\/14342","targetHints":{"allow":["GET"]}}],"collection":[{"href":"https:\/\/ritosa.click.si\/hr\/wp-json\/wp\/v2\/product"}],"about":[{"href":"https:\/\/ritosa.click.si\/hr\/wp-json\/wp\/v2\/types\/product"}],"wp:featuredmedia":[{"embeddable":true,"href":"https:\/\/ritosa.click.si\/hr\/wp-json\/wp\/v2\/media\/14347"}],"wp:attachment":[{"href":"https:\/\/ritosa.click.si\/hr\/wp-json\/wp\/v2\/media?parent=14342"}],"wp:term":[{"taxonomy":"product_brand","embeddable":true,"href":"https:\/\/ritosa.click.si\/hr\/wp-json\/wp\/v2\/product_brand?post=14342"},{"taxonomy":"product_cat","embeddable":true,"href":"https:\/\/ritosa.click.si\/hr\/wp-json\/wp\/v2\/product_cat?post=14342"},{"taxonomy":"product_tag","embeddable":true,"href":"https:\/\/ritosa.click.si\/hr\/wp-json\/wp\/v2\/product_tag?post=14342"}],"curies":[{"name":"radni list","href":"https:\/\/api.w.org\/{rel}","templated":true}]}}