{"id":14335,"date":"2025-05-18T10:52:36","date_gmt":"2025-05-18T10:52:36","guid":{"rendered":"https:\/\/ritosa.click.si\/?post_type=product&#038;p=14335"},"modified":"2026-04-01T22:41:09","modified_gmt":"2026-04-01T20:41:09","slug":"rolerji-roces-otli-3x125","status":"publish","type":"product","link":"https:\/\/ritosa.click.si\/hr\/ducan\/rolerji\/odrasli-rolerji\/rolerji-roces-otli-3x125\/","title":{"rendered":"Rolete Roces OTLI 3\u00d7125"},"content":{"rendered":"<p>Roces OTLI 3X125 imaju \u010dvrstu, ali laganu i fleksibilnu vanjsku \u0161koljku koja pru\u017ea visoku responzivnost. Ima vi\u0161e otvora za bolju ventilaciju, \u0161to raspr\u0161uje vi\u0161ak topline i sprje\u010dava nakupljanje vlage. Integrirani amortizer \u010dini vo\u017enju jo\u0161 glatkijom i ugodnijom. Uz pomo\u0107 dvije kop\u010de i inovativnog sustava pri\u010dvr\u0161\u0107ivanja, klizaljke se mogu brzo i uz malo napora zategnuti. Unutarnja \u010dizma je anatomski oblikovana i oblo\u017eena memorijskom pjenom koja se automatski prilago\u0111ava stopalu korisnika.<\/p>\n<h3>Zna\u010dajke:<\/h3>\n<p>\u2022 Vanjska cipela: PP polipropilen; \u0161koljka s potpunim otvorom za ventilaciju<br \/>\n\u2022 Zakop\u010davanje: Dvije mikrometrijske kop\u010de, vezice<br \/>\n\u2022 Prigu\u0161ivanje: Integrirani prigu\u0161iva\u010d<br \/>\n\u2022 Unutarnja cipela: anatomski oblikovana za ve\u0107u stabilnost<br \/>\n\u2022 \u0160asija: Ekstrudirani aluminij<br \/>\n\u2022 Kota\u010di: Roces 125 mm 85A<br \/>\n\u2022 Le\u017eajevi: ABEC 9<br \/>\n\u2022 Odstojnici: Aluminij<br \/>\n\u2022 Ko\u010dnica: Uklju\u010dena<\/p>","protected":false},"excerpt":{"rendered":"<p>Role za odrasle ROCES OTLI 3\u00d7125<\/p>\n<p><span style=\"color: #d0121a\">Brojevi rolera su mali,\u00a0<span class=\"jCAhz ChMk0b\">s<\/span><span class=\"jCAhz ChMk0b\">Preporu\u010dujemo da odaberete barem jednu veli\u010dinu ve\u0107u od va\u0161e uobi\u010dajene veli\u010dine cipela.<\/span><\/span><\/p>","protected":false},"featured_media":14341,"template":"","meta":{"_acf_changed":false,"inline_featured_image":false},"product_brand":[684],"product_cat":[584],"product_tag":[],"class_list":{"0":"post-14335","1":"product","2":"type-product","3":"status-publish","4":"has-post-thumbnail","6":"product_brand-roces","7":"product_cat-odrasli-rolerji","8":"pa_velikost-41-2","9":"pa_velikost-43-2","10":"pa_velikost-766","11":"pa_velikost-45-2","12":"pa_velikost-773","14":"first","15":"instock","16":"sale","17":"taxable","18":"shipping-taxable","19":"purchasable","20":"product-type-variable"},"acf":[],"_links":{"self":[{"href":"https:\/\/ritosa.click.si\/hr\/wp-json\/wp\/v2\/product\/14335","targetHints":{"allow":["GET"]}}],"collection":[{"href":"https:\/\/ritosa.click.si\/hr\/wp-json\/wp\/v2\/product"}],"about":[{"href":"https:\/\/ritosa.click.si\/hr\/wp-json\/wp\/v2\/types\/product"}],"wp:featuredmedia":[{"embeddable":true,"href":"https:\/\/ritosa.click.si\/hr\/wp-json\/wp\/v2\/media\/14341"}],"wp:attachment":[{"href":"https:\/\/ritosa.click.si\/hr\/wp-json\/wp\/v2\/media?parent=14335"}],"wp:term":[{"taxonomy":"product_brand","embeddable":true,"href":"https:\/\/ritosa.click.si\/hr\/wp-json\/wp\/v2\/product_brand?post=14335"},{"taxonomy":"product_cat","embeddable":true,"href":"https:\/\/ritosa.click.si\/hr\/wp-json\/wp\/v2\/product_cat?post=14335"},{"taxonomy":"product_tag","embeddable":true,"href":"https:\/\/ritosa.click.si\/hr\/wp-json\/wp\/v2\/product_tag?post=14335"}],"curies":[{"name":"radni list","href":"https:\/\/api.w.org\/{rel}","templated":true}]}}