{"id":14294,"date":"2025-05-06T17:05:11","date_gmt":"2025-05-06T17:05:11","guid":{"rendered":"https:\/\/ritosa.click.si\/?post_type=product&#038;p=14294"},"modified":"2026-03-12T12:58:03","modified_gmt":"2026-03-12T11:58:03","slug":"kolesarski-cevlji-shimano-sh-me502","status":"publish","type":"product","link":"https:\/\/ritosa.click.si\/hr\/ducan\/biciklizam\/oprema-za-biciklizam\/kolesarski-cevlji\/kolesarski-cevlji-shimano-sh-me502\/","title":{"rendered":"Biciklisti\u010dke cipele SHIMANO SH-XC502"},"content":{"rendered":"<p>Gornji dio je izra\u0111en od mre\u017eastog materijala i sinteti\u010dke ko\u017ee, \u0161to pru\u017ea udobnost i prozra\u010dnost. Srednji potplat je oja\u010dan staklenim vlaknima, \u0161to poma\u017ee u stabilizaciji stopala i pobolj\u0161ava prijenos snage za bolju u\u010dinkovitost. Ultread XC je lagani gumeni potplat koji nudi izvrsno prianjanje na suhim i mokrim povr\u0161inama te bezbri\u017eno kretanje po raznolikom terenu. Potplat je izra\u0111en od tvrde gumene smjese, koja je izuzetno izdr\u017eljiva i sprje\u010dava ogrebotine.<\/p>\n<p>Shimano je razvio Dynalast tehnologiju koja je pobolj\u0161ala dizajn stra\u017enjeg dijela cipele i optimizirala oblik stopala, omogu\u0107uju\u0107i glatkije i u\u010dinkovitije pedaliranje te sprje\u010davaju\u0107i gubitak energije na dugim vo\u017enjama. Pobolj\u0161ani sustav zatvaranja cipele Surround Wrapping Upper s BOA\u00ae L6 kota\u010di\u0107ima omogu\u0107uje jo\u0161 udobnije i preciznije pode\u0161avanje biciklisti\u010dkih cipela.<\/p>\n<p>Zna\u010dajke:<br \/>\n- pogodno za cross country i brdski biciklizam<br \/>\n- udobne i izdr\u017eljive<br \/>\n-Pri\u010dvr\u0161\u0107ivanje SPD pedale<br \/>\n-Okru\u017euju\u0107i gornji dio s kombinacijom BOA\u00ae L6 za brzo, udobno i precizno zatvaranje<br \/>\n- sinteti\u010dka ko\u017ea visoke gusto\u0107e s perforacijama pobolj\u0161ava pristajanje i prozra\u010dnost<br \/>\n- me\u0111upotplat oja\u010dan staklenim vlaknima za bolji prijenos snage<br \/>\n-Ultread XC pru\u017ea izvrsno prianjanje na suhom i mokrom terenu<br \/>\n-krutost: 7\/12<br \/>\n-te\u017eina (veli\u010dina 42): 300 g<\/p>","protected":false},"excerpt":{"rendered":"<p>Shimano XC502 su lagane, visokou\u010dinkovite biciklisti\u010dke cipele prikladne za cross country ili brdski biciklizam.<\/p>","protected":false},"featured_media":19834,"template":"","meta":{"_acf_changed":false,"inline_featured_image":false,"_monsterinsights_skip_tracking":false,"_monsterinsights_sitenote_active":false,"_monsterinsights_sitenote_note":"","_monsterinsights_sitenote_category":0},"product_brand":[1189],"product_cat":[549],"product_tag":[1780,1787,1786,1799,1801,1794,1800],"class_list":{"0":"post-14294","1":"product","2":"type-product","3":"status-publish","4":"has-post-thumbnail","6":"product_brand-shimano","7":"product_cat-kolesarski-cevlji","8":"product_tag-cevlji","9":"product_tag-kolesarski-cevlji","10":"product_tag-kolesarski-cevlji-shimano","11":"product_tag-kolesarski-cevlji-shimano-sh-xc502","12":"product_tag-sh-xc502","13":"product_tag-shimano","14":"product_tag-shimano-sh-xc502","15":"pa_velikost-43-2","17":"first","18":"instock","19":"sale","20":"taxable","21":"shipping-taxable","22":"purchasable","23":"product-type-variable"},"acf":[],"aioseo_notices":[],"_links":{"self":[{"href":"https:\/\/ritosa.click.si\/hr\/wp-json\/wp\/v2\/product\/14294","targetHints":{"allow":["GET"]}}],"collection":[{"href":"https:\/\/ritosa.click.si\/hr\/wp-json\/wp\/v2\/product"}],"about":[{"href":"https:\/\/ritosa.click.si\/hr\/wp-json\/wp\/v2\/types\/product"}],"wp:featuredmedia":[{"embeddable":true,"href":"https:\/\/ritosa.click.si\/hr\/wp-json\/wp\/v2\/media\/19834"}],"wp:attachment":[{"href":"https:\/\/ritosa.click.si\/hr\/wp-json\/wp\/v2\/media?parent=14294"}],"wp:term":[{"taxonomy":"product_brand","embeddable":true,"href":"https:\/\/ritosa.click.si\/hr\/wp-json\/wp\/v2\/product_brand?post=14294"},{"taxonomy":"product_cat","embeddable":true,"href":"https:\/\/ritosa.click.si\/hr\/wp-json\/wp\/v2\/product_cat?post=14294"},{"taxonomy":"product_tag","embeddable":true,"href":"https:\/\/ritosa.click.si\/hr\/wp-json\/wp\/v2\/product_tag?post=14294"}],"curies":[{"name":"radni list","href":"https:\/\/api.w.org\/{rel}","templated":true}]}}