{"id":14283,"date":"2025-05-06T16:09:13","date_gmt":"2025-05-06T16:09:13","guid":{"rendered":"https:\/\/ritosa.click.si\/?post_type=product&#038;p=14283"},"modified":"2026-03-12T12:53:53","modified_gmt":"2026-03-12T11:53:53","slug":"kolesarski-cevlji-shimano-sh-rc302","status":"publish","type":"product","link":"https:\/\/ritosa.click.si\/hr\/ducan\/biciklizam\/oprema-za-biciklizam\/kolesarski-cevlji\/kolesarski-cevlji-shimano-sh-rc302\/","title":{"rendered":"Biciklisti\u010dke cipele SHIMANO SH-RC302"},"content":{"rendered":"<ul>\n<li>A\u017eurirani RC302 kombinira vrhunsku S-PHYRE trka\u0107u tehnologiju s pristupa\u010dnijom cijenom, nude\u0107i cjelodnevnu udobnost u laganim, visokou\u010dinkovitim cestovnim cipelama.<\/li>\n<li>Optimalna u\u010dinkovitost: Niska visina potplata i novi gornji dio s BOA sustavom i remenom preko rista pru\u017eaju stabilnu bazu za propulziju i pouzdano zatvaranje za bolji prijenos snage<\/li>\n<li>Prozra\u010dnost: Sinteti\u010dka ko\u017ea s namjerno postavljenim perforacijama pove\u0107ava ventilaciju i odr\u017eava vas hladnima i udobnima tijekom utrke<\/li>\n<li>Savr\u0161eno pristajanje: Gornji dio koji obavija stopalo prilago\u0111ava se \u0161irokom rasponu oblika stopala, a BOA L6E kota\u010di\u0107 za mikro pode\u0161avanje omogu\u0107uje prilago\u0111eno pristajanje<\/li>\n<li>\u0160irok izbor: Dostupno u tri boje i standardnim veli\u010dinama 40-48 (i pro\u0161irenim veli\u010dinama 40-52), tako da svatko mo\u017ee prona\u0107i pravi model za sebe<\/li>\n<\/ul>","protected":false},"excerpt":{"rendered":"<p>S nizom zna\u010dajki performansi, RC302 su cestovne cipele izvrsne vrijednosti za svakodnevnu vo\u017enju. Dizajnirane za udobnost i brzinu, kombiniraju be\u0161avni me\u0111upotplat i potplat od najlona oja\u010danog staklom za \u010dvrsto\u0107u i stabilnu platformu za pogon.<\/p>","protected":false},"featured_media":14288,"template":"","meta":{"_acf_changed":false,"inline_featured_image":false,"_monsterinsights_skip_tracking":false,"_monsterinsights_sitenote_active":false,"_monsterinsights_sitenote_note":"","_monsterinsights_sitenote_category":0},"product_brand":[1189],"product_cat":[549],"product_tag":[1787,1786,1797,1794,1798],"class_list":{"0":"post-14283","1":"product","2":"type-product","3":"status-publish","4":"has-post-thumbnail","6":"product_brand-shimano","7":"product_cat-kolesarski-cevlji","8":"product_tag-kolesarski-cevlji","9":"product_tag-kolesarski-cevlji-shimano","10":"product_tag-kolesarski-cevlji-shimano-sh-rc302","11":"product_tag-shimano","12":"product_tag-shimano-sh-rc302","13":"pa_velikost-773","15":"first","16":"instock","17":"sale","18":"taxable","19":"shipping-taxable","20":"purchasable","21":"product-type-variable"},"acf":[],"aioseo_notices":[],"_links":{"self":[{"href":"https:\/\/ritosa.click.si\/hr\/wp-json\/wp\/v2\/product\/14283","targetHints":{"allow":["GET"]}}],"collection":[{"href":"https:\/\/ritosa.click.si\/hr\/wp-json\/wp\/v2\/product"}],"about":[{"href":"https:\/\/ritosa.click.si\/hr\/wp-json\/wp\/v2\/types\/product"}],"wp:featuredmedia":[{"embeddable":true,"href":"https:\/\/ritosa.click.si\/hr\/wp-json\/wp\/v2\/media\/14288"}],"wp:attachment":[{"href":"https:\/\/ritosa.click.si\/hr\/wp-json\/wp\/v2\/media?parent=14283"}],"wp:term":[{"taxonomy":"product_brand","embeddable":true,"href":"https:\/\/ritosa.click.si\/hr\/wp-json\/wp\/v2\/product_brand?post=14283"},{"taxonomy":"product_cat","embeddable":true,"href":"https:\/\/ritosa.click.si\/hr\/wp-json\/wp\/v2\/product_cat?post=14283"},{"taxonomy":"product_tag","embeddable":true,"href":"https:\/\/ritosa.click.si\/hr\/wp-json\/wp\/v2\/product_tag?post=14283"}],"curies":[{"name":"radni list","href":"https:\/\/api.w.org\/{rel}","templated":true}]}}