{"id":14249,"date":"2025-05-05T21:03:27","date_gmt":"2025-05-05T21:03:27","guid":{"rendered":"https:\/\/ritosa.click.si\/?post_type=product&#038;p=14249"},"modified":"2026-03-24T16:10:10","modified_gmt":"2026-03-24T15:10:10","slug":"alpina-roca","status":"publish","type":"product","link":"https:\/\/ritosa.click.si\/hr\/ducan\/biciklizam\/oprema-za-biciklizam\/kolesarske-celade\/odrasle-kolesarske-celade\/alpina-roca\/","title":{"rendered":"Alpina Roca"},"content":{"rendered":"<p>Alpina ROCA je biciklisti\u010dka kaciga s punim licem za te\u0161ke planinske rute prekrivene korijenjem i kamenjem koje mogu biti prili\u010dno nezgodne. Kaciga sa \u0161titnikom za bradu zajedno s robusnim DD remenom za bradu pru\u017ea optimalnu za\u0161titu koja \u0161titi glavu odozdo i sa strane. Kaciga Alpina ROCA jednostavna je i udobna za no\u0161enje zahvaljuju\u0107i maloj te\u017eini kacige od 790 g i prilo\u017eenom viziru koji pru\u017ea za\u0161titu od sunca, blata i kamenja. Jastu\u010di\u0107i u kacigi osiguravaju da kaciga ROCA odgovara svakom biciklistu.<\/p>\n<ul>\n<li>Inmold Tec: Kod INMOLD kaciga, unutarnji sloj se pod visokim tlakom i toplinom pretvara u pjenu te se lijepi ispod vanjskog sloja. Budu\u0107i da su unutarnji i vanjski dijelovi potpuno povezani, INMOLD kacige su izuzetno stabilne i vrlo lagane. Tako\u0111er pru\u017eaju znatno ve\u0107u sigurnost od kaciga s to\u010dkastim lijepljenjem.<\/li>\n<li>HI-EPS: Unutarnji kalup Alpina kaciga izra\u0111en je od HI-EPS-a (ekspandiranog polistirena). Ovaj materijal sastoji se od mikroskopskih zra\u010dnih prostora koji u\u010dinkovito apsorbiraju sile nastale pri udaru.<\/li>\n<li>Kerami\u010dka \u0161koljka: naziv za vanjsku \u0161koljku svih Alpina kaciga izra\u0111enih Inmold postupkom. To je tanak, lagan materijal koji je izuzetno otporan na udarce i ogrebotine, sadr\u017ei UV stabilizatore i antistati\u010dan je.<\/li>\n<li>Za\u0161tita rubova: za\u0161titni sloj koji kacigu \u010dini otpornijom na lomove i ogrebotine te nudi dodatnu za\u0161titu od vanjskih utjecaja tijekom \u010deste upotrebe<\/li>\n<li>Fidlock: magnetska kop\u010da za pri\u010dvr\u0161\u0107ivanje kacige ispod brade omogu\u0107uje br\u017ee pri\u010dvr\u0161\u0107ivanje<\/li>\n<li>DD-Ring \u2013 sna\u017ena dvostruko zaklju\u010davaju\u0107a traka za pri\u010dvr\u0161\u0107ivanje<\/li>\n<li>15 ventilacijskih otvora osigurava idealan protok zraka unutra<\/li>\n<li>Spremno za kameru \u2013 dodatni prostor za ugradnju kamere<\/li>\n<\/ul>","protected":false},"excerpt":{"rendered":"<p>ALPINA ROCA biciklisti\u010dka kaciga s punim licem<\/p>","protected":false},"featured_media":14252,"template":"","meta":{"_acf_changed":false,"inline_featured_image":false,"_monsterinsights_skip_tracking":false,"_monsterinsights_sitenote_active":false,"_monsterinsights_sitenote_note":"","_monsterinsights_sitenote_category":0},"product_brand":[678],"product_cat":[662],"product_tag":[1201],"class_list":{"0":"post-14249","1":"product","2":"type-product","3":"status-publish","4":"has-post-thumbnail","6":"product_brand-alpina","7":"product_cat-odrasle-kolesarske-celade","8":"product_tag-outlet","9":"pa_velikost-56-58","10":"pa_velikost-59-60","12":"first","13":"instock","14":"sale","15":"taxable","16":"shipping-taxable","17":"purchasable","18":"product-type-variable"},"acf":[],"aioseo_notices":[],"_links":{"self":[{"href":"https:\/\/ritosa.click.si\/hr\/wp-json\/wp\/v2\/product\/14249","targetHints":{"allow":["GET"]}}],"collection":[{"href":"https:\/\/ritosa.click.si\/hr\/wp-json\/wp\/v2\/product"}],"about":[{"href":"https:\/\/ritosa.click.si\/hr\/wp-json\/wp\/v2\/types\/product"}],"wp:featuredmedia":[{"embeddable":true,"href":"https:\/\/ritosa.click.si\/hr\/wp-json\/wp\/v2\/media\/14252"}],"wp:attachment":[{"href":"https:\/\/ritosa.click.si\/hr\/wp-json\/wp\/v2\/media?parent=14249"}],"wp:term":[{"taxonomy":"product_brand","embeddable":true,"href":"https:\/\/ritosa.click.si\/hr\/wp-json\/wp\/v2\/product_brand?post=14249"},{"taxonomy":"product_cat","embeddable":true,"href":"https:\/\/ritosa.click.si\/hr\/wp-json\/wp\/v2\/product_cat?post=14249"},{"taxonomy":"product_tag","embeddable":true,"href":"https:\/\/ritosa.click.si\/hr\/wp-json\/wp\/v2\/product_tag?post=14249"}],"curies":[{"name":"radni list","href":"https:\/\/api.w.org\/{rel}","templated":true}]}}