{"id":14233,"date":"2025-04-30T14:10:40","date_gmt":"2025-04-30T14:10:40","guid":{"rendered":"https:\/\/ritosa.click.si\/?post_type=product&#038;p=14233"},"modified":"2026-03-14T09:51:52","modified_gmt":"2026-03-14T08:51:52","slug":"specialized-riprock-20-2025","status":"publish","type":"product","link":"https:\/\/ritosa.click.si\/hr\/ducan\/biciklizam\/kotaci\/djecji-bicikli-2\/20\/specialized-riprock-20-2025\/","title":{"rendered":"Specialized Riprock 20&#8221;"},"content":{"rendered":"<p>Sloboda zna\u010di odsutnost straha. A vo\u017enja bez straha mogu\u0107a je samo na biciklu koji mo\u017ee slijediti ma\u0161tu va\u0161eg djeteta. Zato smo Riprock dizajnirali kao brdski bicikl koji uklju\u010duje sve zna\u010dajke koje su vam potrebne za vo\u017enju bez kompromisa - modernu geometriju, gume Ground Control, hidrauli\u010dne disk ko\u010dnice i unutarnje vo\u0111enje sajli. Dodali smo pogonski sklop sa \u0161irim rasponom brzina kako bismo vam pomogli da s pouzdanjem osvajate uspone i spu\u0161tate se stazama.<\/p>\n<p>Riprock 20 je\u00a0prilagojen otro\u0161ki anatomiji\u00a0\u2013 od oprijema do sede\u017ea \u2013 s poudarkom na udobju, ki zagotavlja samozavestno vo\u017enjo. Prilagojen je potrebam mladih kolesarjev, tako da bo va\u0161a mala pustolovka ali pustolovec u\u017eival\/a v vsakem trenutku na poti.<\/p>\n<h3><strong>Tehni\u010dke specifikacije<\/strong><\/h3>\n<ul>\n<li>Okvir: A1 Premium Butted aluminij, unisex okvir, unutarnje usmjeravanje, 148 mm osovina, priprema za cijev sjedala 30,9 mm, kompatibilan s izmjenjivim nosa\u010dem mjenja\u010da<\/li>\n<li>Stezaljka cijevi sjedala: Vijak, 34,9 mm<\/li>\n<li>Vilica: A1 Premium Butted Aluminum, aluminijski upravlja\u010d, 15\u00d7110 mm, s mini blatobranom<\/li>\n<li>Prednja ko\u010dnica: Promax DSK-926, hidrauli\u010dni disk, rotor 160 mm, podesivi doseg<\/li>\n<li>Stra\u017enja ko\u010dnica: Promax DSK-926, hidrauli\u010dni disk, rotor 160 mm, podesivi doseg<\/li>\n<li>Ru\u010dica mjenja\u010da: MicroSHIFT SL-M6285-SR, 8 brzina, kratki doseg, za upravlja\u010d od 19 mm, s indikatorom brzine, nije kompatibilna sa Shimano mjenja\u010dem<\/li>\n<li>Stra\u017enji mjenja\u010d: MicroSHIFT RD-M5185S, kratki kavez, s napenja\u010dem<\/li>\n<li>Kaseta: microSHIFT CS-H083, 11-38T, 8 brzina<\/li>\n<li>Lanac: KMC X8 s Missing Link\u2122<\/li>\n<li>Radilica: Kovano aluminijsko ku\u0107i\u0161te, duljina 115 mm, u\u017ei Q-faktor, sa \u0161titnikom lanca<\/li>\n<li>Lan\u010danik: 40 zuba<\/li>\n<li>Donja osovina: Kvadratni konus, 68 mm<\/li>\n<li>Obru\u010di: Aluminijski, dubina 16 mm, unutarnja \u0161irina 25 mm, 28 rupa<\/li>\n<li>Prednja glav\u010dina: Aluminijska, 6 vijaka, 28 rupa, 15\u00d7110 Boost<\/li>\n<li>Stra\u017enja glav\u010dina: Aluminijska, 6 vijaka, 28 rupa, 12\u00d7148 Boost, kompatibilna s 11 brzina<\/li>\n<li>\u017dbice: Nehr\u0111aju\u0107i \u010delik, debljina 14 g<\/li>\n<li>Gume: Ground Control Sport, 20\u00d72.35\u2033<\/li>\n<li>Unutarnje gume: Schrader ventil<\/li>\n<li>Lupa volana: \u010cvrsta, 3D kovana legura, 31,8 mm, 6\u00b0 porasta<\/li>\n<li>Volan: Mini Rise, dvostruki aluminij, kut nagiba 6\u00b0, \u0161irina 600 mm, promjer 31,8 mm, prihvat 19 mm<\/li>\n<li>Rukohvati: Specialized Trail Grips, promjera 19 mm, s bravom<\/li>\n<li>Sjedalo: Dje\u010dja sjedalica Kids Bridge, \u0161irine 130 mm<\/li>\n<li>Cijev sjedala: Specialized, aluminij 6061, dvostruki vijak, bez pomaka, promjer 30,9 mm<\/li>\n<li>Pedala: Najlonska pedala s reflektorima<\/li>\n<li>Te\u017eina: 9,79 kg<\/li>\n<\/ul>","protected":false},"excerpt":{"rendered":"<p>Specialized Riprock 20\u201d dje\u010dji brdski bicikl \u2013 8 brzina<\/p>\n<ul>\n<li>Okvir: A1 Premium Butted aluminij, unisex okvir, unutarnje usmjeravanje, 148 mm osovina, priprema za cijev sjedala 30,9 mm, kompatibilan s izmjenjivim nosa\u010dem mjenja\u010da<\/li>\n<li>Ko\u010dnice: Promax DSK-926, hidrauli\u010dne disk ko\u010dnice, rotor 160 mm, podesivi doseg<\/li>\n<li>Te\u017eina: 9,79 kg<\/li>\n<\/ul>","protected":false},"featured_media":14234,"template":"","meta":{"_acf_changed":false,"inline_featured_image":false},"product_brand":[673],"product_cat":[646],"product_tag":[1198,1202,1007],"class_list":{"0":"post-14233","1":"product","2":"type-product","3":"status-publish","4":"has-post-thumbnail","6":"product_brand-specialized","7":"product_cat-646","8":"product_tag-otroci","9":"product_tag-otroska-kolesa","10":"product_tag-otrosko-kolo","12":"first","13":"instock","14":"sale","15":"taxable","16":"shipping-taxable","17":"purchasable","18":"product-type-simple"},"acf":[],"_links":{"self":[{"href":"https:\/\/ritosa.click.si\/hr\/wp-json\/wp\/v2\/product\/14233","targetHints":{"allow":["GET"]}}],"collection":[{"href":"https:\/\/ritosa.click.si\/hr\/wp-json\/wp\/v2\/product"}],"about":[{"href":"https:\/\/ritosa.click.si\/hr\/wp-json\/wp\/v2\/types\/product"}],"wp:featuredmedia":[{"embeddable":true,"href":"https:\/\/ritosa.click.si\/hr\/wp-json\/wp\/v2\/media\/14234"}],"wp:attachment":[{"href":"https:\/\/ritosa.click.si\/hr\/wp-json\/wp\/v2\/media?parent=14233"}],"wp:term":[{"taxonomy":"product_brand","embeddable":true,"href":"https:\/\/ritosa.click.si\/hr\/wp-json\/wp\/v2\/product_brand?post=14233"},{"taxonomy":"product_cat","embeddable":true,"href":"https:\/\/ritosa.click.si\/hr\/wp-json\/wp\/v2\/product_cat?post=14233"},{"taxonomy":"product_tag","embeddable":true,"href":"https:\/\/ritosa.click.si\/hr\/wp-json\/wp\/v2\/product_tag?post=14233"}],"curies":[{"name":"radni list","href":"https:\/\/api.w.org\/{rel}","templated":true}]}}