{"id":14225,"date":"2025-04-29T16:41:33","date_gmt":"2025-04-29T16:41:33","guid":{"rendered":"https:\/\/ritosa.click.si\/?post_type=product&#038;p=14225"},"modified":"2026-03-24T18:53:18","modified_gmt":"2026-03-24T17:53:18","slug":"speedcross-kimberly-16-3","status":"publish","type":"product","link":"https:\/\/ritosa.click.si\/hr\/ducan\/biciklizam\/kotaci\/djecji-bicikli-2\/16\/speedcross-kimberly-16-3\/","title":{"rendered":"SpeedCross Kimberly 16\u201d"},"content":{"rendered":"<p>Okvir: Hi-ten<br \/>\nVilice: Hi-ten<br \/>\nKo\u010dnice: Aluminijske V-ko\u010dnice<br \/>\nRu\u010dice ko\u010dnica: Aluminij<br \/>\nNaplatci: Aluminijski<br \/>\nD\u017eojstik: Hi-ten<br \/>\nNosa\u010d volana: Hi-ten<br \/>\nCijev sjedala: Hi-ten<br \/>\nStra\u017enji lan\u010danik: Jedan, 1 brzina<br \/>\nRadilica: Jednoredna, Hi-ten<br \/>\nDodaci: Stabilizatori (kota\u010di za pomo\u0107), ko\u0161ara, nosa\u010d za lutke<br \/>\nGume: 16\u00d71,75<br \/>\nTe\u017eina: 9,5 kg<\/p>","protected":false},"excerpt":{"rendered":"<p>Dje\u010dji bicikl SpeedCross Kimberly 16\u201d - pogodan za djevoj\u010dice od 4,5 godina<\/p>\n<ul>\n<li>Vilice: Hi-ten<\/li>\n<li>Okvir: Hi-ten 16\u201d<\/li>\n<li>Ko\u010dnice: Aluminijske V-ko\u010dnice<\/li>\n<li>Dodaci: Blatobrani, pomo\u0107ni kota\u010di, ko\u0161ara, nosiljka za bebe<\/li>\n<\/ul>","protected":false},"featured_media":14226,"template":"","meta":{"_acf_changed":false,"inline_featured_image":false},"product_brand":[681],"product_cat":[645],"product_tag":[1198,1202,1007],"class_list":{"0":"post-14225","1":"product","2":"type-product","3":"status-publish","4":"has-post-thumbnail","6":"product_brand-speedcross","7":"product_cat-645","8":"product_tag-otroci","9":"product_tag-otroska-kolesa","10":"product_tag-otrosko-kolo","12":"first","13":"onbackorder","14":"sale","15":"taxable","16":"shipping-taxable","17":"purchasable","18":"product-type-simple"},"acf":[],"_links":{"self":[{"href":"https:\/\/ritosa.click.si\/hr\/wp-json\/wp\/v2\/product\/14225","targetHints":{"allow":["GET"]}}],"collection":[{"href":"https:\/\/ritosa.click.si\/hr\/wp-json\/wp\/v2\/product"}],"about":[{"href":"https:\/\/ritosa.click.si\/hr\/wp-json\/wp\/v2\/types\/product"}],"wp:featuredmedia":[{"embeddable":true,"href":"https:\/\/ritosa.click.si\/hr\/wp-json\/wp\/v2\/media\/14226"}],"wp:attachment":[{"href":"https:\/\/ritosa.click.si\/hr\/wp-json\/wp\/v2\/media?parent=14225"}],"wp:term":[{"taxonomy":"product_brand","embeddable":true,"href":"https:\/\/ritosa.click.si\/hr\/wp-json\/wp\/v2\/product_brand?post=14225"},{"taxonomy":"product_cat","embeddable":true,"href":"https:\/\/ritosa.click.si\/hr\/wp-json\/wp\/v2\/product_cat?post=14225"},{"taxonomy":"product_tag","embeddable":true,"href":"https:\/\/ritosa.click.si\/hr\/wp-json\/wp\/v2\/product_tag?post=14225"}],"curies":[{"name":"radni list","href":"https:\/\/api.w.org\/{rel}","templated":true}]}}