{"id":14193,"date":"2025-04-24T10:41:48","date_gmt":"2025-04-24T10:41:48","guid":{"rendered":"https:\/\/ritosa.click.si\/?post_type=product&#038;p=14193"},"modified":"2026-03-14T17:35:24","modified_gmt":"2026-03-14T16:35:24","slug":"cube-aim-race-2025","status":"publish","type":"product","link":"https:\/\/ritosa.click.si\/hr\/ducan\/biciklizam\/kotaci\/gorska-kolesa\/zenska-gorska-kolesa\/cube-aim-race-2025\/","title":{"rendered":"CUBE AIM RACE"},"content":{"rendered":"<p><strong>CUBE AIM RACE<\/strong><\/p>\n<p>Ljepota je vi\u0161e od same povr\u0161ine: Aimov elegantan izgled rezultat je glatko zavarenih spojeva izme\u0111u cijevi glave bicikala i stra\u017enjih nosa\u010da sjedala. Opremljen je unutarnjim vo\u0111enjem sajli, \u0161to osigurava dugotrajnu upotrebu i jednostavno odr\u017eavanje. Pa\u017eljivo skriveni nosa\u010di za nosa\u010de i blatobrane omogu\u0107uju brzu i prakti\u010dnu prilagodbu za du\u017ee ture ili vikend izlete.<\/p>\n<p>A\u017eurirana geometrija uklju\u010duje ni\u017eu gornju cijev za sigurnije upravljanje, a istovremeno pru\u017ea dovoljno prostora za \u0161iroke, prianjaju\u0107e i udobne gume od 2,25&quot;. Cube-ov SizeSplit sustav nudi pro\u0161ireni raspon veli\u010dina, \u0161to zna\u010di da bez obzira na va\u0161u visinu, postoji Aim model koji \u0107e vam savr\u0161eno odgovarati.<\/p>\n<p><em>Maksimalna nosivost (uklju\u010duju\u0107i te\u017einu bicikla): 140 kg<\/em><\/p>\n<p><em>Podjela veli\u010dine:<\/em><\/p>\n<ul>\n<li><em>35,5 cm (XS), 40,5 cm (S) = 73 cm<\/em><\/li>\n<li><em>45,5 cm (M), 51 cm (L), 56 cm (XL), 61 cm (XXL) = 74 cm<\/em><\/li>\n<\/ul>\n<h3><strong>Specifikacije<\/strong><\/h3>\n<ul>\n<li><strong>Okvir:<\/strong> Aluminij Lite, AMF, Double Butted, unutarnje vo\u0111enje sajli, konusna glav\u010dina vilica, ko\u010dnica s ravnom monta\u017eom, SIC nosa\u010d, FM nosa\u010d za nosa\u010d<\/li>\n<li><strong>Vilica:<\/strong> SR Suntour XCT disk, 100 mm, zaklju\u010davanje<\/li>\n<li><strong>Le\u017eaj vilice:<\/strong> CUBE FPH868p, konusni, poluintegrirani<\/li>\n<li><strong>Nosa\u010d upravlja\u010da:<\/strong> CUBE Performance stem, 31,8 mm<\/li>\n<li><strong>Volan:<\/strong> CUBE Rise Trail Volan, 680 mm<\/li>\n<li><strong>Volan \/ Ru\u010dke volana:<\/strong> ACID React<\/li>\n<li><strong>Zadnji mjenja\u010d:<\/strong> Shimano mjenja\u010di RD-U6000-GS, 10 brzina<\/li>\n<li><strong>Ru\u010dice mjenja\u010da<\/strong>Shimano \u0161tapovi SL-U6000, Rapidfire-Plus<\/li>\n<li><strong>Ko\u010dnice:<\/strong> Shimano BR-MT200\/UR300, hidrauli\u010dne disk ko\u010dnice PM\/FM (160\/160)<\/li>\n<li><strong><strong>Pogonska osovina<\/strong>:<\/strong> Thun Paso-ML, 73 mm BSA<\/li>\n<li><strong><strong>Voza\u010d<\/strong>:<\/strong> ACID, 32 zuba, 170 mm<\/li>\n<li><strong>Pedale:<\/strong> CUBE PP MTB<\/li>\n<li><strong>Lanac:<\/strong> KMC eGlide<\/li>\n<li><strong>Kaseta:<\/strong> Shimano Deore CS-LG400, 11-48T<\/li>\n<li><strong>Prednji pesto:<\/strong> Shimano HB-QC300, QR, Centerlock<\/li>\n<li><strong>Zadnji pesto:<\/strong> Shimano FH-QC300-HM, QR, Centerlock<\/li>\n<li><strong>Naplatci \/ Kota\u010di:<\/strong> CUBE EX25, 32H, role, Tubeless Ready<\/li>\n<li><strong>Gume:<\/strong> CUBE MTB, 2.25<\/li>\n<li><strong>Sjedalo:<\/strong> ACID Vijenac Lite<\/li>\n<li><strong>Potpora sjedala:<\/strong> CUBE Performance stup, 27,2 mm<\/li>\n<li><strong>Te\u017eina:<\/strong> 14,6 kg<\/li>\n<\/ul>","protected":false},"excerpt":{"rendered":"<p>Cube Aim Race Swimming pool &#039;n&#039; Black Mountain Bike<\/p>","protected":false},"featured_media":14196,"template":"","meta":{"_acf_changed":false,"inline_featured_image":false},"product_brand":[1192],"product_cat":[488,572],"product_tag":[],"class_list":{"0":"post-14193","1":"product","2":"type-product","3":"status-publish","4":"has-post-thumbnail","6":"product_brand-cube","7":"product_cat-gorska-kolesa","8":"product_cat-zenska-gorska-kolesa","9":"pa_velikost-l","10":"pa_velikost-xl","12":"first","13":"instock","14":"sale","15":"taxable","16":"shipping-taxable","17":"purchasable","18":"product-type-variable"},"acf":[],"_links":{"self":[{"href":"https:\/\/ritosa.click.si\/hr\/wp-json\/wp\/v2\/product\/14193","targetHints":{"allow":["GET"]}}],"collection":[{"href":"https:\/\/ritosa.click.si\/hr\/wp-json\/wp\/v2\/product"}],"about":[{"href":"https:\/\/ritosa.click.si\/hr\/wp-json\/wp\/v2\/types\/product"}],"wp:featuredmedia":[{"embeddable":true,"href":"https:\/\/ritosa.click.si\/hr\/wp-json\/wp\/v2\/media\/14196"}],"wp:attachment":[{"href":"https:\/\/ritosa.click.si\/hr\/wp-json\/wp\/v2\/media?parent=14193"}],"wp:term":[{"taxonomy":"product_brand","embeddable":true,"href":"https:\/\/ritosa.click.si\/hr\/wp-json\/wp\/v2\/product_brand?post=14193"},{"taxonomy":"product_cat","embeddable":true,"href":"https:\/\/ritosa.click.si\/hr\/wp-json\/wp\/v2\/product_cat?post=14193"},{"taxonomy":"product_tag","embeddable":true,"href":"https:\/\/ritosa.click.si\/hr\/wp-json\/wp\/v2\/product_tag?post=14193"}],"curies":[{"name":"radni list","href":"https:\/\/api.w.org\/{rel}","templated":true}]}}