{"id":14175,"date":"2025-04-10T15:31:20","date_gmt":"2025-04-10T15:31:20","guid":{"rendered":"https:\/\/ritosa.click.si\/?post_type=product&#038;p=14175"},"modified":"2026-03-06T16:57:42","modified_gmt":"2026-03-06T15:57:42","slug":"rolerji-roces-radon-w-tif","status":"publish","type":"product","link":"https:\/\/ritosa.click.si\/hr\/ducan\/rolerji\/odrasli-rolerji\/rolerji-roces-radon-w-tif\/","title":{"rendered":"Roleri Roces RADON W TIF"},"content":{"rendered":"<p>Inovativna cipela koja kombinira udobnost i prozra\u010dnost. Najva\u017enije je da je izra\u0111ena u procesu koji je energetski u\u010dinkovit i proizvodi malo nusproizvoda. U proizvodnji 60% smanjena je i upotreba ljepila. Kupnja ovih klizaljki je zaista zelena odluka!<\/p>\n<ul>\n<li>Le\u017eajevi: ABEC 9<\/li>\n<li>Kota\u010di: Roces 90mm\/82A<\/li>\n<li>\u0160asija: aluminij<\/li>\n<li>Ko\u010dnica uklju\u010dena<\/li>\n<\/ul>","protected":false},"excerpt":{"rendered":"<p>Role za odrasle ROCES RADON W TIF<\/p>","protected":false},"featured_media":14178,"template":"","meta":{"_acf_changed":false,"inline_featured_image":false,"_monsterinsights_skip_tracking":false,"_monsterinsights_sitenote_active":false,"_monsterinsights_sitenote_note":"","_monsterinsights_sitenote_category":0},"product_brand":[684],"product_cat":[584],"product_tag":[],"class_list":{"0":"post-14175","1":"product","2":"type-product","3":"status-publish","4":"has-post-thumbnail","6":"product_brand-roces","7":"product_cat-odrasli-rolerji","8":"pa_velikost-742","10":"first","11":"instock","12":"sale","13":"taxable","14":"shipping-taxable","15":"purchasable","16":"product-type-variable"},"acf":[],"aioseo_notices":[],"_links":{"self":[{"href":"https:\/\/ritosa.click.si\/hr\/wp-json\/wp\/v2\/product\/14175","targetHints":{"allow":["GET"]}}],"collection":[{"href":"https:\/\/ritosa.click.si\/hr\/wp-json\/wp\/v2\/product"}],"about":[{"href":"https:\/\/ritosa.click.si\/hr\/wp-json\/wp\/v2\/types\/product"}],"wp:featuredmedia":[{"embeddable":true,"href":"https:\/\/ritosa.click.si\/hr\/wp-json\/wp\/v2\/media\/14178"}],"wp:attachment":[{"href":"https:\/\/ritosa.click.si\/hr\/wp-json\/wp\/v2\/media?parent=14175"}],"wp:term":[{"taxonomy":"product_brand","embeddable":true,"href":"https:\/\/ritosa.click.si\/hr\/wp-json\/wp\/v2\/product_brand?post=14175"},{"taxonomy":"product_cat","embeddable":true,"href":"https:\/\/ritosa.click.si\/hr\/wp-json\/wp\/v2\/product_cat?post=14175"},{"taxonomy":"product_tag","embeddable":true,"href":"https:\/\/ritosa.click.si\/hr\/wp-json\/wp\/v2\/product_tag?post=14175"}],"curies":[{"name":"radni list","href":"https:\/\/api.w.org\/{rel}","templated":true}]}}