{"id":14126,"date":"2025-04-01T11:37:19","date_gmt":"2025-04-01T11:37:19","guid":{"rendered":"https:\/\/ritosa.click.si\/?post_type=product&#038;p=14126"},"modified":"2026-03-14T17:27:55","modified_gmt":"2026-03-14T16:27:55","slug":"head-x-rubi-i-2","status":"publish","type":"product","link":"https:\/\/ritosa.click.si\/hr\/ducan\/biciklizam\/kotaci\/gorska-kolesa\/zenska-gorska-kolesa\/head-x-rubi-i-2\/","title":{"rendered":"HEAD X-Rubi I"},"content":{"rendered":"<p>X-Rubi I je brdski bicikl od 29 in\u010da dizajniran za dinami\u010dnu vo\u017enju \u0161umskim i planinskim stazama. Na prvi pogled impresionira svojim modernim dizajnom i dobro promi\u0161ljenom geometrijom, \u0161to omogu\u0107uje stabilan polo\u017eaj vo\u017enje i u\u010dinkovit prijenos snage i na usponima i na nizbrdicama. Ve\u0107i kota\u010di u\u010dinkovito prigu\u0161uju vibracije i ubla\u017eavaju neravnine te olak\u0161avaju guranje, pa se bicikl dobro pona\u0161a na svim terenima. Na zahtjevnijim nizbrdicama, prednji ovjes pru\u017eit \u0107e dodatnu potporu. Bicikl je opremljen vrhunskom Zoom Vaxa vilicom s ovjesom, stra\u017enjim mjenja\u010dem Shimano Alivio i pouzdanim Clarks hidrauli\u010dnim disk ko\u010dnicama.<\/p>\n<h3><strong>SPECIFIKACIJA<\/strong><\/h3>\n<ul>\n<li>Okvir: Aluminij, veli\u010dine: 44\/48\/52\/56 cm, dvostruko spojene cijevi, unutarnje usmjerene sajle, hidroformirane cijevi, termi\u010dki obra\u0111eno<\/li>\n<li>Vilica: Zoom Vaxa 32S 860S AIR<\/li>\n<li>Hod: 100 mm, blokada, TPR, zra\u010dni ovjes (AIR)<\/li>\n<li>Le\u017eaj upravlja\u010da: Neco H398, zatvoreni le\u017eajevi<\/li>\n<li>Stra\u017enji mjenja\u010d: Shimano Alivio RDM3100, 9 brzina, shadow verzija<\/li>\n<li>Prednji mjenja\u010d: Shimano Alivio FDM3120 bo\u010dno zakretanje<\/li>\n<li>Mjenja\u010di: Shimano Alivio SLM3100, 2\u00d79 brzina<\/li>\n<li>Radilica: Prowheel MPL<\/li>\n<li>Lan\u010danici: 36-22, duljina: 175 mm<\/li>\n<li>Lanac: KMC X9<\/li>\n<li>Obru\u010di: RRX, 32 rupe<\/li>\n<li>Prednja glav\u010dina: HBC, QR, 100 mm<\/li>\n<li>Stra\u017enja glav\u010dina: HBC, QR, 135 mm<\/li>\n<li>Gume: CST Caballero, 29\u00d72.1\u201d<\/li>\n<li>Ko\u010dnice: Clarks M2<\/li>\n<li>Ko\u010dioni disk: 180\/160 mm<\/li>\n<li>Volan: HBC PRO, \u0160irina: 720 mm, 31,8 mm<\/li>\n<li>Lupa volana: HBC PRO, Duljina: 44 cm \u2013 70 mm, 48 cm \u2013 80 mm, 52 cm \u2013 90 mm, 56 cm \u2013 100 mm, 31,8 mm<\/li>\n<li>Nosa\u010d sjedala: HBC Pro VL-3381, radilica: Cr-Mo<\/li>\n<li>Cijev sjedala: HBC PRO, Duljina: 44, 48 cm \u2013 350 mm, 52, 56 cm \u2013 400 mm, 31,6 mm<\/li>\n<li>Pedale: Wellgo M272T DU<\/li>\n<\/ul>","protected":false},"excerpt":{"rendered":"<p>Brdski bicikl Head X-Rubi I<\/p>\n<ul>\n<li><strong>Okvir:<\/strong> Aluminij, veli\u010dine: 44\/48\/52\/56 cm<\/li>\n<li><strong>Vilice:<\/strong> Zoom Vaxa 32S 860S AIR<\/li>\n<li><strong>Zadnji mjenja\u010d:<\/strong> Shimano Alivio RDM3100<\/li>\n<li><strong>Kota\u010di:<\/strong> 29\u2033<\/li>\n<li><strong>Te\u017eina:<\/strong> 13,9 kg<\/li>\n<\/ul>","protected":false},"featured_media":14128,"template":"","meta":{"_acf_changed":false,"inline_featured_image":false},"product_brand":[1193],"product_cat":[488,572],"product_tag":[],"class_list":{"0":"post-14126","1":"product","2":"type-product","3":"status-publish","4":"has-post-thumbnail","6":"product_brand-head","7":"product_cat-gorska-kolesa","8":"product_cat-zenska-gorska-kolesa","9":"pa_velikost-m","11":"first","12":"instock","13":"sale","14":"taxable","15":"shipping-taxable","16":"purchasable","17":"product-type-variable"},"acf":[],"_links":{"self":[{"href":"https:\/\/ritosa.click.si\/hr\/wp-json\/wp\/v2\/product\/14126","targetHints":{"allow":["GET"]}}],"collection":[{"href":"https:\/\/ritosa.click.si\/hr\/wp-json\/wp\/v2\/product"}],"about":[{"href":"https:\/\/ritosa.click.si\/hr\/wp-json\/wp\/v2\/types\/product"}],"wp:featuredmedia":[{"embeddable":true,"href":"https:\/\/ritosa.click.si\/hr\/wp-json\/wp\/v2\/media\/14128"}],"wp:attachment":[{"href":"https:\/\/ritosa.click.si\/hr\/wp-json\/wp\/v2\/media?parent=14126"}],"wp:term":[{"taxonomy":"product_brand","embeddable":true,"href":"https:\/\/ritosa.click.si\/hr\/wp-json\/wp\/v2\/product_brand?post=14126"},{"taxonomy":"product_cat","embeddable":true,"href":"https:\/\/ritosa.click.si\/hr\/wp-json\/wp\/v2\/product_cat?post=14126"},{"taxonomy":"product_tag","embeddable":true,"href":"https:\/\/ritosa.click.si\/hr\/wp-json\/wp\/v2\/product_tag?post=14126"}],"curies":[{"name":"radni list","href":"https:\/\/api.w.org\/{rel}","templated":true}]}}