{"id":14101,"date":"2025-04-01T10:05:41","date_gmt":"2025-04-01T10:05:41","guid":{"rendered":"https:\/\/ritosa.click.si\/?post_type=product&#038;p=14101"},"modified":"2026-03-14T15:20:59","modified_gmt":"2026-03-14T14:20:59","slug":"head-i-speed-team","status":"publish","type":"product","link":"https:\/\/ritosa.click.si\/hr\/ducan\/biciklizam\/kotaci\/cestovni-gravel-bicikli\/head-i-speed-team\/","title":{"rendered":"HEAD I-SPEED TEAM"},"content":{"rendered":"<h3 style=\"text-align: left\"><strong>Specifikacije<\/strong><\/h3>\n<ul>\n<li>Okvir: Puni karbon, veli\u010dine: 52\/54\/56 cm, UCI certificirani karbonski okvir, TPR, unutarnje usmjerene sajle<\/li>\n<li>Vilica: Karbon, TPR, puni karbon<\/li>\n<li>Le\u017eaj upravlja\u010da: Neco H373M, zatvoreni le\u017eajevi<\/li>\n<li>Stra\u017enji mjenja\u010d: Shimano 105 RDR7000, 11 brzina<\/li>\n<li>Prednji mjenja\u010d: Shimano 105 FDR7000<\/li>\n<li>Mjenja\u010di: Shimano 105 STR7020, 2\u00d711<\/li>\n<li>Radilica: FSA Gossamer<\/li>\n<li>Lan\u010danici: 50-34t, duljina: 172,5 mm<\/li>\n<li>Lanac: Shimano CNHG601, 11 brzina<\/li>\n<li>Obru\u010di: Fulcrum Racing 800, 28 rupa<\/li>\n<li>Prednja glav\u010dina: Fulcrum Racing 800 DB, 12\u00d7100 mm<\/li>\n<li>Stra\u017enja glav\u010dina: Fulcrum Racing 800 DB, 12\u00d7142 mm<\/li>\n<li>Gume: Schwalbe One, 700x25C<\/li>\n<li>Ko\u010dnice: Shimano 105 BRR7020<\/li>\n<li>Diskovi: 140\/140 mm<\/li>\n<li>Volan: HBC PRO, \u0160irina: 440 mm, 31,8 mm<\/li>\n<li>Lupa volana: HBC PRO, Duljina: 52 cm \u2013 90 mm, 54 cm \u2013 100 mm, 56 cm \u2013 110 mm, 31,8 mm<\/li>\n<li>Nosa\u010d sjedala: Prologo Zero II, ru\u010dke: Cr-Mo<\/li>\n<li>Cijev sjedala: Karbon<\/li>\n<\/ul>","protected":false},"excerpt":{"rendered":"<p>Cestovni bicikl Head I-Speed Team crno\/\u017euto<\/p>\n<ul>\n<li>Okvir: Puni karbon, veli\u010dine: 52\/54\/56 cm<\/li>\n<li>Vilica: Karbonska<\/li>\n<li>Stra\u017enji mjenja\u010d: Shimano 105 RDR7000<\/li>\n<li>Kota\u010di: 28\u2033<\/li>\n<li>Te\u017eina: 8,5 kg<\/li>\n<\/ul>","protected":false},"featured_media":14103,"template":"","meta":{"_acf_changed":false,"inline_featured_image":false,"_monsterinsights_skip_tracking":false,"_monsterinsights_sitenote_active":false,"_monsterinsights_sitenote_note":"","_monsterinsights_sitenote_category":0},"product_brand":[1193],"product_cat":[501],"product_tag":[],"class_list":{"0":"post-14101","1":"product","2":"type-product","3":"status-publish","4":"has-post-thumbnail","6":"product_brand-head","7":"product_cat-cestna-gravel-kolesa","8":"pa_velikost-1090","10":"first","11":"instock","12":"sale","13":"taxable","14":"shipping-taxable","15":"purchasable","16":"product-type-variable"},"acf":[],"aioseo_notices":[],"_links":{"self":[{"href":"https:\/\/ritosa.click.si\/hr\/wp-json\/wp\/v2\/product\/14101","targetHints":{"allow":["GET"]}}],"collection":[{"href":"https:\/\/ritosa.click.si\/hr\/wp-json\/wp\/v2\/product"}],"about":[{"href":"https:\/\/ritosa.click.si\/hr\/wp-json\/wp\/v2\/types\/product"}],"wp:featuredmedia":[{"embeddable":true,"href":"https:\/\/ritosa.click.si\/hr\/wp-json\/wp\/v2\/media\/14103"}],"wp:attachment":[{"href":"https:\/\/ritosa.click.si\/hr\/wp-json\/wp\/v2\/media?parent=14101"}],"wp:term":[{"taxonomy":"product_brand","embeddable":true,"href":"https:\/\/ritosa.click.si\/hr\/wp-json\/wp\/v2\/product_brand?post=14101"},{"taxonomy":"product_cat","embeddable":true,"href":"https:\/\/ritosa.click.si\/hr\/wp-json\/wp\/v2\/product_cat?post=14101"},{"taxonomy":"product_tag","embeddable":true,"href":"https:\/\/ritosa.click.si\/hr\/wp-json\/wp\/v2\/product_tag?post=14101"}],"curies":[{"name":"radni list","href":"https:\/\/api.w.org\/{rel}","templated":true}]}}