{"id":14081,"date":"2025-03-31T16:53:38","date_gmt":"2025-03-31T16:53:38","guid":{"rendered":"https:\/\/ritosa.click.si\/?post_type=product&#038;p=14081"},"modified":"2026-03-23T12:42:20","modified_gmt":"2026-03-23T11:42:20","slug":"soncna-ocala-alpina-nacan-i","status":"publish","type":"product","link":"https:\/\/ritosa.click.si\/hr\/ducan\/biciklizam\/oprema-za-biciklizam\/kolesarska-ocala\/soncna-ocala-alpina-nacan-i\/","title":{"rendered":"Sun\u010dane nao\u010dale Alpina NACAN I"},"content":{"rendered":"<p data-start=\"231\" data-end=\"567\">Zahvaljuju\u0107i dvokomponentnom dizajnu punog okvira, nao\u010dale Nacan I udobne su za no\u0161enje i u slobodno vrijeme i tijekom sportskih aktivnosti. S modernim zrcalnim kerami\u010dkim le\u0107ama mo\u017eete se igrati &quot;Ogledalce, ogledalce na zidu&quot; - ili ih koristiti za ono \u010demu su zapravo namijenjene: za\u0161titu o\u010diju od UV svjetla.<\/p>\n<p><strong>Zna\u010dajke:<\/strong><\/p>\n<ul>\n<li>100 % za\u0161tita od UV-A, UV-B i UV-C zraka<\/li>\n<li>Jasan vid bez izobli\u010denja zahvaljuju\u0107i decentraliziranim le\u0107ama<\/li>\n<li>Kerami\u010dke le\u0107e otporne na lomljenje za maksimalnu sigurnost<\/li>\n<li>Zrcalna le\u0107a reflektira \u0161tetne infracrvene zrake<\/li>\n<li>Visoka razina udobnosti zahvaljuju\u0107i mekim vrhovima sljepoo\u010dnica i jastu\u010di\u0107ima za nos<\/li>\n<\/ul>","protected":false},"excerpt":{"rendered":"<p>Kul izgled u kombinaciji s kvalitetnim materijalima i optimalnom za\u0161titom o\u010diju, to su nove Alpina NACAN I nao\u010dale, napravljene za mu\u0161karce sa stilom. Nao\u010dale su dizajnirane za slobodno vrijeme, kao i za sportske aktivnosti. Le\u0107e su kerami\u010dke i zrcalne, pa \u0161tite va\u0161e o\u010di od UV zraka.<\/p>","protected":false},"featured_media":14082,"template":"","meta":{"_acf_changed":false,"inline_featured_image":false,"_monsterinsights_skip_tracking":false,"_monsterinsights_sitenote_active":false,"_monsterinsights_sitenote_note":"","_monsterinsights_sitenote_category":0},"product_brand":[678],"product_cat":[526],"product_tag":[1126,2044,1200,2019,2016,2043],"class_list":{"0":"post-14081","1":"product","2":"type-product","3":"status-publish","4":"has-post-thumbnail","6":"product_brand-alpina","7":"product_cat-kolesarska-ocala","8":"product_tag-alpina-2","9":"product_tag-alpina-nacan-i","10":"product_tag-moski","11":"product_tag-soncna-ocala","12":"product_tag-soncna-ocala-alpina","13":"product_tag-soncna-ocala-alpina-nacan-i","15":"first","16":"instock","17":"sale","18":"taxable","19":"shipping-taxable","20":"purchasable","21":"product-type-simple"},"acf":[],"aioseo_notices":[],"_links":{"self":[{"href":"https:\/\/ritosa.click.si\/hr\/wp-json\/wp\/v2\/product\/14081","targetHints":{"allow":["GET"]}}],"collection":[{"href":"https:\/\/ritosa.click.si\/hr\/wp-json\/wp\/v2\/product"}],"about":[{"href":"https:\/\/ritosa.click.si\/hr\/wp-json\/wp\/v2\/types\/product"}],"wp:featuredmedia":[{"embeddable":true,"href":"https:\/\/ritosa.click.si\/hr\/wp-json\/wp\/v2\/media\/14082"}],"wp:attachment":[{"href":"https:\/\/ritosa.click.si\/hr\/wp-json\/wp\/v2\/media?parent=14081"}],"wp:term":[{"taxonomy":"product_brand","embeddable":true,"href":"https:\/\/ritosa.click.si\/hr\/wp-json\/wp\/v2\/product_brand?post=14081"},{"taxonomy":"product_cat","embeddable":true,"href":"https:\/\/ritosa.click.si\/hr\/wp-json\/wp\/v2\/product_cat?post=14081"},{"taxonomy":"product_tag","embeddable":true,"href":"https:\/\/ritosa.click.si\/hr\/wp-json\/wp\/v2\/product_tag?post=14081"}],"curies":[{"name":"radni list","href":"https:\/\/api.w.org\/{rel}","templated":true}]}}