{"id":14054,"date":"2025-03-31T14:28:14","date_gmt":"2025-03-31T14:28:14","guid":{"rendered":"https:\/\/ritosa.click.si\/?post_type=product&#038;p=14054"},"modified":"2026-03-24T09:54:25","modified_gmt":"2026-03-24T08:54:25","slug":"otroska-celada-alpina-carapax-jr-3","status":"publish","type":"product","link":"https:\/\/ritosa.click.si\/hr\/ducan\/biciklizam\/oprema-za-biciklizam\/kolesarske-celade\/otroske-kolesarske-celade\/otroska-celada-alpina-carapax-jr-3\/","title":{"rendered":"Dje\u010dja kaciga ALPINA CARAPAX JR."},"content":{"rendered":"<p>Alpina CARAPAX JR je dje\u010dja enduro biciklisti\u010dka kaciga koja ima mnogo zajedni\u010dkog s modelom Carapax za odrasle. Mala te\u017eina je mogu\u0107a zahvaljuju\u0107i Inmold tehnologiji koja kombinira vanjsku tvrdu \u0161koljku s unutarnjim Hi-EPS dijelom. Rubovi kacige su zavr\u0161eni Edge Protect sustavom. Veliki otvori za ventilaciju su osnova za dobru ventilaciju kacige, a kaciga se tako\u0111er lako pode\u0161ava pomo\u0107u Run System Ergo Pro, koji radi zajedno sa Custom Fit Systemom.<\/p>\n<ul>\n<li>HI-EPS \u2013 optimalna apsorpcija udara zahvaljuju\u0107i Hi-EPS materijalu s mikroskopski malim zra\u010dnim komorama<\/li>\n<li>Inmold Tec \u2013 Mala te\u017eina je zahvaljuju\u0107i Inmold tehnologiji, gdje je gornja \u0161koljka termi\u010dki spojena s Hi-EPS-om. To rezultira \u010dvrstom povr\u0161inskom vezom, pru\u017eaju\u0107i vrlo \u010dvrst dizajn.<\/li>\n<li>Za\u0161tita rubova: za\u0161titni sloj koji kacigu \u010dini otpornijom na lomove i ogrebotine te nudi dodatnu za\u0161titu od vanjskih utjecaja tijekom \u010deste upotrebe<\/li>\n<li>Kerami\u010dka \u0161koljka: naziv za vanjsku \u0161koljku svih Alpina kaciga izra\u0111enih Inmold postupkom. To je tanak, lagan materijal koji je izuzetno otporan na udarce i ogrebotine, sadr\u017ei UV stabilizatore i antistati\u010dan je.<\/li>\n<li>Run System Classic \u2013 sustav finog pode\u0161avanja je fluidan i mekan na dodir, osiguravaju\u0107i najvi\u0161u razinu udobnosti<\/li>\n<li>ERGOMATI\u010cNO: kop\u010da koja je bezbroj puta provjerena i testirana koristi se na svim Alpina kacigama. Vi\u0161estupanjsko pode\u0161avanje, kontrolirano samo jednom rukom. Kop\u010da se tako\u0111er ne mo\u017ee sama odkop\u010dati u slu\u010daju nezgode.<\/li>\n<li>Y-KOPNJA: Y-kop\u010da spaja prednje i stra\u017enje remene ispod u\u0161iju. Kada se kop\u010da otkop\u010da, remene se mogu lako premjestiti i fino podesiti. To omogu\u0107uje optimalno pristajanje kacige<\/li>\n<li>Te\u017eina kacige 250 g<\/li>\n<li>14 ventilacijskih otvora osigurava idealan protok zraka unutra<\/li>\n<li>Mre\u017ea za muhe \u2013 mre\u017ea za za\u0161titu od insekata<\/li>\n<li>Opcija: svjetlo se mo\u017ee montirati na kacigu<\/li>\n<\/ul>","protected":false},"excerpt":{"rendered":"<p>Dje\u010dja biciklisti\u010dka kaciga ALPINA CARAPAX JR.<\/p>","protected":false},"featured_media":14056,"template":"","meta":{"_acf_changed":false,"inline_featured_image":false},"product_brand":[678],"product_cat":[577],"product_tag":[1198],"class_list":{"0":"post-14054","1":"product","2":"type-product","3":"status-publish","4":"has-post-thumbnail","6":"product_brand-alpina","7":"product_cat-otroske-kolesarske-celade","8":"product_tag-otroci","9":"pa_velikost-51-56","11":"first","12":"instock","13":"sale","14":"taxable","15":"shipping-taxable","16":"purchasable","17":"product-type-variable"},"acf":[],"_links":{"self":[{"href":"https:\/\/ritosa.click.si\/hr\/wp-json\/wp\/v2\/product\/14054","targetHints":{"allow":["GET"]}}],"collection":[{"href":"https:\/\/ritosa.click.si\/hr\/wp-json\/wp\/v2\/product"}],"about":[{"href":"https:\/\/ritosa.click.si\/hr\/wp-json\/wp\/v2\/types\/product"}],"wp:featuredmedia":[{"embeddable":true,"href":"https:\/\/ritosa.click.si\/hr\/wp-json\/wp\/v2\/media\/14056"}],"wp:attachment":[{"href":"https:\/\/ritosa.click.si\/hr\/wp-json\/wp\/v2\/media?parent=14054"}],"wp:term":[{"taxonomy":"product_brand","embeddable":true,"href":"https:\/\/ritosa.click.si\/hr\/wp-json\/wp\/v2\/product_brand?post=14054"},{"taxonomy":"product_cat","embeddable":true,"href":"https:\/\/ritosa.click.si\/hr\/wp-json\/wp\/v2\/product_cat?post=14054"},{"taxonomy":"product_tag","embeddable":true,"href":"https:\/\/ritosa.click.si\/hr\/wp-json\/wp\/v2\/product_tag?post=14054"}],"curies":[{"name":"radni list","href":"https:\/\/api.w.org\/{rel}","templated":true}]}}