{"id":14014,"date":"2025-03-24T10:48:52","date_gmt":"2025-03-24T10:48:52","guid":{"rendered":"https:\/\/ritosa.click.si\/?post_type=product&#038;p=14014"},"modified":"2026-03-24T16:21:30","modified_gmt":"2026-03-24T15:21:30","slug":"alpina-taunus-2","status":"publish","type":"product","link":"https:\/\/ritosa.click.si\/hr\/ducan\/biciklizam\/oprema-za-biciklizam\/kolesarske-celade\/odrasle-kolesarske-celade\/alpina-taunus-2\/","title":{"rendered":"Alpina Taunus"},"content":{"rendered":"<p>Spremni za va\u0161u sljede\u0107u MTB avanturu: Taunus. Bilo da idete u planine ili Alpe, Taunus kombinira sportsku eleganciju s klasi\u010dnim i dinami\u010dnim dizajnom. S kacigom Taunus savr\u0161eno ste opremljeni za \u0161ljun\u010dane \u0161umske staze, flow trailove i single trailove. Kombinacija vanjske ljuske Microshell i unutarnje EPS ljuske ne samo da osigurava sigurnost, ve\u0107 i smanjuje te\u017einu kacige. Veliki otvori za ventilaciju omogu\u0107uju dovoljno svje\u017eeg zraka da dopre do va\u0161e glave, dok za\u0161titna mre\u017eica sprje\u010dava ulazak muha i drugih insekata. Bilo da se spu\u0161tate nizbrdo ili uzbrdo, va\u0161a vo\u017enja s Taunusom ne\u0107e biti samo sigurna i udobna, ve\u0107 \u0107ete i izgledati sjajno dok to \u010dinite.<\/p>\n<ul>\n<li>Optimalna za\u0161tita na zahtjevnom terenu s produ\u017eenim stra\u017enjim dijelom i dubokim bo\u010dnim dijelovima<\/li>\n<li>Individualno podesiv sustav za maksimalnu udobnost s jednostavnim Run System Ergo Pro<\/li>\n<li>Sustav za pri\u010dvr\u0161\u0107ivanje nao\u010dala omogu\u0107uje vam umetanje nao\u010dala u kacigu<\/li>\n<li>Podesivi vizir koji se prilago\u0111ava va\u0161im potrebama<\/li>\n<li>Za\u0161titna mre\u017ea sprje\u010dava ulazak muha i insekata<\/li>\n<\/ul>","protected":false},"excerpt":{"rendered":"<p>Biciklisti\u010dka kaciga ALPINA TAUNUS<\/p>","protected":false},"featured_media":14018,"template":"","meta":{"_acf_changed":false,"inline_featured_image":false,"_monsterinsights_skip_tracking":false,"_monsterinsights_sitenote_active":false,"_monsterinsights_sitenote_note":"","_monsterinsights_sitenote_category":0},"product_brand":[678],"product_cat":[662],"product_tag":[],"class_list":{"0":"post-14014","1":"product","2":"type-product","3":"status-publish","4":"has-post-thumbnail","6":"product_brand-alpina","7":"product_cat-odrasle-kolesarske-celade","8":"pa_velikost-52-56","9":"pa_velikost-55-59","10":"pa_velikost-59-61","12":"first","13":"instock","14":"sale","15":"taxable","16":"shipping-taxable","17":"purchasable","18":"product-type-variable"},"acf":[],"aioseo_notices":[],"_links":{"self":[{"href":"https:\/\/ritosa.click.si\/hr\/wp-json\/wp\/v2\/product\/14014","targetHints":{"allow":["GET"]}}],"collection":[{"href":"https:\/\/ritosa.click.si\/hr\/wp-json\/wp\/v2\/product"}],"about":[{"href":"https:\/\/ritosa.click.si\/hr\/wp-json\/wp\/v2\/types\/product"}],"wp:featuredmedia":[{"embeddable":true,"href":"https:\/\/ritosa.click.si\/hr\/wp-json\/wp\/v2\/media\/14018"}],"wp:attachment":[{"href":"https:\/\/ritosa.click.si\/hr\/wp-json\/wp\/v2\/media?parent=14014"}],"wp:term":[{"taxonomy":"product_brand","embeddable":true,"href":"https:\/\/ritosa.click.si\/hr\/wp-json\/wp\/v2\/product_brand?post=14014"},{"taxonomy":"product_cat","embeddable":true,"href":"https:\/\/ritosa.click.si\/hr\/wp-json\/wp\/v2\/product_cat?post=14014"},{"taxonomy":"product_tag","embeddable":true,"href":"https:\/\/ritosa.click.si\/hr\/wp-json\/wp\/v2\/product_tag?post=14014"}],"curies":[{"name":"radni list","href":"https:\/\/api.w.org\/{rel}","templated":true}]}}