{"id":13986,"date":"2025-03-18T11:19:43","date_gmt":"2025-03-18T11:19:43","guid":{"rendered":"https:\/\/ritosa.click.si\/?post_type=product&#038;p=13986"},"modified":"2025-08-29T15:29:39","modified_gmt":"2025-08-29T13:29:39","slug":"nosilec-koles-za-vlecno-kljuko-peruzzo-atlantis-2-e-kolesi","status":"publish","type":"product","link":"https:\/\/ritosa.click.si\/hr\/ducan\/biciklizam\/nosilci-koles\/za-avto\/nosilec-koles-za-vlecno-kljuko-peruzzo-atlantis-2-e-kolesi\/","title":{"rendered":"Nosa\u010d bicikla za vu\u010dnu kuku Peruzzo ATLANTIS 2 E-bicikla"},"content":{"rendered":"<p>Nosa\u010d za bicikle Atlantis omogu\u0107uje brzo i jednostavno pri\u010dvr\u0161\u0107ivanje na vu\u010dnu kuku, zahvaljuju\u0107i novom sustavu brzog otpu\u0161tanja \u201ein line\u201c.<br \/>\nDizajnirano za prijevoz elektri\u010dnih bicikala, s maksimalnom nosivo\u0161\u0107u od 60 kg. Nove, du\u017ee nosa\u010de za bicikle, prikladne za bicikle s me\u0111uosovinskim razmakom do 135 cm, uklju\u010duju\u0107i i fat bikeove. Novi remeni s \u010degrtaljkom omogu\u0107uju jednostavno pri\u010dvr\u0161\u0107ivanje naplataka kota\u010da.<\/p>\n<p>\u26a0\ufe0f <strong>PA\u017dNJA:<\/strong> Nije mogu\u0107e otvoriti prtlja\u017enik kombija.<\/p>\n<h3><strong>Opis:<\/strong><\/h3>\n<ul>\n<li>Nosivost do 60 kg<\/li>\n<li>Univerzalno, prikladno za sve europske standardne vu\u010dne kuke<\/li>\n<li>Potpuno sastavljen<\/li>\n<li>Nagib nosa\u010da omogu\u0107uje pristup vozilu jednostavnim pritiskom na pedalu<\/li>\n<li>\u0160iroke \u0161ine za bicikle<\/li>\n<li>Trake s \u010degrtaljkom<\/li>\n<li>Uklju\u010deni sustav za blokiranje kota\u010da i priklju\u010dak za vu\u010dnu kuku<\/li>\n<\/ul>\n<h3><strong>Tehni\u010dki podaci:<\/strong><\/h3>\n<ul>\n<li>Maksimalni broj kota\u010da: 2<\/li>\n<li>Materijal: Aluminij<\/li>\n<li>Boja: Arkti\u010dka siva<\/li>\n<li>Maksimalna ukupna nosivost (kg): 60<\/li>\n<li>Pri\u010dvr\u0161\u0107ivanje kota\u010da: Okvir i kota\u010d<\/li>\n<li>Maksimalna veli\u010dina okvira (cm): 5<\/li>\n<li>Veli\u010dina kota\u010da (in\u010di): od 12\u2033 do 29\u2033<\/li>\n<li>Maksimalna \u0161irina gume (in\u010di): 5<\/li>\n<li>Maksimalna udaljenost izme\u0111u osovina kota\u010da (cm): 135<\/li>\n<li>Razmak izme\u0111u tra\u010dnica (cm): 25<\/li>\n<li>Sustav za\u0161tite okvira: DA<\/li>\n<li>Brava za bicikl na nosa\u010du: DA<\/li>\n<li>Zaklju\u010davanje nosa\u010da za automobil: DA<\/li>\n<li>Mehanizam nagiba: DA<\/li>\n<li>Te\u017eina proizvoda (kg): 18,2<\/li>\n<li>Testirano prema standardu: TUV-GS<\/li>\n<li>Potpuna europska homologacija: DA<\/li>\n<li>Test gradskog sudara: DA<\/li>\n<li>Pogodno za elektri\u010dne bicikle: DA<\/li>\n<li>Pogodno za fat bike: DA<\/li>\n<li>Pakiranje: Kutija<\/li>\n<li>Kompatibilno s RMC vu\u010dnim kukama: DA<\/li>\n<\/ul>","protected":false},"excerpt":{"rendered":"<p>Nosa\u010d bicikla za vu\u010dnu kuku Peruzzo ATLANTIS 2 E-bicikla<\/p>","protected":false},"featured_media":13987,"template":"","meta":{"_acf_changed":false,"inline_featured_image":false,"_monsterinsights_skip_tracking":false,"_monsterinsights_sitenote_active":false,"_monsterinsights_sitenote_note":"","_monsterinsights_sitenote_category":0},"product_brand":[685],"product_cat":[527],"product_tag":[1288,1276,1287,1290,1289,1291],"class_list":{"0":"post-13986","1":"product","2":"type-product","3":"status-publish","4":"has-post-thumbnail","6":"product_brand-peruzzo","7":"product_cat-za-avto","8":"product_tag-nosilec-koles-za-na-avto","9":"product_tag-nosilec-peruzzo","10":"product_tag-nosilec-za-na-avto","11":"product_tag-nosilec-za-na-kljuko","12":"product_tag-nosilec-za-prtljaznik-avta","13":"product_tag-peruzzo","15":"first","16":"instock","17":"taxable","18":"shipping-taxable","19":"purchasable","20":"product-type-simple"},"acf":[],"aioseo_notices":[],"_links":{"self":[{"href":"https:\/\/ritosa.click.si\/hr\/wp-json\/wp\/v2\/product\/13986","targetHints":{"allow":["GET"]}}],"collection":[{"href":"https:\/\/ritosa.click.si\/hr\/wp-json\/wp\/v2\/product"}],"about":[{"href":"https:\/\/ritosa.click.si\/hr\/wp-json\/wp\/v2\/types\/product"}],"wp:featuredmedia":[{"embeddable":true,"href":"https:\/\/ritosa.click.si\/hr\/wp-json\/wp\/v2\/media\/13987"}],"wp:attachment":[{"href":"https:\/\/ritosa.click.si\/hr\/wp-json\/wp\/v2\/media?parent=13986"}],"wp:term":[{"taxonomy":"product_brand","embeddable":true,"href":"https:\/\/ritosa.click.si\/hr\/wp-json\/wp\/v2\/product_brand?post=13986"},{"taxonomy":"product_cat","embeddable":true,"href":"https:\/\/ritosa.click.si\/hr\/wp-json\/wp\/v2\/product_cat?post=13986"},{"taxonomy":"product_tag","embeddable":true,"href":"https:\/\/ritosa.click.si\/hr\/wp-json\/wp\/v2\/product_tag?post=13986"}],"curies":[{"name":"radni list","href":"https:\/\/api.w.org\/{rel}","templated":true}]}}