{"id":13967,"date":"2025-03-13T20:02:29","date_gmt":"2025-03-13T20:02:29","guid":{"rendered":"https:\/\/ritosa.click.si\/?post_type=product&#038;p=13967"},"modified":"2026-03-18T14:13:07","modified_gmt":"2026-03-18T13:13:07","slug":"cube-aim-slx-2025","status":"publish","type":"product","link":"https:\/\/ritosa.click.si\/hr\/ducan\/biciklizam\/kotaci\/gorska-kolesa\/zenska-gorska-kolesa\/cube-aim-slx-2025\/","title":{"rendered":"CUBE AIM SLX"},"content":{"rendered":"<p><strong>CUBE AIM SLX<\/strong><\/p>\n<p>Ljepota je vi\u0161e od same povr\u0161ine: Aimov elegantan izgled rezultat je glatko zavarenih spojeva izme\u0111u okvira i cijevi sjedala. Opremljen je unutarnjim provla\u010denjem sajli, \u0161to osigurava dugotrajnu upotrebu i jednostavno odr\u017eavanje. Pa\u017eljivo skriveni nosa\u010di nosa\u010da i blatobrana omogu\u0107uju brzo, jednostavno i elegantno prilago\u0111avanje bicikla za du\u017ee ture ili vikend izlete.<\/p>\n<p>A\u017eurirana geometrija uklju\u010duje ni\u017eu gornju cijev za sigurnije upravljanje, a istovremeno pru\u017ea dovoljno prostora za \u0161iroke, prianjaju\u0107e i udobne gume od 2,25&quot;. Cube-ov SizeSplit sustav nudi pro\u0161ireni raspon veli\u010dina, tako da bez obzira na va\u0161u visinu, postoji Aim koji je savr\u0161en za vas.<\/p>\n<p><em>Maksimalna nosivost (uklju\u010duju\u0107i te\u017einu bicikla): 140 kg<\/em><\/p>\n<p><em>Podjela veli\u010dine:<\/em><\/p>\n<ul>\n<li><em>35,5 cm (XS), 40,5 cm (S) = 73 cm<\/em><\/li>\n<li><em>45,5 cm (M), 51 cm (L), 56 cm (XL), 61 cm (XXL) = 74 cm<\/em><\/li>\n<\/ul>\n<h3><strong>Specifikacije<\/strong><\/h3>\n<ul>\n<li><strong>Okvir<\/strong>Aluminum Lite, AMF, dvostruko butted, unutarnje vo\u0111enje sajli, su\u017eena glav\u010dina vilica, ravna ko\u010dnica, SIC nosa\u010d, FM nosa\u010d za nogu<\/li>\n<li><strong>Vilica<\/strong>RockShox Judy Silver TK Coil, 100 mm, Lockout<\/li>\n<li><strong>Le\u017eaj vilice<\/strong>CUBE FPH868, poluintegrirani<\/li>\n<li><strong>Nosa\u010d upravlja\u010da<\/strong>CUBE Performance Stem Race, 31,8 mm<\/li>\n<li><strong>Volan<\/strong>CUBE Rise Trail volan, 680 mm<\/li>\n<li><strong>Volan \/ Traka za volan<\/strong>ACID React<\/li>\n<li><strong>Stra\u017enji mjenja\u010d<\/strong>Shimano RD-M3100-SGS, 9 brzina<\/li>\n<li><strong>Ru\u010dice mjenja\u010da<\/strong>Shimano SL-M2010-9R, Rapidfire-Plus<\/li>\n<li><strong>Ko\u010dnice<\/strong>Shimano BR-MT200\/UR300, hidrauli\u010dna, disk ko\u010dnica, PM\/FM (160\/160)<\/li>\n<li><strong>Pogonska osovina<\/strong>Thun Paso-ML, 73 mm BSA<\/li>\n<li><strong>Voza\u010d<\/strong>Prowheel CC10Y-NW, 32T, 170mm<\/li>\n<li><strong>Pedale<\/strong>ACID PP MTB<\/li>\n<li><strong>Lanac<\/strong>KMC X9<\/li>\n<li><strong>Kaseta<\/strong>Shimano CS-HG201, 11-36 zuba<\/li>\n<li><strong>Prednja glav\u010dina<\/strong>Shimano HB-TX505, QR, Centerlock<\/li>\n<li><strong>Stra\u017enja glav\u010dina<\/strong>Shimano FH-TX505, QR, Centerlock<\/li>\n<li><strong>Naplatci \/ Kota\u010di<\/strong>CUBE ZX20, 32H, disk<\/li>\n<li><strong>Vanjske gume<\/strong>Schwalbe Smart Sam, Active, 2.25<\/li>\n<li><strong>Sjedalo<\/strong>Prirodni Fit Venec Lite<\/li>\n<li><strong>Potpora sjedala<\/strong>CUBE Performance stup, 27,2 mm<\/li>\n<li><strong>Te\u017eina<\/strong>: <strong>13,8 kg<\/strong><\/li>\n<\/ul>","protected":false},"excerpt":{"rendered":"<p>Gorsko kolo Cube Aim SLX Flashlime &#8216;n&#8217; Juniper<\/p>","protected":false},"featured_media":21757,"template":"","meta":{"_acf_changed":false,"inline_featured_image":false,"_monsterinsights_skip_tracking":false,"_monsterinsights_sitenote_active":false,"_monsterinsights_sitenote_note":"","_monsterinsights_sitenote_category":0},"product_brand":[1192],"product_cat":[488,572],"product_tag":[1840,1839,993,1137,1143,1144,1838,863],"class_list":{"0":"post-13967","1":"product","2":"type-product","3":"status-publish","4":"has-post-thumbnail","6":"product_brand-cube","7":"product_cat-gorska-kolesa","8":"product_cat-zenska-gorska-kolesa","9":"product_tag-aim-slx","10":"product_tag-bike-cube-aim-slx","11":"product_tag-cube","12":"product_tag-cube-aim-slx","13":"product_tag-gorsko-kolo","14":"product_tag-gorsko-kolo-cube","15":"product_tag-gorsko-kolo-cube-aim-slx","16":"product_tag-kolo","17":"pa_velikost-l","18":"pa_velikost-xl","20":"first","21":"instock","22":"sale","23":"taxable","24":"shipping-taxable","25":"purchasable","26":"product-type-variable"},"acf":[],"aioseo_notices":[],"_links":{"self":[{"href":"https:\/\/ritosa.click.si\/hr\/wp-json\/wp\/v2\/product\/13967","targetHints":{"allow":["GET"]}}],"collection":[{"href":"https:\/\/ritosa.click.si\/hr\/wp-json\/wp\/v2\/product"}],"about":[{"href":"https:\/\/ritosa.click.si\/hr\/wp-json\/wp\/v2\/types\/product"}],"wp:featuredmedia":[{"embeddable":true,"href":"https:\/\/ritosa.click.si\/hr\/wp-json\/wp\/v2\/media\/21757"}],"wp:attachment":[{"href":"https:\/\/ritosa.click.si\/hr\/wp-json\/wp\/v2\/media?parent=13967"}],"wp:term":[{"taxonomy":"product_brand","embeddable":true,"href":"https:\/\/ritosa.click.si\/hr\/wp-json\/wp\/v2\/product_brand?post=13967"},{"taxonomy":"product_cat","embeddable":true,"href":"https:\/\/ritosa.click.si\/hr\/wp-json\/wp\/v2\/product_cat?post=13967"},{"taxonomy":"product_tag","embeddable":true,"href":"https:\/\/ritosa.click.si\/hr\/wp-json\/wp\/v2\/product_tag?post=13967"}],"curies":[{"name":"radni list","href":"https:\/\/api.w.org\/{rel}","templated":true}]}}