{"id":13911,"date":"2025-03-11T17:57:32","date_gmt":"2025-03-11T17:57:32","guid":{"rendered":"https:\/\/ritosa.click.si\/?post_type=product&#038;p=13911"},"modified":"2026-04-01T22:09:08","modified_gmt":"2026-04-01T20:09:08","slug":"rolerji-roces-x35-4x80-tif","status":"publish","type":"product","link":"https:\/\/ritosa.click.si\/hr\/ducan\/rolerji\/odrasli-rolerji\/rolerji-roces-x35-4x80-tif\/","title":{"rendered":"Role Roces X35 4\u00d780 TIF"},"content":{"rendered":"<p>Model Roces X35 4\u00d780 odli\u010dan je za sve rekreativne freestyle kliza\u010de. Zbog manjih kota\u010da izuzetno je jednostavan za rukovanje. X35 ima potpuno prozra\u010dnu i laganu \u010dizmu. Uz pomo\u0107 dvije kop\u010de i inovativnog sustava pri\u010dvr\u0161\u0107ivanja, klizaljka se mo\u017ee brzo i uz malo napora zategnuti, pru\u017eaju\u0107i maksimalnu potporu tijekom klizanja. Unutarnja \u010dizma je anatomski oblikovana i oblo\u017eena memorijskom pjenom koja se automatski oblikuje prema stopalu korisnika. Integrirani amortizer \u010dini vo\u017enju jo\u0161 glatkijom i ugodnijom. Na vanjsku stranu \u010dizme pri\u010dvr\u0161\u0107ena je uklonjiva za\u0161titna plo\u010da. Kota\u010di od 80 mm imaju tvrdo\u0107u 84A i ugra\u0111ene Abec-7 le\u017eajeve, \u0161to zna\u010di da su klizaljke dovoljno brze unato\u010d manjem promjeru kota\u010da. Klizaljke dolaze s ko\u010dnicom.<\/p>\n<h3>Tehni\u010dke zna\u010dajke:<\/h3>\n<ul>\n<li>Vanjska cipela: PP polipropilen; \u0161koljka s potpunim otvorom za ventilaciju<\/li>\n<li>Pri\u010dvr\u0161\u0107ivanje: Aluminijska igla i mikrometrijske kop\u010de za jednostavno i brzo pri\u010dvr\u0161\u0107ivanje<\/li>\n<li>Prigu\u0161ivanje: Integrirani amortizer<\/li>\n<li>Unutarnja cipela: ko\u017ena podstava, anatomski oblikovana za ve\u0107u stabilnost<\/li>\n<li>\u0160asija: Ekstrudirani aluminij<\/li>\n<li>Kota\u010di: Roces 80mm-84A<\/li>\n<li>Le\u017eajevi: ABEC 7<\/li>\n<li>Odstojnici: Aluminij<\/li>\n<li>Ko\u010dnica: Uklju\u010dena<\/li>\n<\/ul>","protected":false},"excerpt":{"rendered":"<p>Role za odrasle ROCES X35 4\u00d780 TIF<\/p>\n<p><span style=\"color: #d0121a\">Veli\u010dine rola su male, stoga preporu\u010dujemo da odaberete barem jednu veli\u010dinu ve\u0107u od va\u0161e uobi\u010dajene veli\u010dine cipela.<\/span><\/p>","protected":false},"featured_media":13920,"template":"","meta":{"_acf_changed":false,"inline_featured_image":false,"_monsterinsights_skip_tracking":false,"_monsterinsights_sitenote_active":false,"_monsterinsights_sitenote_note":"","_monsterinsights_sitenote_category":0},"product_brand":[684],"product_cat":[584],"product_tag":[],"class_list":{"0":"post-13911","1":"product","2":"type-product","3":"status-publish","4":"has-post-thumbnail","6":"product_brand-roces","7":"product_cat-odrasli-rolerji","8":"pa_velikost-41-2","9":"pa_velikost-45-2","11":"first","12":"instock","13":"sale","14":"taxable","15":"shipping-taxable","16":"purchasable","17":"product-type-variable"},"acf":[],"aioseo_notices":[],"_links":{"self":[{"href":"https:\/\/ritosa.click.si\/hr\/wp-json\/wp\/v2\/product\/13911","targetHints":{"allow":["GET"]}}],"collection":[{"href":"https:\/\/ritosa.click.si\/hr\/wp-json\/wp\/v2\/product"}],"about":[{"href":"https:\/\/ritosa.click.si\/hr\/wp-json\/wp\/v2\/types\/product"}],"wp:featuredmedia":[{"embeddable":true,"href":"https:\/\/ritosa.click.si\/hr\/wp-json\/wp\/v2\/media\/13920"}],"wp:attachment":[{"href":"https:\/\/ritosa.click.si\/hr\/wp-json\/wp\/v2\/media?parent=13911"}],"wp:term":[{"taxonomy":"product_brand","embeddable":true,"href":"https:\/\/ritosa.click.si\/hr\/wp-json\/wp\/v2\/product_brand?post=13911"},{"taxonomy":"product_cat","embeddable":true,"href":"https:\/\/ritosa.click.si\/hr\/wp-json\/wp\/v2\/product_cat?post=13911"},{"taxonomy":"product_tag","embeddable":true,"href":"https:\/\/ritosa.click.si\/hr\/wp-json\/wp\/v2\/product_tag?post=13911"}],"curies":[{"name":"radni list","href":"https:\/\/api.w.org\/{rel}","templated":true}]}}