{"id":13901,"date":"2025-03-11T17:48:23","date_gmt":"2025-03-11T17:48:23","guid":{"rendered":"https:\/\/ritosa.click.si\/?post_type=product&#038;p=13901"},"modified":"2026-03-06T16:09:22","modified_gmt":"2026-03-06T15:09:22","slug":"rolerji-roces-ego-3x110-tif","status":"publish","type":"product","link":"https:\/\/ritosa.click.si\/hr\/ducan\/rolerji\/odrasli-rolerji\/rolerji-roces-ego-3x110-tif\/","title":{"rendered":"Roleri Roces EGO 3\u00d7110 TIF"},"content":{"rendered":"<p>Roces EGO ima \u010dvrstu, ali laganu i fleksibilnu vanjsku \u0161koljku koja pru\u017ea visoku responzivnost. Ima vi\u0161e otvora za bolju ventilaciju, \u0161to raspr\u0161uje vi\u0161ak topline i sprje\u010dava nakupljanje vlage. Integrirani amortizer \u010dini vo\u017enju jo\u0161 glatkijom i ugodnijom. Uz pomo\u0107 dvije kop\u010de i inovativnog sustava pri\u010dvr\u0161\u0107ivanja, klizaljke se mogu brzo i uz malo napora zategnuti. Unutarnja \u010dizma je anatomski oblikovana kako bi se prilagodila stopalu korisnika.<\/p>\n<h3>Zna\u010dajke:<\/h3>\n<ul>\n<li>Vanjska cipela: PP polipropilen; \u0161koljka s potpunim otvorom za ventilaciju<\/li>\n<li>Zatvaranje: Dvije mikrometrijske kop\u010de, vezice<\/li>\n<li>Prigu\u0161ivanje: Integrirani amortizer<\/li>\n<li>Unutarnja cipela: anatomski oblikovana za ve\u0107u stabilnost<\/li>\n<li>\u0160asija: Ekstrudirani aluminij<\/li>\n<li>Kota\u010di: Roces 110mm-85A<\/li>\n<li>Le\u017eajevi: ABEC 11<\/li>\n<li>Odstojnici: Aluminij<\/li>\n<li>Ko\u010dnica: Uklju\u010dena<\/li>\n<\/ul>","protected":false},"excerpt":{"rendered":"<p>Role za odrasle ROCES EGO 3\u00d7110 TIF<\/p>\n<p><span style=\"color: #d0121a\">Veli\u010dine rola su male, stoga preporu\u010dujemo da odaberete barem jednu veli\u010dinu ve\u0107u od va\u0161e uobi\u010dajene veli\u010dine cipela.<\/span><\/p>","protected":false},"featured_media":13910,"template":"","meta":{"_acf_changed":false,"inline_featured_image":false,"_monsterinsights_skip_tracking":false,"_monsterinsights_sitenote_active":false,"_monsterinsights_sitenote_note":"","_monsterinsights_sitenote_category":0},"product_brand":[684],"product_cat":[584],"product_tag":[],"class_list":{"0":"post-13901","1":"product","2":"type-product","3":"status-publish","4":"has-post-thumbnail","6":"product_brand-roces","7":"product_cat-odrasli-rolerji","8":"pa_velikost-742","9":"pa_velikost-41-2","10":"pa_velikost-762","11":"pa_velikost-766","12":"pa_velikost-45-2","14":"first","15":"instock","16":"sale","17":"taxable","18":"shipping-taxable","19":"purchasable","20":"product-type-variable"},"acf":[],"aioseo_notices":[],"_links":{"self":[{"href":"https:\/\/ritosa.click.si\/hr\/wp-json\/wp\/v2\/product\/13901","targetHints":{"allow":["GET"]}}],"collection":[{"href":"https:\/\/ritosa.click.si\/hr\/wp-json\/wp\/v2\/product"}],"about":[{"href":"https:\/\/ritosa.click.si\/hr\/wp-json\/wp\/v2\/types\/product"}],"wp:featuredmedia":[{"embeddable":true,"href":"https:\/\/ritosa.click.si\/hr\/wp-json\/wp\/v2\/media\/13910"}],"wp:attachment":[{"href":"https:\/\/ritosa.click.si\/hr\/wp-json\/wp\/v2\/media?parent=13901"}],"wp:term":[{"taxonomy":"product_brand","embeddable":true,"href":"https:\/\/ritosa.click.si\/hr\/wp-json\/wp\/v2\/product_brand?post=13901"},{"taxonomy":"product_cat","embeddable":true,"href":"https:\/\/ritosa.click.si\/hr\/wp-json\/wp\/v2\/product_cat?post=13901"},{"taxonomy":"product_tag","embeddable":true,"href":"https:\/\/ritosa.click.si\/hr\/wp-json\/wp\/v2\/product_tag?post=13901"}],"curies":[{"name":"radni list","href":"https:\/\/api.w.org\/{rel}","templated":true}]}}