{"id":13884,"date":"2025-03-11T15:35:30","date_gmt":"2025-03-11T15:35:30","guid":{"rendered":"https:\/\/ritosa.click.si\/?post_type=product&#038;p=13884"},"modified":"2026-03-06T16:18:49","modified_gmt":"2026-03-06T15:18:49","slug":"rolerji-roces-moody-x-boy-tif-2","status":"publish","type":"product","link":"https:\/\/ritosa.click.si\/hr\/ducan\/rolerji\/otroski-rolerji\/rolerji-roces-moody-x-boy-tif-2\/","title":{"rendered":"Roleri Roces MOODY X BOY TIF"},"content":{"rendered":"<p>Dje\u010dje role Moody X TIF nasljednik su iznimno popularnog modela Moody TIF i definitivno su prikladan izbor za svu djecu koja su ve\u0107 savladala osnove rolanja. Mekana cipela je vrlo prozra\u010dna i udobna, a veli\u010dina se mo\u017ee to\u010dno prilagoditi dje\u010djem stopalu. To je omogu\u0107eno novim sustavom vijaka koji je to\u010dan u milimetar. Zatvaranje vezicama, memorijskom trakom i kop\u010dom.<\/p>\n<p>\u2022 Le\u017eajevi: ABEC 3;<br \/>\n\u2022 Kota\u010di: Roces 76 mm \/ 82A (72 mm u veli\u010dini 30-35);<br \/>\n\u2022 \u0160asija: aluminij<br \/>\n\u2022 Anatomski ulo\u017eak<br \/>\n\u2022 Ko\u010dnica uklju\u010dena<\/p>","protected":false},"excerpt":{"rendered":"<p>Dje\u010dje podesive role MOODY X BOY TIF<\/p>","protected":false},"featured_media":13887,"template":"","meta":{"_acf_changed":false,"inline_featured_image":false},"product_brand":[684],"product_cat":[583],"product_tag":[1198],"class_list":{"0":"post-13884","1":"product","2":"type-product","3":"status-publish","4":"has-post-thumbnail","6":"product_brand-roces","7":"product_cat-otroski-rolerji","8":"product_tag-otroci","9":"pa_velikost-30-35","10":"pa_velikost-36-40","12":"first","13":"instock","14":"sale","15":"taxable","16":"shipping-taxable","17":"purchasable","18":"product-type-variable"},"acf":[],"_links":{"self":[{"href":"https:\/\/ritosa.click.si\/hr\/wp-json\/wp\/v2\/product\/13884","targetHints":{"allow":["GET"]}}],"collection":[{"href":"https:\/\/ritosa.click.si\/hr\/wp-json\/wp\/v2\/product"}],"about":[{"href":"https:\/\/ritosa.click.si\/hr\/wp-json\/wp\/v2\/types\/product"}],"wp:featuredmedia":[{"embeddable":true,"href":"https:\/\/ritosa.click.si\/hr\/wp-json\/wp\/v2\/media\/13887"}],"wp:attachment":[{"href":"https:\/\/ritosa.click.si\/hr\/wp-json\/wp\/v2\/media?parent=13884"}],"wp:term":[{"taxonomy":"product_brand","embeddable":true,"href":"https:\/\/ritosa.click.si\/hr\/wp-json\/wp\/v2\/product_brand?post=13884"},{"taxonomy":"product_cat","embeddable":true,"href":"https:\/\/ritosa.click.si\/hr\/wp-json\/wp\/v2\/product_cat?post=13884"},{"taxonomy":"product_tag","embeddable":true,"href":"https:\/\/ritosa.click.si\/hr\/wp-json\/wp\/v2\/product_tag?post=13884"}],"curies":[{"name":"radni list","href":"https:\/\/api.w.org\/{rel}","templated":true}]}}