{"id":13799,"date":"2025-03-02T13:27:50","date_gmt":"2025-03-02T13:27:50","guid":{"rendered":"https:\/\/ritosa.click.si\/?post_type=product&#038;p=13799"},"modified":"2026-03-18T17:44:55","modified_gmt":"2026-03-18T16:44:55","slug":"cube-attain-race-2026","status":"publish","type":"product","link":"https:\/\/ritosa.click.si\/hr\/ducan\/biciklizam\/kotaci\/cestovni-gravel-bicikli\/cube-attain-race-2026\/","title":{"rendered":"CUBE ATTAIN RACE 2026"},"content":{"rendered":"<p><strong>CUBE ATTAIN UTRKA<\/strong><\/p>\n<p data-start=\"0\" data-end=\"240\">CUBE Attain Race prina\u0161a popolno kombinacijo dirkalne agilnosti in udobja. Njegov okvir iz <strong data-start=\"91\" data-end=\"119\">6061 Aluminium Superlite<\/strong> z delno aero obliko omogo\u010da u\u010dinkovito rezanje zraka, medtem ko notranje vodenje kablov ohranja \u010dist in eleganten videz.<\/p>\n<p data-start=\"242\" data-end=\"602\"><strong data-start=\"242\" data-end=\"260\">Glatko zavarivanje<\/strong> spoji ustvarjajo skoraj organski videz, medtem ko <strong data-start=\"311\" data-end=\"329\">tapered vilica<\/strong> i <strong data-start=\"333\" data-end=\"350\" data-is-only-node=\"\">thru-axle osi<\/strong> zagotavljajo natan\u010dno vodljivost in u\u010dinkovit prenos mo\u010di. S <strong data-start=\"412\" data-end=\"438\">polno karbonsko vilico<\/strong> in tankimi zadnjimi seatstay cevmi se vibracije in udarci s ceste ob\u010dutno zmanj\u0161ajo, prostor za pnevmatike do <strong data-start=\"549\" data-end=\"558\">32 mm<\/strong> pa zagotavlja dodatno udobje in stabilnost.<\/p>\n<p data-start=\"604\" data-end=\"760\" data-is-last-node=\"\" data-is-only-node=\"\">Attain Race je idealen za kolesarje, ki \u017eelijo zdru\u017eiti hitrost in udobje \u2013 kolo, ki ponuja ob\u010dutek dirkanja, hkrati pa ostaja udobno tudi na dalj\u0161ih turah.<\/p>\n<p><em>Veli\u010dine:\u00a0<\/em><em>47 cm, 50 cm, 53 cm, 56 cm, 58 cm, 60 cm, 62 cm<\/em><\/p>\n<p><em>Maksimalna nosivost (uklju\u010duju\u0107i te\u017einu bicikla): 115 kg<\/em><\/p>\n<h4><strong>Specifikacije<\/strong><\/h4>\n<p data-start=\"1152\" data-end=\"1165\" data-is-last-node=\"\" data-is-only-node=\"\">Okvir: Aluminium 6061 T4\/T6 Superlite, Road Comfort Geometry, notranja napeljava kablov, Flat Mount disk zavore, integrirana objemka sede\u017ene opore, 12&#215;142 mm, AXH<br data-start=\"182\" data-end=\"185\" \/>Vilica: CUBE CSL Race Disc, full carbon, 1 1\/8&#8243; \u2013 1 1\/4&#8243; tapered, Flat Mount, 12&#215;100 mm<br data-start=\"272\" data-end=\"275\" \/>Le\u017eaj vilice: ACROS, zgoraj integriran 1 1\/2&#8243; z notranjo napeljavo kablov, spodaj integriran 1 1\/4&#8243;<br data-start=\"374\" data-end=\"377\" \/>Lula krmila: CUBE CIS Stem z notranjo napeljavo kablov, FPI-Link<br data-start=\"441\" data-end=\"444\" \/>Krmilo: ACID Road Omne 31.8, 5\u00b0, 120 NF<br data-start=\"483\" data-end=\"486\" \/>Trak krmila: ACID Bartape RC 3.0<br data-start=\"518\" data-end=\"521\" \/>Prednji menjalnik: Shimano Tiagra FD-4700, objemka 31,8 mm<br data-start=\"579\" data-end=\"582\" \/>Zadnji menjalnik: Shimano Tiagra RD-4700GS, 10-stopenjski<br data-start=\"639\" data-end=\"642\" \/>Ro\u010dice menjalnika\/zavor: Shimano Tiagra ST-4720<br data-start=\"689\" data-end=\"692\" \/>Zavore: Shimano Tiagra BR-R4770, hidravli\u010dne disk zavore, Flat Mount (160\/160 mm)<br data-start=\"773\" data-end=\"776\" \/>Gonilna os: Shimano BB-RS500PB, Pressfit<br data-start=\"816\" data-end=\"819\" \/>Gonilka: Shimano Tiagra FC-RS400, 50x34T<br data-start=\"859\" data-end=\"862\" \/>Veriga: KMC X10<br data-start=\"877\" data-end=\"880\" \/>Kaseta: Shimano CS-HG500, 11\u201334T<br data-start=\"912\" data-end=\"915\" \/>Obro\u010di \/ kolesa: ACID RA 2.3 Aero Disc, 28\/28 naper, Centerlock, 12&#215;100 mm \/ 12&#215;142 mm, Tubeless Ready<br data-start=\"1017\" data-end=\"1020\" \/>Pnevmatike: Continental Grand Prix, Kevlar, 30-622<br data-start=\"1070\" data-end=\"1073\" \/>Sede\u017e: ACID Nuance Lite<br data-start=\"1096\" data-end=\"1099\" \/>Sede\u017ena opora: CUBE Performance Post, 27,2 mm<br data-start=\"1144\" data-end=\"1147\" \/>Te\u017ea: 10,2 kg<\/p>","protected":false},"excerpt":{"rendered":"<p>Cestno kolo Cube Attain Race Foggrey &#8216;n&#8217; Shift<\/p>","protected":false},"featured_media":21863,"template":"","meta":{"_acf_changed":false,"inline_featured_image":false,"_monsterinsights_skip_tracking":false,"_monsterinsights_sitenote_active":false,"_monsterinsights_sitenote_note":"","_monsterinsights_sitenote_category":0},"product_brand":[1192],"product_cat":[501],"product_tag":[],"class_list":{"0":"post-13799","1":"product","2":"type-product","3":"status-publish","4":"has-post-thumbnail","6":"product_brand-cube","7":"product_cat-cestna-gravel-kolesa","8":"pa_velikost-1042","10":"first","11":"instock","12":"sale","13":"taxable","14":"shipping-taxable","15":"purchasable","16":"product-type-variable"},"acf":[],"aioseo_notices":[],"_links":{"self":[{"href":"https:\/\/ritosa.click.si\/hr\/wp-json\/wp\/v2\/product\/13799","targetHints":{"allow":["GET"]}}],"collection":[{"href":"https:\/\/ritosa.click.si\/hr\/wp-json\/wp\/v2\/product"}],"about":[{"href":"https:\/\/ritosa.click.si\/hr\/wp-json\/wp\/v2\/types\/product"}],"wp:featuredmedia":[{"embeddable":true,"href":"https:\/\/ritosa.click.si\/hr\/wp-json\/wp\/v2\/media\/21863"}],"wp:attachment":[{"href":"https:\/\/ritosa.click.si\/hr\/wp-json\/wp\/v2\/media?parent=13799"}],"wp:term":[{"taxonomy":"product_brand","embeddable":true,"href":"https:\/\/ritosa.click.si\/hr\/wp-json\/wp\/v2\/product_brand?post=13799"},{"taxonomy":"product_cat","embeddable":true,"href":"https:\/\/ritosa.click.si\/hr\/wp-json\/wp\/v2\/product_cat?post=13799"},{"taxonomy":"product_tag","embeddable":true,"href":"https:\/\/ritosa.click.si\/hr\/wp-json\/wp\/v2\/product_tag?post=13799"}],"curies":[{"name":"radni list","href":"https:\/\/api.w.org\/{rel}","templated":true}]}}