{"id":13791,"date":"2025-03-02T13:05:52","date_gmt":"2025-03-02T13:05:52","guid":{"rendered":"https:\/\/ritosa.click.si\/?post_type=product&#038;p=13791"},"modified":"2026-03-18T14:17:15","modified_gmt":"2026-03-18T13:17:15","slug":"cube-attention-pro-2025","status":"publish","type":"product","link":"https:\/\/ritosa.click.si\/hr\/ducan\/biciklizam\/kotaci\/gorska-kolesa\/zenska-gorska-kolesa\/cube-attention-pro-2025\/","title":{"rendered":"CUBE ATTENTION PRO"},"content":{"rendered":"<p><strong>CUBE ATTENTION PRO<\/strong><\/p>\n<p><strong>Cube Pa\u017enja<\/strong> Svoj elegantan izgled duguje <strong>glatki zavareni spoj<\/strong>\u00a0Cijev glave i cijev sjedala. Ima <strong>unutarnje usmjeravanje kabela<\/strong>, \u0161to osigurava <strong>dugotrajan rad i jednostavno odr\u017eavanje<\/strong>. <strong>Pa\u017eljivo skrivene zagrade<\/strong> jer prtlja\u017enik i blatobrani dopu\u0161taju <strong>brza, jednostavna i elegantna transformacija<\/strong>, \u0161to \u010dini bicikl <strong>idealno za du\u017ea putovanja ili vikend putovanja<\/strong>.<\/p>\n<p><strong>A\u017eurirana geometrija<\/strong> uklju\u010duje <strong>donja gornja cijev i su\u017eena glavna cijev<\/strong> za <strong>sigurniji rad<\/strong>, a istovremeno nudi i <strong>dovoljno prostora za \u0161iroke, prianjaju\u0107e i udobne gume od 2,25 in\u010da<\/strong>. Cube sustav <strong>SizeSplit<\/strong> nudi pro\u0161ireni raspon veli\u010dina, \u0161to zna\u010di da <strong>Bez obzira na va\u0161u visinu, postoji Attention koji vam savr\u0161eno odgovara.<\/strong>.<\/p>\n<p>Kako se va\u0161e vje\u0161tine pobolj\u0161avaju, <strong>ima mjesta za nadogradnje<\/strong>, kakav jest <strong>dodavanje uvla\u010dive cijevi sjedala za jo\u0161 aktivniju i udobniju vo\u017enju u svakom trenutku<\/strong>.<\/p>\n<p><em>Maksimalna nosivost (uklju\u010duju\u0107i te\u017einu bicikla): 140 kg<\/em><\/p>\n<p><em>Podjela veli\u010dine:<\/em><\/p>\n<ul>\n<li><em>27,5\u2033: XS, S<\/em><\/li>\n<li><em>29\u2033: M, L, XL, XXL<\/em><\/li>\n<\/ul>\n<h3><strong>Specifikacije<\/strong><\/h3>\n<ul>\n<li><strong>Okvir<\/strong>Aluminum Lite, AMF, dvostruko butted, unutarnje vo\u0111enje sajli, su\u017eena glav\u010dina vilica, ravna ko\u010dnica, SIC nosa\u010d, FM nosa\u010d za nogu<\/li>\n<li><strong>Vilica<\/strong>SR Suntour X1-32, 15x110mm, 100mm, RL<\/li>\n<li><strong>Le\u017eaj vilice<\/strong>CUBE FPH868, poluintegrirani<\/li>\n<li><strong>Nosa\u010d upravlja\u010da<\/strong>CUBE Performance stem, 31,8 mm<\/li>\n<li><strong>Volan<\/strong>CUBE Rise Trail volan, 680 mm<\/li>\n<li><strong>Volan \/ Traka za volan<\/strong>Ikona KISELINE<\/li>\n<li><strong>Stra\u017enji mjenja\u010d<\/strong>Shimano Deore RD-M6100-SGS, ShadowPlus, 12 brzina<\/li>\n<li><strong>Ru\u010dice mjenja\u010da<\/strong>Shimano Deore SL-M6100, Rapidfire-Plus<\/li>\n<li><strong>Ko\u010dnice<\/strong>Shimano BR-MT200\/UR300, hidrauli\u010dne disk ko\u010dnice, PM\/FM (160\/180)<\/li>\n<li><strong>Pogonska osovina<\/strong>Prowheel BSA PW-MB68<\/li>\n<li><strong>Voza\u010d<\/strong>ACID MTB Pro, 32T<\/li>\n<li><strong>Pedale<\/strong>CUBE PP MTB<\/li>\n<li><strong>Lanac<\/strong>KMC X12<\/li>\n<li><strong>Kaseta<\/strong>Shimano Deore CS-M6100, 10-51T<\/li>\n<li><strong>Prednja glav\u010dina<\/strong>Shimano HB-TC500, QR, Centerlock<\/li>\n<li><strong>Stra\u017enja glav\u010dina<\/strong>Shimano FH-QC500-MS, QR, Centerlock<\/li>\n<li><strong>Naplatci \/ Kota\u010di<\/strong>CUBE EX25, 32H, disk, spremni za tubeless<\/li>\n<li><strong>Vanjske gume<\/strong>Schwalbe Smart Sam, ActivL, 2.25<\/li>\n<li><strong>Sjedalo<\/strong>ACID Vijenac Lite<\/li>\n<li><strong>Potpora sjedala<\/strong>CUBE Performance stup, 27,2 mm<\/li>\n<li><strong>Te\u017eina<\/strong>: <strong>14,7 kg<\/strong><\/li>\n<\/ul>","protected":false},"excerpt":{"rendered":"<p>Cube Attention Pro metalnozeleni &#039;n&#039; bijeli kota\u010d<\/p>","protected":false},"featured_media":13793,"template":"","meta":{"_acf_changed":false,"inline_featured_image":false,"_monsterinsights_skip_tracking":false,"_monsterinsights_sitenote_active":false,"_monsterinsights_sitenote_note":"","_monsterinsights_sitenote_category":0},"product_brand":[1192],"product_cat":[488,572],"product_tag":[],"class_list":{"0":"post-13791","1":"product","2":"type-product","3":"status-publish","4":"has-post-thumbnail","6":"product_brand-cube","7":"product_cat-gorska-kolesa","8":"product_cat-zenska-gorska-kolesa","9":"pa_velikost-l","11":"first","12":"instock","13":"sale","14":"taxable","15":"shipping-taxable","16":"purchasable","17":"product-type-variable"},"acf":[],"aioseo_notices":[],"_links":{"self":[{"href":"https:\/\/ritosa.click.si\/hr\/wp-json\/wp\/v2\/product\/13791","targetHints":{"allow":["GET"]}}],"collection":[{"href":"https:\/\/ritosa.click.si\/hr\/wp-json\/wp\/v2\/product"}],"about":[{"href":"https:\/\/ritosa.click.si\/hr\/wp-json\/wp\/v2\/types\/product"}],"wp:featuredmedia":[{"embeddable":true,"href":"https:\/\/ritosa.click.si\/hr\/wp-json\/wp\/v2\/media\/13793"}],"wp:attachment":[{"href":"https:\/\/ritosa.click.si\/hr\/wp-json\/wp\/v2\/media?parent=13791"}],"wp:term":[{"taxonomy":"product_brand","embeddable":true,"href":"https:\/\/ritosa.click.si\/hr\/wp-json\/wp\/v2\/product_brand?post=13791"},{"taxonomy":"product_cat","embeddable":true,"href":"https:\/\/ritosa.click.si\/hr\/wp-json\/wp\/v2\/product_cat?post=13791"},{"taxonomy":"product_tag","embeddable":true,"href":"https:\/\/ritosa.click.si\/hr\/wp-json\/wp\/v2\/product_tag?post=13791"}],"curies":[{"name":"radni list","href":"https:\/\/api.w.org\/{rel}","templated":true}]}}