{"id":13757,"date":"2025-02-28T14:05:30","date_gmt":"2025-02-28T14:05:30","guid":{"rendered":"https:\/\/ritosa.click.si\/?post_type=product&#038;p=13757"},"modified":"2026-03-23T22:26:31","modified_gmt":"2026-03-23T21:26:31","slug":"ensko-mestno-kolo-28-andromeda-6p","status":"publish","type":"product","link":"https:\/\/ritosa.click.si\/hr\/ducan\/biciklizam\/kotaci\/mestna-kolesa\/ensko-mestno-kolo-28-andromeda-6p\/","title":{"rendered":"\u017denski gradski bicikl 28\u2033 Andromeda \u2013 6p"},"content":{"rendered":"<p><strong>\u017dena<\/strong><strong> meso<\/strong><strong>Da<\/strong> <strong>bicikl\u00a0<\/strong><strong>28\u2033 Andromeda<\/strong><strong> \u2013<\/strong><strong> 6<\/strong><strong> pritisnite<\/strong><strong>tav<\/strong><\/p>\n<ul>\n<li><strong>DIMENZIJE:<\/strong>\u00a043 \u2013 46 cm<\/li>\n<li><strong>OKVIR:<\/strong> Aluminij<\/li>\n<li><strong>VILICA:<\/strong> Hi-ten<\/li>\n<li><strong>KO\u010cNICE:<\/strong> Aluminijske V-ko\u010dnice<\/li>\n<li><strong>RU\u010cICE KO\u010cNICA:<\/strong> Aluminij<\/li>\n<li><strong>PRSTENI:<\/strong> Aluminij, dvostruka stijenka<\/li>\n<li><strong>PRIJENOS:<\/strong> Shimano TY300<\/li>\n<li><strong>PREDNJI MJENJA\u010c:<\/strong> Shimano TY300<\/li>\n<li><strong>RU\u010cICE MJENJA\u010cA:<\/strong> Shimano Revoshift<\/li>\n<li><strong>UPRAVLJANJE:<\/strong> Hi-ten<\/li>\n<li><strong>NOSA\u010c UPRAVLJA\u010cA:<\/strong> Aluminij<\/li>\n<li><strong>PODR\u0160KA SJEDALA:<\/strong> Aluminij<\/li>\n<li><strong>KASETA:<\/strong> Shimano, 6 brzina<\/li>\n<li><strong>VOZA\u010c:<\/strong> Aluminij, jednostruki<\/li>\n<li><strong>PRIBOR:<\/strong> Svjetla, postolje, nosa\u010d za prtljagu, nosa\u010d ko\u0161are<\/li>\n<li><strong>GUME:<\/strong> 700x35c<\/li>\n<li><strong>TE\u017dINA:<\/strong> 15 kg<\/li>\n<\/ul>\n<p>Slika je simboli\u010dna (sjedalo i upravlja\u010d u prljavo bijeloj boji - uskla\u0111eni s gumama).<\/p>","protected":false},"excerpt":{"rendered":"<p>\u017denski gradski bicikl 28\u2033 Andromeda \u2013 6 brzina<\/p>","protected":false},"featured_media":13758,"template":"","meta":{"_acf_changed":false,"inline_featured_image":false,"_monsterinsights_skip_tracking":false,"_monsterinsights_sitenote_active":false,"_monsterinsights_sitenote_note":"","_monsterinsights_sitenote_category":0},"product_brand":[681],"product_cat":[500],"product_tag":[1199],"class_list":{"0":"post-13757","1":"product","2":"type-product","3":"status-publish","4":"has-post-thumbnail","6":"product_brand-speedcross","7":"product_cat-mestna-kolesa","8":"product_tag-zenske","10":"first","11":"onbackorder","12":"taxable","13":"shipping-taxable","14":"purchasable","15":"product-type-simple"},"acf":[],"aioseo_notices":[],"_links":{"self":[{"href":"https:\/\/ritosa.click.si\/hr\/wp-json\/wp\/v2\/product\/13757","targetHints":{"allow":["GET"]}}],"collection":[{"href":"https:\/\/ritosa.click.si\/hr\/wp-json\/wp\/v2\/product"}],"about":[{"href":"https:\/\/ritosa.click.si\/hr\/wp-json\/wp\/v2\/types\/product"}],"wp:featuredmedia":[{"embeddable":true,"href":"https:\/\/ritosa.click.si\/hr\/wp-json\/wp\/v2\/media\/13758"}],"wp:attachment":[{"href":"https:\/\/ritosa.click.si\/hr\/wp-json\/wp\/v2\/media?parent=13757"}],"wp:term":[{"taxonomy":"product_brand","embeddable":true,"href":"https:\/\/ritosa.click.si\/hr\/wp-json\/wp\/v2\/product_brand?post=13757"},{"taxonomy":"product_cat","embeddable":true,"href":"https:\/\/ritosa.click.si\/hr\/wp-json\/wp\/v2\/product_cat?post=13757"},{"taxonomy":"product_tag","embeddable":true,"href":"https:\/\/ritosa.click.si\/hr\/wp-json\/wp\/v2\/product_tag?post=13757"}],"curies":[{"name":"radni list","href":"https:\/\/api.w.org\/{rel}","templated":true}]}}