{"id":13626,"date":"2025-01-07T10:41:08","date_gmt":"2025-01-07T10:41:08","guid":{"rendered":"https:\/\/ritosa.click.si\/?post_type=product&#038;p=13626"},"modified":"2026-03-06T08:23:44","modified_gmt":"2026-03-06T07:23:44","slug":"elan-primetime-55-fx-2025","status":"publish","type":"product","link":"https:\/\/ritosa.click.si\/hr\/ducan\/skijanje\/skije\/muske-skije\/elan-primetime-55-fx-2025\/","title":{"rendered":"Elan PRIMETIME 55+ FX"},"content":{"rendered":"<div class=\"product-info-secondary__column\">\n<div class=\"product attribute overview\">\n<div class=\"value\">\n<p>Primetime 55+ nudi snagu i pobolj\u0161anu kontrolu na rubniku. Izgra\u0111en je na \u0161iroj platformi koja nudi prostranu i uzbudljivu vo\u017enju.<\/p>\n<\/div>\n<\/div>\n<div class=\"product attribute description\">\n<div class=\"value\">\n<p>Skije Primetime 55+ pru\u017eaju performanse rezanja luka na ne\u0161to \u0161iroj platformi (74 mm) koja pru\u017ea potporu i ravnote\u017eu, a istovremeno odr\u017eavaju agilnost zahvaljuju\u0107i kra\u0107em radijusu. Dizajnirane su s PowerMatch tehnologijom, koja prilago\u0111ava konstrukciju skije na\u010dinu na koji skija\u0161i optere\u0107uju rubove, a istovremeno omogu\u0107uje besprijekoran prijenos snage. Profil Amphibio pobolj\u0161an je drvenom jezgrom dvostruke gusto\u0107e temeljenom na tvr\u0111em drvu. Deblji profil du\u017e unutarnjeg ruba i tanji profil s lak\u0161im drvom du\u017e vanjskih rubova pru\u017eaju savr\u0161enu koli\u010dinu snage, stabilnosti i responzivnosti uz intuitivno manevriranje i glatko pra\u0107enje. Sloj dvostrukog titanala smje\u0161ten du\u017e unutarnjeg ruba pru\u017ea dodatnu potporu. A novi sustav veza Fusion X, s podignutim prednjim krajem, pru\u017ea nagla\u0161en osje\u0107aj fleksibilnosti i bolju ravnote\u017eu. Ove su skije dizajnirane za skija\u0161e koji tra\u017ee uzbudljive performanse na ne\u0161to \u0161irim skijama.<\/p>\n<\/div>\n<\/div>\n<\/div>\n<div class=\"pdp-attributes__accordion mage-accordion-disabled\">\n<div class=\"pdp-attributes__collapsible allow active\">\n<div class=\"pdp-attributes__content\">\n<div class=\"pdp-attributes__sustainability\">\n<ul class=\"checkmark\">\n<li>\u0160ira platforma pru\u017ea ve\u0107u podr\u0161ku<\/li>\n<li>Iznimna odzivnost<\/li>\n<li>Najprecizniji rubovi<\/li>\n<li>Za skija\u0161e srednjeg nivoa<\/li>\n<\/ul>\n<\/div>\n<\/div>\n<\/div>\n<\/div>\n<div class=\"product attribute description\">\n<div class=\"value\">\n<div class=\"pdp-attributes__trigger\">\n<h3 class=\"pdp-attributes__title\">TABLICA VELI\u010cINA<\/h3>\n<\/div>\n<div class=\"pdp-attributes__content\">\n<table class=\"pdp-attributes__size-guide\">\n<thead>\n<tr>\n<th>Visina skija\u0161a<\/th>\n<th>Duljina skija<\/th>\n<\/tr>\n<\/thead>\n<tbody>\n<tr>\n<td>144 \u2013 154 cm<\/td>\n<td>144<\/td>\n<\/tr>\n<tr>\n<td>151 \u2013 161 cm<\/td>\n<td>151<\/td>\n<\/tr>\n<tr>\n<td>158 \u2013 168 cm<\/td>\n<td>158<\/td>\n<\/tr>\n<tr>\n<td>165 \u2013 175 cm<\/td>\n<td>165<\/td>\n<\/tr>\n<tr>\n<td>172 \u2013 182 cm<\/td>\n<td>172<\/td>\n<\/tr>\n<tr>\n<td>179 \u2013 189 cm<\/td>\n<td>179<\/td>\n<\/tr>\n<\/tbody>\n<\/table>\n<\/div>\n<div class=\"pdp-attributes__content\">\n<h3>TEHNI\u010cKE INFORMACIJE<\/h3>\n<table>\n<tbody>\n<tr>\n<td><\/td>\n<td>144 cm<\/td>\n<td>151 cm<\/td>\n<td>158 cm<\/td>\n<td>165 cm<\/td>\n<td>172 cm<\/td>\n<td>179 cm<\/td>\n<\/tr>\n<tr>\n<td>Radij<\/td>\n<td>9.3<\/td>\n<td>10.4<\/td>\n<td>11.5<\/td>\n<td>12.8<\/td>\n<td>14<\/td>\n<td>15.3<\/td>\n<\/tr>\n<tr>\n<td>\u0160irina vrha skije<\/td>\n<td>130<\/td>\n<td>130<\/td>\n<td>130<\/td>\n<td>130<\/td>\n<td>130<\/td>\n<td>130<\/td>\n<\/tr>\n<tr>\n<td>\u0160irina sredine skije<\/td>\n<td>74<\/td>\n<td>74<\/td>\n<td>74<\/td>\n<td>74<\/td>\n<td>74<\/td>\n<td>74<\/td>\n<\/tr>\n<tr>\n<td>\u0160irina repa skije<\/td>\n<td>111<\/td>\n<td>111<\/td>\n<td>111<\/td>\n<td>111<\/td>\n<td>111<\/td>\n<td>111<\/td>\n<\/tr>\n<\/tbody>\n<\/table>\n<h3>DETALJI<\/h3>\n<table>\n<tbody>\n<tr>\n<td>Kodirati<\/td>\n<td>ABBKJW23<\/td>\n<\/tr>\n<tr>\n<td>Veza<\/td>\n<td>EMX 12.0 GW Fusion X CRNA\/SILNA<\/td>\n<\/tr>\n<tr>\n<td>Duljina\/Radij<\/td>\n<td>172 (14.0)<\/td>\n<\/tr>\n<tr>\n<td>Sustav<\/td>\n<td>Fusion X<\/td>\n<\/tr>\n<tr>\n<td>Profil<\/td>\n<td>Amphibio<\/td>\n<\/tr>\n<tr>\n<td>Din<\/td>\n<td>3,5 \u2013 12<\/td>\n<\/tr>\n<tr>\n<td>Tehnologija<\/td>\n<td>Brza klizna baza, Dual Ti, drvena jezgra dvostruke gusto\u0107e, Power Match tehnologija, RST bo\u010dna stijenka<\/td>\n<\/tr>\n<\/tbody>\n<\/table>\n<\/div>\n<\/div>\n<\/div>","protected":false},"excerpt":{"rendered":"<p>Elan PRIMETIME 55+ Fusion X EMX 12.0<\/p>\n<p>Primetime 55+ nudi snagu i pobolj\u0161anu kontrolu na rubniku. Izgra\u0111en je na \u0161iroj platformi koja nudi prostranu i uzbudljivu vo\u017enju.<\/p>","protected":false},"featured_media":13628,"template":"","meta":{"_acf_changed":false,"inline_featured_image":false,"_monsterinsights_skip_tracking":false,"_monsterinsights_sitenote_active":false,"_monsterinsights_sitenote_note":"","_monsterinsights_sitenote_category":0},"product_brand":[677],"product_cat":[508],"product_tag":[],"class_list":{"0":"post-13626","1":"product","2":"type-product","3":"status-publish","4":"has-post-thumbnail","6":"product_brand-elan","7":"product_cat-moske-smuci","8":"pa_velikost-2221","10":"first","11":"instock","12":"sale","13":"taxable","14":"shipping-taxable","15":"purchasable","16":"product-type-variable"},"acf":[],"aioseo_notices":[],"_links":{"self":[{"href":"https:\/\/ritosa.click.si\/hr\/wp-json\/wp\/v2\/product\/13626","targetHints":{"allow":["GET"]}}],"collection":[{"href":"https:\/\/ritosa.click.si\/hr\/wp-json\/wp\/v2\/product"}],"about":[{"href":"https:\/\/ritosa.click.si\/hr\/wp-json\/wp\/v2\/types\/product"}],"wp:featuredmedia":[{"embeddable":true,"href":"https:\/\/ritosa.click.si\/hr\/wp-json\/wp\/v2\/media\/13628"}],"wp:attachment":[{"href":"https:\/\/ritosa.click.si\/hr\/wp-json\/wp\/v2\/media?parent=13626"}],"wp:term":[{"taxonomy":"product_brand","embeddable":true,"href":"https:\/\/ritosa.click.si\/hr\/wp-json\/wp\/v2\/product_brand?post=13626"},{"taxonomy":"product_cat","embeddable":true,"href":"https:\/\/ritosa.click.si\/hr\/wp-json\/wp\/v2\/product_cat?post=13626"},{"taxonomy":"product_tag","embeddable":true,"href":"https:\/\/ritosa.click.si\/hr\/wp-json\/wp\/v2\/product_tag?post=13626"}],"curies":[{"name":"radni list","href":"https:\/\/api.w.org\/{rel}","templated":true}]}}